{"id":25591,"date":"2021-08-10T16:09:00","date_gmt":"2021-08-10T15:09:00","guid":{"rendered":"https:\/\/www.cm-evora.pt\/?page_id=25591"},"modified":"2025-01-09T11:06:38","modified_gmt":"2025-01-09T11:06:38","slug":"o-que-pode-encontrar-no-associativismo-desportivo","status":"publish","type":"page","link":"https:\/\/www.cm-evora.pt\/en\/municipe\/areas-de-acao\/desporto-e-lazer\/associativismo-desportivo\/o-que-pode-encontrar-no-associativismo-desportivo\/","title":{"rendered":"O que pode encontrar no Associativismo Desportivo"},"content":{"rendered":"<p>Aqui pode encontrar informa\u00e7\u00f5es relativas a:<\/p>\n<ul>\n<li style=\"list-style-type: none\">\n<ul>\n<li><a href=\"https:\/\/www.cm-evora.pt\/municipe\/areas-de-acao\/desporto-e-lazer\/associativismo-desportivo\/agentes-desportivos\/\" target=\"_blank\" rel=\"noopener\">Agentes Desportivos do Concelho de \u00c9vora, contactos, locais entre outros<\/a>;<\/li>\n<li><a href=\"https:\/\/www.cm-evora.pt\/municipe\/areas-de-acao\/desporto-e-lazer\/associativismo-desportivo\/estatisticas\/\" target=\"_blank\" rel=\"noopener\">Alguns dados estat\u00edsticos sobre associativismo desportivo no concelho de \u00c9vora<\/a>;<\/li>\n<li><a href=\"https:\/\/www.cm-evora.pt\/municipe\/areas-de-acao\/desporto-e-lazer\/associativismo-desportivo\/leis-e-regulamentos\/\" target=\"_blank\" rel=\"noopener\">Leis Gerais do Desporto, aos regulamentos municipais relacionado com desporto<\/a>;<\/li>\n<li><a href=\"https:\/\/www.cm-evora.pt\/municipe\/areas-de-acao\/desporto-e-lazer\/associativismo-desportivo\/publicacao-c-pdd-contrato-programa\/\" target=\"_blank\" rel=\"noopener\">Publica\u00e7\u00e3o dos contratos de desenvolvimento desportivo entre a CME e os agentes desportivos<\/a>;<\/li>\n<li><a href=\"https:\/\/www.cm-evora.pt\/municipe\/areas-de-acao\/desporto-e-lazer\/associativismo-desportivo\/formularios-de-desporto\/\" target=\"_blank\" rel=\"noopener\">Formul\u00e1rios municipais relativos ao apoio \u00e0 atividade desportiva<\/a>;<\/li>\n<li>Outros.<\/li>\n<\/ul>\n<\/li>\n<\/ul>\n<p>&nbsp;<\/p>\n","protected":false},"excerpt":{"rendered":"<p>Aqui pode encontrar informa\u00e7\u00f5es relativas a: Agentes Desportivos do Concelho de \u00c9vora, contactos, locais entre outros; Alguns dados estat\u00edsticos sobre associativismo desportivo no concelho de \u00c9vora; Leis Gerais do Desporto, aos regulamentos municipais relacionado com desporto; Publica\u00e7\u00e3o dos contratos de desenvolvimento desportivo entre a CME e os agentes desportivos; Formul\u00e1rios municipais relativos ao apoio \u00e0 [&hellip;]<\/p>\n","protected":false},"author":45,"featured_media":0,"parent":15678,"menu_order":0,"comment_status":"closed","ping_status":"closed","template":"templates-map\/component-text-layout1.php","meta":{"_acf_changed":false,"footnotes":""},"categories":[],"class_list":["post-25591","page","type-page","status-publish","hentry"],"acf":{"imagens":"","titulo_docs_seccao":"","documentos":""},"_links":{"self":[{"href":"https:\/\/www.cm-evora.pt\/en\/wp-json\/wp\/v2\/pages\/25591","targetHints":{"allow":["GET"]}}],"collection":[{"href":"https:\/\/www.cm-evora.pt\/en\/wp-json\/wp\/v2\/pages"}],"about":[{"href":"https:\/\/www.cm-evora.pt\/en\/wp-json\/wp\/v2\/types\/page"}],"author":[{"embeddable":true,"href":"https:\/\/www.cm-evora.pt\/en\/wp-json\/wp\/v2\/users\/45"}],"replies":[{"embeddable":true,"href":"https:\/\/www.cm-evora.pt\/en\/wp-json\/wp\/v2\/comments?post=25591"}],"version-history":[{"count":8,"href":"https:\/\/www.cm-evora.pt\/en\/wp-json\/wp\/v2\/pages\/25591\/revisions"}],"predecessor-version":[{"id":69897,"href":"https:\/\/www.cm-evora.pt\/en\/wp-json\/wp\/v2\/pages\/25591\/revisions\/69897"}],"up":[{"embeddable":true,"href":"https:\/\/www.cm-evora.pt\/en\/wp-json\/wp\/v2\/pages\/15678"}],"wp:attachment":[{"href":"https:\/\/www.cm-evora.pt\/en\/wp-json\/wp\/v2\/media?parent=25591"}],"wp:term":[{"taxonomy":"category","embeddable":true,"href":"https:\/\/www.cm-evora.pt\/en\/wp-json\/wp\/v2\/categories?post=25591"}],"curies":[{"name":"wp","href":"https:\/\/api.w.org\/{rel}","templated":true}]}}