{"id":25599,"date":"2021-08-11T11:02:47","date_gmt":"2021-08-11T10:02:47","guid":{"rendered":"https:\/\/www.cm-evora.pt\/?page_id=25599"},"modified":"2024-07-15T09:05:38","modified_gmt":"2024-07-15T08:05:38","slug":"o-que-pode-encontrar-no-assoc-jovem","status":"publish","type":"page","link":"https:\/\/www.cm-evora.pt\/en\/municipe\/areas-de-acao\/juventude\/associativismo-jovem\/o-que-pode-encontrar-no-assoc-jovem\/","title":{"rendered":"O que pode encontrar no Associativismo Jovem"},"content":{"rendered":"<p class=\"qtranxs-available-languages-message qtranxs-available-languages-message-en\">Sorry, this entry is only available in <a href=\"https:\/\/www.cm-evora.pt\/pt\/wp-json\/wp\/v2\/pages\/25599\" class=\"qtranxs-available-language-link qtranxs-available-language-link-pt\" title=\"Portugu\u00eas\">Portugu\u00eas<\/a>.<\/p><p>Aqui pode encontrar informa\u00e7\u00f5es relativas a:<\/p>\n<ul>\n<li style=\"list-style-type: none\">\n<ul>\n<li><a href=\"https:\/\/www.cm-evora.pt\/municipe\/areas-de-acao\/juventude\/associativismo-jovem\/associacoes-juvenis-do-concelho-de-evora\/\" target=\"_blank\" rel=\"noopener\">Associa\u00e7\u00f5es Juvenis do Concelho de \u00c9vora<\/a>;<\/li>\n<li><a href=\"https:\/\/www.cm-evora.pt\/municipe\/areas-de-acao\/juventude\/associativismo-jovem\/programas-de-apoio\/\" target=\"_blank\" rel=\"noopener\">Programas de Apoio Nacionais<\/a>;<\/li>\n<li><a href=\"https:\/\/www.cm-evora.pt\/municipe\/areas-de-acao\/juventude\/associativismo-jovem\/leis-e-regulamentos\/\" target=\"_blank\" rel=\"noopener\">Leis e Regulamentos<\/a>;<\/li>\n<li><a href=\"https:\/\/www.cm-evora.pt\/municipe\/areas-de-acao\/juventude\/associativismo-jovem\/formularios-juvenil\/\" target=\"_blank\" rel=\"noopener\">Os formul\u00e1rios municipais relativos ao apoio \u00e0 atividade das Associa\u00e7\u00f5es Juvenis<\/a>;<\/li>\n<li><a href=\"https:\/\/www.cm-evora.pt\/municipe\/areas-de-acao\/juventude\/associativismo-jovem\/protocolos-com-associacoes-juvenis\/\">Protocolos com Associa\u00e7\u00f5es Juvenis<\/a>;<\/li>\n<li>Outros.<\/li>\n<\/ul>\n<\/li>\n<\/ul>\n<p><\/p>","protected":false},"excerpt":{"rendered":"<p>Sorry, this entry is only available in Portugu\u00eas.Aqui pode encontrar informa\u00e7\u00f5es relativas a: Associa\u00e7\u00f5es Juvenis do Concelho de \u00c9vora; Programas de Apoio Nacionais; Leis e Regulamentos; Os formul\u00e1rios municipais relativos ao apoio \u00e0 atividade das Associa\u00e7\u00f5es Juvenis; Protocolos com Associa\u00e7\u00f5es Juvenis; Outros.<\/p>\n","protected":false},"author":45,"featured_media":0,"parent":15680,"menu_order":0,"comment_status":"closed","ping_status":"closed","template":"templates-map\/component-text-layout1.php","meta":{"_acf_changed":false,"footnotes":""},"categories":[],"class_list":["post-25599","page","type-page","status-publish","hentry"],"acf":{"imagens":"","titulo_docs_seccao":"","documentos":""},"_links":{"self":[{"href":"https:\/\/www.cm-evora.pt\/en\/wp-json\/wp\/v2\/pages\/25599","targetHints":{"allow":["GET"]}}],"collection":[{"href":"https:\/\/www.cm-evora.pt\/en\/wp-json\/wp\/v2\/pages"}],"about":[{"href":"https:\/\/www.cm-evora.pt\/en\/wp-json\/wp\/v2\/types\/page"}],"author":[{"embeddable":true,"href":"https:\/\/www.cm-evora.pt\/en\/wp-json\/wp\/v2\/users\/45"}],"replies":[{"embeddable":true,"href":"https:\/\/www.cm-evora.pt\/en\/wp-json\/wp\/v2\/comments?post=25599"}],"version-history":[{"count":9,"href":"https:\/\/www.cm-evora.pt\/en\/wp-json\/wp\/v2\/pages\/25599\/revisions"}],"predecessor-version":[{"id":63876,"href":"https:\/\/www.cm-evora.pt\/en\/wp-json\/wp\/v2\/pages\/25599\/revisions\/63876"}],"up":[{"embeddable":true,"href":"https:\/\/www.cm-evora.pt\/en\/wp-json\/wp\/v2\/pages\/15680"}],"wp:attachment":[{"href":"https:\/\/www.cm-evora.pt\/en\/wp-json\/wp\/v2\/media?parent=25599"}],"wp:term":[{"taxonomy":"category","embeddable":true,"href":"https:\/\/www.cm-evora.pt\/en\/wp-json\/wp\/v2\/categories?post=25599"}],"curies":[{"name":"wp","href":"https:\/\/api.w.org\/{rel}","templated":true}]}}