{"id":25603,"date":"2021-08-11T11:36:34","date_gmt":"2021-08-11T10:36:34","guid":{"rendered":"https:\/\/www.cm-evora.pt\/?page_id=25603"},"modified":"2025-02-10T14:53:20","modified_gmt":"2025-02-10T14:53:20","slug":"o-que-pode-encontrar-no-desporto-e-lazer","status":"publish","type":"page","link":"https:\/\/www.cm-evora.pt\/en\/municipe\/areas-de-acao\/desporto-e-lazer\/o-que-pode-encontrar-no-desporto-e-lazer\/","title":{"rendered":"O que pode encontrar no Desporto e Lazer"},"content":{"rendered":"<p style=\"text-align: center\"><a href=\"https:\/\/www.cm-evora.pt\/wp-content\/uploads\/2022\/09\/banner_desporto.jpg\" target=\"_blank\" rel=\"noopener\"><img loading=\"lazy\" decoding=\"async\" class=\"alignnone wp-image-40961 size-full\" src=\"https:\/\/www.cm-evora.pt\/wp-content\/uploads\/2022\/09\/banner_desporto.jpg\" alt=\"\" width=\"1920\" height=\"1080\" srcset=\"https:\/\/www.cm-evora.pt\/wp-content\/uploads\/2022\/09\/banner_desporto.jpg 1920w, https:\/\/www.cm-evora.pt\/wp-content\/uploads\/2022\/09\/banner_desporto-300x169.jpg 300w, https:\/\/www.cm-evora.pt\/wp-content\/uploads\/2022\/09\/banner_desporto-1024x576.jpg 1024w, https:\/\/www.cm-evora.pt\/wp-content\/uploads\/2022\/09\/banner_desporto-768x432.jpg 768w, https:\/\/www.cm-evora.pt\/wp-content\/uploads\/2022\/09\/banner_desporto-1536x864.jpg 1536w, https:\/\/www.cm-evora.pt\/wp-content\/uploads\/2022\/09\/banner_desporto-1320x743.jpg 1320w\" sizes=\"auto, (max-width: 1920px) 100vw, 1920px\" \/><\/a><\/p>\n<p>&nbsp;<\/p>\n<p>Aqui pode encontrar informa\u00e7\u00f5es relativas a:<\/p>\n<ul>\n<li style=\"list-style-type: none\">\n<ul>\n<li><a href=\"https:\/\/www.cm-evora.pt\/municipe\/areas-de-acao\/desporto-e-lazer\/associativismo-desportivo\/o-que-pode-encontrar-no-associativismo-desportivo\/\" target=\"_blank\" rel=\"noopener\">Associativismo Desportivo<\/a>;<\/li>\n<li><a href=\"https:\/\/www.cm-evora.pt\/municipe\/areas-de-acao\/desporto-e-lazer\/programas-desportivos\/mexa-se\/\" target=\"_blank\" rel=\"noopener\">Programas Desportivos da CME<\/a>;<\/li>\n<li><a href=\"https:\/\/www.cm-evora.pt\/municipe\/areas-de-acao\/desporto-e-lazer\/etica-pelo-desporto\/\" target=\"_blank\" rel=\"noopener\">\u00c9tica pelo Desporto<\/a>;<\/li>\n<li><a href=\"https:\/\/www.cm-evora.pt\/municipe\/equipamentos\/equipamentos-desportivos\/\" target=\"_blank\" rel=\"noopener\">Instala\u00e7\u00f5es Desportivas<\/a>;<\/li>\n<li><a href=\"https:\/\/www.cm-evora.pt\/municipe\/areas-de-acao\/desporto-e-lazer\/desporto-para-pessoas-com-deficiencia-2\/\" target=\"_blank\" rel=\"noopener\">Desporto para pessoas com defici\u00eancia<\/a>;<\/li>\n<li><a href=\"https:\/\/www.cm-evora.pt\/municipe\/areas-de-acao\/desporto-e-lazer\/estudos-e-outros\/\" target=\"_blank\" rel=\"noopener\">Estudos, documentos e outros<\/a>;<\/li>\n<li><a href=\"https:\/\/www.snid.pt\/home\" target=\"_blank\" rel=\"noopener\">Sistema Nacional de Informa\u00e7\u00e3o Desportiva<\/a>;<\/li>\n<li><a href=\"https:\/\/www.cm-evora.pt\/municipe\/areas-de-acao\/desporto-e-lazer\/desporto\/\" target=\"_blank\" rel=\"noopener\">Outros<\/a>;<\/li>\n<li><a href=\"https:\/\/www.cm-evora.pt\/municipe\/equipamentos\/equipamentos-desportivos\/\" target=\"_blank\" rel=\"noopener\">Equipamentos Desportivos<\/a>.<\/li>\n<\/ul>\n<\/li>\n<\/ul>\n<p>&nbsp;<\/p>\n","protected":false},"excerpt":{"rendered":"<p>&nbsp; Aqui pode encontrar informa\u00e7\u00f5es relativas a: Associativismo Desportivo; Programas Desportivos da CME; \u00c9tica pelo Desporto; Instala\u00e7\u00f5es Desportivas; Desporto para pessoas com defici\u00eancia; Estudos, documentos e outros; Sistema Nacional de Informa\u00e7\u00e3o Desportiva; Outros; Equipamentos Desportivos. &nbsp;<\/p>\n","protected":false},"author":45,"featured_media":0,"parent":1502,"menu_order":0,"comment_status":"closed","ping_status":"closed","template":"templates-map\/component-text-layout1.php","meta":{"_acf_changed":false,"footnotes":""},"categories":[],"class_list":["post-25603","page","type-page","status-publish","hentry"],"acf":{"imagens":"","titulo_docs_seccao":"","documentos":""},"_links":{"self":[{"href":"https:\/\/www.cm-evora.pt\/en\/wp-json\/wp\/v2\/pages\/25603","targetHints":{"allow":["GET"]}}],"collection":[{"href":"https:\/\/www.cm-evora.pt\/en\/wp-json\/wp\/v2\/pages"}],"about":[{"href":"https:\/\/www.cm-evora.pt\/en\/wp-json\/wp\/v2\/types\/page"}],"author":[{"embeddable":true,"href":"https:\/\/www.cm-evora.pt\/en\/wp-json\/wp\/v2\/users\/45"}],"replies":[{"embeddable":true,"href":"https:\/\/www.cm-evora.pt\/en\/wp-json\/wp\/v2\/comments?post=25603"}],"version-history":[{"count":12,"href":"https:\/\/www.cm-evora.pt\/en\/wp-json\/wp\/v2\/pages\/25603\/revisions"}],"predecessor-version":[{"id":71039,"href":"https:\/\/www.cm-evora.pt\/en\/wp-json\/wp\/v2\/pages\/25603\/revisions\/71039"}],"up":[{"embeddable":true,"href":"https:\/\/www.cm-evora.pt\/en\/wp-json\/wp\/v2\/pages\/1502"}],"wp:attachment":[{"href":"https:\/\/www.cm-evora.pt\/en\/wp-json\/wp\/v2\/media?parent=25603"}],"wp:term":[{"taxonomy":"category","embeddable":true,"href":"https:\/\/www.cm-evora.pt\/en\/wp-json\/wp\/v2\/categories?post=25603"}],"curies":[{"name":"wp","href":"https:\/\/api.w.org\/{rel}","templated":true}]}}