{"id":25608,"date":"2021-08-11T12:20:44","date_gmt":"2021-08-11T11:20:44","guid":{"rendered":"https:\/\/www.cm-evora.pt\/?page_id=25608"},"modified":"2026-02-23T10:12:51","modified_gmt":"2026-02-23T10:12:51","slug":"o-que-pode-encontrar-na-juventude","status":"publish","type":"page","link":"https:\/\/www.cm-evora.pt\/en\/municipe\/areas-de-acao\/juventude\/o-que-pode-encontrar-na-juventude\/","title":{"rendered":"O que pode encontrar na Juventude"},"content":{"rendered":"<p><a href=\"https:\/\/www.cm-evora.pt\/wp-content\/uploads\/2022\/09\/banner_juventude.jpg\"><img loading=\"lazy\" decoding=\"async\" class=\"alignnone wp-image-40958 size-full\" src=\"https:\/\/www.cm-evora.pt\/wp-content\/uploads\/2022\/09\/banner_juventude.jpg\" alt=\"\" width=\"1920\" height=\"1080\" srcset=\"https:\/\/www.cm-evora.pt\/wp-content\/uploads\/2022\/09\/banner_juventude.jpg 1920w, https:\/\/www.cm-evora.pt\/wp-content\/uploads\/2022\/09\/banner_juventude-300x169.jpg 300w, https:\/\/www.cm-evora.pt\/wp-content\/uploads\/2022\/09\/banner_juventude-1024x576.jpg 1024w, https:\/\/www.cm-evora.pt\/wp-content\/uploads\/2022\/09\/banner_juventude-768x432.jpg 768w, https:\/\/www.cm-evora.pt\/wp-content\/uploads\/2022\/09\/banner_juventude-1536x864.jpg 1536w, https:\/\/www.cm-evora.pt\/wp-content\/uploads\/2022\/09\/banner_juventude-1320x743.jpg 1320w\" sizes=\"auto, (max-width: 1920px) 100vw, 1920px\" \/><\/a><\/p>\n<p>&nbsp;<\/p>\n<p>Aqui pode encontrar informa\u00e7\u00f5es relativas a:<\/p>\n<ul>\n<li style=\"list-style-type: none\">\n<ul>\n<li><a href=\"https:\/\/www.cm-evora.pt\/municipe\/areas-de-acao\/juventude\/associativismo-jovem\/o-que-pode-encontrar-no-assoc-jovem\/\" target=\"_blank\" rel=\"noopener\">Associativismo Jovem<\/a>;<\/li>\n<li><a href=\"https:\/\/www.cm-evora.pt\/municipe\/areas-de-acao\/juventude\/programas-e-iniciativaspara-a-juventude\/jovens-embaixadores-de-evora\/\" target=\"_blank\" rel=\"noopener\">Programas e Iniciativas para a Juventude<\/a>;<\/li>\n<li><a href=\"https:\/\/www.cm-evora.pt\/municipe\/areas-de-acao\/juventude\/instalacoes-da-juventude\/\" target=\"_blank\" rel=\"noopener\">Instala\u00e7\u00f5es Municipais para a Juventude<\/a>;<\/li>\n<li><a href=\"https:\/\/www.cm-evora.pt\/municipe\/areas-de-acao\/juventude\/conselho-municipal-de-juventude-de-evora-cmje\/\" target=\"_blank\" rel=\"noopener\">Conselho Municipal da Juventude<\/a>;<\/li>\n<li><a href=\"https:\/\/www.cm-evora.pt\/municipe\/areas-de-acao\/juventude\/plano-municipal-da-juventude-pmj\/\" target=\"_blank\" rel=\"noopener\">Plano Municipal da Juventude<\/a>;<\/li>\n<li>Outros.<\/li>\n<\/ul>\n<\/li>\n<\/ul>\n<p><\/p>","protected":false},"excerpt":{"rendered":"<p>&nbsp; Aqui pode encontrar informa\u00e7\u00f5es relativas a: Associativismo Jovem; Programas e Iniciativas para a Juventude; Instala\u00e7\u00f5es Municipais para a Juventude; Conselho Municipal da Juventude; Plano Municipal da Juventude; Outros.<\/p>\n","protected":false},"author":45,"featured_media":0,"parent":1508,"menu_order":0,"comment_status":"closed","ping_status":"closed","template":"templates-map\/component-text-layout1.php","meta":{"_acf_changed":false,"footnotes":""},"categories":[],"class_list":["post-25608","page","type-page","status-publish","hentry"],"acf":{"imagens":"","titulo_docs_seccao":"","documentos":""},"_links":{"self":[{"href":"https:\/\/www.cm-evora.pt\/en\/wp-json\/wp\/v2\/pages\/25608","targetHints":{"allow":["GET"]}}],"collection":[{"href":"https:\/\/www.cm-evora.pt\/en\/wp-json\/wp\/v2\/pages"}],"about":[{"href":"https:\/\/www.cm-evora.pt\/en\/wp-json\/wp\/v2\/types\/page"}],"author":[{"embeddable":true,"href":"https:\/\/www.cm-evora.pt\/en\/wp-json\/wp\/v2\/users\/45"}],"replies":[{"embeddable":true,"href":"https:\/\/www.cm-evora.pt\/en\/wp-json\/wp\/v2\/comments?post=25608"}],"version-history":[{"count":11,"href":"https:\/\/www.cm-evora.pt\/en\/wp-json\/wp\/v2\/pages\/25608\/revisions"}],"predecessor-version":[{"id":81876,"href":"https:\/\/www.cm-evora.pt\/en\/wp-json\/wp\/v2\/pages\/25608\/revisions\/81876"}],"up":[{"embeddable":true,"href":"https:\/\/www.cm-evora.pt\/en\/wp-json\/wp\/v2\/pages\/1508"}],"wp:attachment":[{"href":"https:\/\/www.cm-evora.pt\/en\/wp-json\/wp\/v2\/media?parent=25608"}],"wp:term":[{"taxonomy":"category","embeddable":true,"href":"https:\/\/www.cm-evora.pt\/en\/wp-json\/wp\/v2\/categories?post=25608"}],"curies":[{"name":"wp","href":"https:\/\/api.w.org\/{rel}","templated":true}]}}