{"id":25618,"date":"2021-08-11T14:55:46","date_gmt":"2021-08-11T13:55:46","guid":{"rendered":"https:\/\/www.cm-evora.pt\/?page_id=25618"},"modified":"2025-01-13T10:47:22","modified_gmt":"2025-01-13T10:47:22","slug":"projeto-vjovem","status":"publish","type":"page","link":"https:\/\/www.cm-evora.pt\/en\/municipe\/areas-de-acao\/juventude\/programas-e-iniciativaspara-a-juventude\/projeto-vjovem\/","title":{"rendered":"Projeto VJov"},"content":{"rendered":"<p style=\"text-align: center\"><a href=\"https:\/\/www.cm-evora.pt\/wp-content\/uploads\/2022\/08\/Banner_VJOVEM-05.jpg\" target=\"_blank\" rel=\"noopener\"><img loading=\"lazy\" decoding=\"async\" class=\"alignnone wp-image-39742 size-full\" src=\"https:\/\/www.cm-evora.pt\/wp-content\/uploads\/2022\/08\/Banner_VJOVEM-05.jpg\" alt=\"\" width=\"2530\" height=\"1001\" srcset=\"https:\/\/www.cm-evora.pt\/wp-content\/uploads\/2022\/08\/Banner_VJOVEM-05.jpg 2530w, https:\/\/www.cm-evora.pt\/wp-content\/uploads\/2022\/08\/Banner_VJOVEM-05-300x119.jpg 300w, https:\/\/www.cm-evora.pt\/wp-content\/uploads\/2022\/08\/Banner_VJOVEM-05-1024x405.jpg 1024w, https:\/\/www.cm-evora.pt\/wp-content\/uploads\/2022\/08\/Banner_VJOVEM-05-768x304.jpg 768w, https:\/\/www.cm-evora.pt\/wp-content\/uploads\/2022\/08\/Banner_VJOVEM-05-1536x608.jpg 1536w, https:\/\/www.cm-evora.pt\/wp-content\/uploads\/2022\/08\/Banner_VJOVEM-05-2048x810.jpg 2048w, https:\/\/www.cm-evora.pt\/wp-content\/uploads\/2022\/08\/Banner_VJOVEM-05-1320x522.jpg 1320w\" sizes=\"auto, (max-width: 2530px) 100vw, 2530px\" \/><\/a><\/p>\n<p>&nbsp;<\/p>\n<p>Com a cria\u00e7\u00e3o de <strong>Projecto Vjovem<\/strong> pretende a C\u00e2mara Municipal de \u00c9vora (CME), contribuir para a forma\u00e7\u00e3o integral dos jovens, estimulando valores como a Solidariedade, a Cidadania, a Participa\u00e7\u00e3o, bem como a ocupa\u00e7\u00e3o de tempos livres de forma saud\u00e1vel e \u00fatil, atrav\u00e9s da sua integra\u00e7\u00e3o em regime de voluntariado, em projetos e a\u00e7\u00f5es de utilidade social e comunit\u00e1ria, promovidos pela autarquia.<\/p>\n<p>Numa sociedade cada vez mais \u201cindividualista\u201d e centrada nela pr\u00f3pria, s\u00e3o os jovens pelo seu altru\u00edsmo e generosidade, que se constituem como agentes naturais e promotores de a\u00e7\u00f5es e projetos capazes de lutar eficazmente contra estas situa\u00e7\u00f5es.<\/p>\n<p>Ao participarem no <strong>Projecto Vjovem<\/strong>, os jovens ter\u00e3o acesso \u00e0 realidade do concelho, ficar\u00e3o mais perto da comunidade e das suas necessidades, vivenciar\u00e3o uma experi\u00eancia de elevado valor humano e simultaneamente entrar\u00e3o em contacto com o mundo do trabalho que exponenciar\u00e1 as suas compet\u00eancias e enriquecer\u00e1 significativamente os seus curr\u00edculos<strong>.<\/strong><\/p>\n<p>&nbsp;<\/p>\n<p>&nbsp;<\/p>\n<p><strong>Objetivos:<\/strong><\/p>\n<ul>\n<li style=\"list-style-type: none\">\n<ul>\n<li>Contribuir para o desenvolvimento pessoal dos jovens do concelho de \u00c9vora, facilitando e promovendo a sua socializa\u00e7\u00e3o e integra\u00e7\u00e3o.<\/li>\n<li>Permitir aos jovens o acesso \u00e0 realidade do concelho, ficando mais perto da comunidade e das suas necessidades.<\/li>\n<li>Incrementar as capacidades e qualifica\u00e7\u00f5es dos jovens e consequentemente o enriquecimento os seus curr\u00edculos.<\/li>\n<li>Estreitar e refor\u00e7ar os la\u00e7os entre a autarquia e os jovens do concelho.<\/li>\n<\/ul>\n<\/li>\n<\/ul>\n","protected":false},"excerpt":{"rendered":"<p>&nbsp; Com a cria\u00e7\u00e3o de Projecto Vjovem pretende a C\u00e2mara Municipal de \u00c9vora (CME), contribuir para a forma\u00e7\u00e3o integral dos jovens, estimulando valores como a Solidariedade, a Cidadania, a Participa\u00e7\u00e3o, bem como a ocupa\u00e7\u00e3o de tempos livres de forma saud\u00e1vel e \u00fatil, atrav\u00e9s da sua integra\u00e7\u00e3o em regime de voluntariado, em projetos e a\u00e7\u00f5es de [&hellip;]<\/p>\n","protected":false},"author":45,"featured_media":0,"parent":2511,"menu_order":6,"comment_status":"closed","ping_status":"closed","template":"templates-map\/component-text-layout1.php","meta":{"_acf_changed":false,"footnotes":""},"categories":[],"class_list":["post-25618","page","type-page","status-publish","hentry"],"acf":{"imagens":"","titulo_docs_seccao":"","documentos":[25631,65960,65957]},"_links":{"self":[{"href":"https:\/\/www.cm-evora.pt\/en\/wp-json\/wp\/v2\/pages\/25618","targetHints":{"allow":["GET"]}}],"collection":[{"href":"https:\/\/www.cm-evora.pt\/en\/wp-json\/wp\/v2\/pages"}],"about":[{"href":"https:\/\/www.cm-evora.pt\/en\/wp-json\/wp\/v2\/types\/page"}],"author":[{"embeddable":true,"href":"https:\/\/www.cm-evora.pt\/en\/wp-json\/wp\/v2\/users\/45"}],"replies":[{"embeddable":true,"href":"https:\/\/www.cm-evora.pt\/en\/wp-json\/wp\/v2\/comments?post=25618"}],"version-history":[{"count":14,"href":"https:\/\/www.cm-evora.pt\/en\/wp-json\/wp\/v2\/pages\/25618\/revisions"}],"predecessor-version":[{"id":69977,"href":"https:\/\/www.cm-evora.pt\/en\/wp-json\/wp\/v2\/pages\/25618\/revisions\/69977"}],"up":[{"embeddable":true,"href":"https:\/\/www.cm-evora.pt\/en\/wp-json\/wp\/v2\/pages\/2511"}],"acf:post":[{"embeddable":true,"href":"https:\/\/www.cm-evora.pt\/en\/wp-json\/wp\/v2\/listas_ficheiros\/65957"},{"embeddable":true,"href":"https:\/\/www.cm-evora.pt\/en\/wp-json\/wp\/v2\/listas_ficheiros\/65960"},{"embeddable":true,"href":"https:\/\/www.cm-evora.pt\/en\/wp-json\/wp\/v2\/listas_ficheiros\/25631"}],"wp:attachment":[{"href":"https:\/\/www.cm-evora.pt\/en\/wp-json\/wp\/v2\/media?parent=25618"}],"wp:term":[{"taxonomy":"category","embeddable":true,"href":"https:\/\/www.cm-evora.pt\/en\/wp-json\/wp\/v2\/categories?post=25618"}],"curies":[{"name":"wp","href":"https:\/\/api.w.org\/{rel}","templated":true}]}}