{"id":25619,"date":"2021-08-11T14:56:33","date_gmt":"2021-08-11T13:56:33","guid":{"rendered":"https:\/\/www.cm-evora.pt\/?page_id=25619"},"modified":"2026-02-05T20:28:37","modified_gmt":"2026-02-05T20:28:37","slug":"concurso-de-imagem-grafica","status":"publish","type":"page","link":"https:\/\/www.cm-evora.pt\/en\/municipe\/areas-de-acao\/juventude\/programas-e-iniciativaspara-a-juventude\/concurso-de-imagem-grafica\/","title":{"rendered":"Concurso de Imagem Gr\u00e1fica"},"content":{"rendered":"<p>A C\u00e2mara Municipal de \u00c9vora, no \u00e2mbito das Comemora\u00e7\u00f5es do M\u00eas da Juventude, promove anualmente um concurso destinado a premiar o melhor cartaz alusivo ao tema da efem\u00e9ride, \u201cM\u00eas da Juventude\u201d. O trabalho vencedor \u00e9 utilizado em todos os materiais de divulga\u00e7\u00e3o realizados no \u00e2mbito das referidas comemora\u00e7\u00f5es.<\/p>\n<p>O objetivo primordial \u00e9 o envolvimento dos jovens desde o in\u00edcio das Comemora\u00e7\u00f5es Mar\u00e7o Jovem e simultaneamente dar visibilidade a trabalhos na \u00e1rea do Design.<\/p>\n<p>&nbsp;<\/p>\n<p>Concurso de Imagem Gr\u00e1fica \u2013 \u201cM\u00eas da Juventude \u201c, existe desde 2008 e tem ao longo dos anos registado uma participa\u00e7\u00e3o cada vez em maior n\u00famero.<\/p>\n<p>Destina-se a todos os jovens com idades compreendidas entre os 16 e os 30 anos (inclusive), residentes no Concelho de \u00c9vora (ainda que temporariamente).<\/p>\n<p>O j\u00fari do concurso \u00e9 constitu\u00eddo pelos membros do Conselho Municipal da Juventude de \u00c9vora (CMJE), em reuni\u00e3o destinada ao efeito.<\/p>\n<p>&nbsp;<\/p>\n<h3 style=\"text-align: center\"><strong>Normas de Participa\u00e7\u00e3o<\/strong><\/h3>\n<ol>\n<li style=\"list-style-type: none\">\n<ol>\n<li>A C\u00e2mara Municipal de \u00c9vora, no \u00e2mbito das Comemora\u00e7\u00f5es do M\u00eas da Juventude, cria um concurso destinado a premiar o melhor cartaz alusivo ao tema da efem\u00e9ride, \u201cM\u00eas da Juventude \u2013 mar\u00e7o 2025\u201d. O trabalho vencedor ser\u00e1 utilizado em materiais de divulga\u00e7\u00e3o realizados no \u00e2mbito das referidas comemora\u00e7\u00f5es.<\/li>\n<li><strong>Destinat\u00e1rios<\/strong> \u2013 Todos os jovens com idades compreendidas entre os 16 e os 30 anos (inclusive), residentes no Concelho de \u00c9vora (ainda que temporariamente).<\/li>\n<li><strong>Entrega de trabalhos<\/strong> \u2013 Os trabalhos a concurso dever\u00e3o ser <strong>entregues at\u00e9 dia 10 de fevereiro<\/strong> de 2025, enviados para o e-mail <a href=\"mailto:palavraj@cm-evora.pt\" target=\"_blank\" rel=\"noopener\">palavraj@cm-evora.pt<\/a>.<\/li>\n<li><strong>Identifica\u00e7\u00e3o<\/strong> \u2013 Os trabalhos dever\u00e3o ser acompanhados dos seguintes dados: nome completo, data de nascimento, nacionalidade, morada e contacto telef\u00f3nico.<\/li>\n<li><strong>Restri\u00e7\u00f5es<\/strong> \u2013 Cada concorrente poder\u00e1 apresentar somente 1 trabalho.<\/li>\n<li><strong>Imagens<\/strong> \u2013 Para participar no concurso os trabalhos devem obedecer aos seguintes crit\u00e9rios:\n<ol>\n<li>Conte\u00fados \u2013 Ser\u00e3o aceites apenas artes gr\u00e1ficas in\u00e9ditas, quer sejam desenhadas pelo autor ou produto da montagem de outras imagens sem direitos reservados.<\/li>\n<li>Forma \u2013 Os trabalhos t\u00eam de ser entregues em formato, (.jpg), (.tiff) ou (.png). No caso da presen\u00e7a de texto, este deve ser escrito em L\u00edngua Portuguesa.<\/li>\n<li>Formato \u2013 Os trabalhos devem respeitar as propor\u00e7\u00f5es standard A3 (29,7x42cm ou 1980x1400px).<\/li>\n<\/ol>\n<\/li>\n<li><strong>J\u00fari<\/strong> \u2013 O j\u00fari do concurso ser\u00e1 constitu\u00eddo pelos membros do Conselho Municipal da Juventude de \u00c9vora (CMJE).<\/li>\n<li>Os crit\u00e9rios de aprecia\u00e7\u00e3o a utilizar pelo j\u00fari ser\u00e3o a criatividade e a adequa\u00e7\u00e3o ao tema \u2013 M\u00eas da Juventude.<\/li>\n<li><strong>Pr\u00e9mios<\/strong> \u2013 O pr\u00e9mio para o trabalho eleito ser\u00e1 no valor de 200\u20ac e ser\u00e1 atribu\u00eddo um certificado de participa\u00e7\u00e3o a todos os concorrentes.<\/li>\n<li><strong>Ced\u00eancia dos Direitos de Autor<\/strong>:\n<ol>\n<li>Os participantes concedem \u00e0 C\u00e2mara Municipal de \u00c9vora as faculdades de utiliza\u00e7\u00e3o, difus\u00e3o, comunica\u00e7\u00e3o e exibi\u00e7\u00e3o dos trabalhos, sendo sempre indicada a autoria do trabalho.<\/li>\n<li>O concorrente deve ser detentor dos direitos de autor dos trabalhos apresentados a concurso, que n\u00e3o devem ter sido publicados ou submetidos a concursos anteriores.<\/li>\n<li>As san\u00e7\u00f5es legais decorrentes do uso indevido de propriedade intelectual s\u00e3o da exclusiva responsabilidade do concorrente.<\/li>\n<\/ol>\n<\/li>\n<li>O j\u00fari reserva-se o direito de n\u00e3o atribuir os pr\u00e9mios caso os trabalhos submetidos a concurso n\u00e3o re\u00fanam as caracter\u00edsticas e a qualidade pretendidas.<\/li>\n<li><strong>Considera\u00e7\u00f5es Finais<\/strong> \u2013 Ao submeter uma imagem a concurso o autor manifesta a sua aceita\u00e7\u00e3o a todos os itens destas normas de participa\u00e7\u00e3o. Todos os casos omissos ser\u00e3o deliberados pela C\u00e2mara Municipal de \u00c9vora. Da decis\u00e3o do j\u00fari n\u00e3o existir\u00e1 recurso.<\/li>\n<\/ol>\n<\/li>\n<\/ol>\n<p>&nbsp;<\/p>\n<p style=\"text-align: center\"><a href=\"https:\/\/www.cm-evora.pt\/wp-content\/uploads\/2025\/01\/Cartaz_Normas_2025.pdf\" target=\"_blank\" rel=\"noopener\">Normas de Participa\u00e7\u00e3o &#8211; Concurso de Imagem Gr\u00e1fica 2025.pdf<\/a><\/p>\n<p style=\"text-align: center\"><a href=\"https:\/\/www.cm-evora.pt\/wp-content\/uploads\/2025\/01\/ConcursoCARTAZ2025-qrcode_RGB-01.jpg\"><img loading=\"lazy\" decoding=\"async\" class=\"alignnone size-full wp-image-69686\" src=\"https:\/\/www.cm-evora.pt\/wp-content\/uploads\/2025\/01\/ConcursoCARTAZ2025-qrcode_RGB-01.jpg\" alt=\"\" width=\"1754\" height=\"2480\" srcset=\"https:\/\/www.cm-evora.pt\/wp-content\/uploads\/2025\/01\/ConcursoCARTAZ2025-qrcode_RGB-01.jpg 1754w, https:\/\/www.cm-evora.pt\/wp-content\/uploads\/2025\/01\/ConcursoCARTAZ2025-qrcode_RGB-01-212x300.jpg 212w, https:\/\/www.cm-evora.pt\/wp-content\/uploads\/2025\/01\/ConcursoCARTAZ2025-qrcode_RGB-01-724x1024.jpg 724w, https:\/\/www.cm-evora.pt\/wp-content\/uploads\/2025\/01\/ConcursoCARTAZ2025-qrcode_RGB-01-768x1086.jpg 768w, https:\/\/www.cm-evora.pt\/wp-content\/uploads\/2025\/01\/ConcursoCARTAZ2025-qrcode_RGB-01-1086x1536.jpg 1086w, https:\/\/www.cm-evora.pt\/wp-content\/uploads\/2025\/01\/ConcursoCARTAZ2025-qrcode_RGB-01-1448x2048.jpg 1448w, https:\/\/www.cm-evora.pt\/wp-content\/uploads\/2025\/01\/ConcursoCARTAZ2025-qrcode_RGB-01-1320x1866.jpg 1320w\" sizes=\"auto, (max-width: 1754px) 100vw, 1754px\" \/><\/a><\/p>\n<p><\/p>","protected":false},"excerpt":{"rendered":"<p>A C\u00e2mara Municipal de \u00c9vora, no \u00e2mbito das Comemora\u00e7\u00f5es do M\u00eas da Juventude, promove anualmente um concurso destinado a premiar o melhor cartaz alusivo ao tema da efem\u00e9ride, \u201cM\u00eas da Juventude\u201d. O trabalho vencedor \u00e9 utilizado em todos os materiais de divulga\u00e7\u00e3o realizados no \u00e2mbito das referidas comemora\u00e7\u00f5es. O objetivo primordial \u00e9 o envolvimento dos [&hellip;]<\/p>\n","protected":false},"author":45,"featured_media":0,"parent":2511,"menu_order":7,"comment_status":"closed","ping_status":"closed","template":"templates-map\/component-text-layout1.php","meta":{"_acf_changed":false,"footnotes":""},"categories":[],"class_list":["post-25619","page","type-page","status-publish","hentry"],"acf":{"imagens":"","titulo_docs_seccao":"","documentos":""},"_links":{"self":[{"href":"https:\/\/www.cm-evora.pt\/en\/wp-json\/wp\/v2\/pages\/25619","targetHints":{"allow":["GET"]}}],"collection":[{"href":"https:\/\/www.cm-evora.pt\/en\/wp-json\/wp\/v2\/pages"}],"about":[{"href":"https:\/\/www.cm-evora.pt\/en\/wp-json\/wp\/v2\/types\/page"}],"author":[{"embeddable":true,"href":"https:\/\/www.cm-evora.pt\/en\/wp-json\/wp\/v2\/users\/45"}],"replies":[{"embeddable":true,"href":"https:\/\/www.cm-evora.pt\/en\/wp-json\/wp\/v2\/comments?post=25619"}],"version-history":[{"count":11,"href":"https:\/\/www.cm-evora.pt\/en\/wp-json\/wp\/v2\/pages\/25619\/revisions"}],"predecessor-version":[{"id":81400,"href":"https:\/\/www.cm-evora.pt\/en\/wp-json\/wp\/v2\/pages\/25619\/revisions\/81400"}],"up":[{"embeddable":true,"href":"https:\/\/www.cm-evora.pt\/en\/wp-json\/wp\/v2\/pages\/2511"}],"wp:attachment":[{"href":"https:\/\/www.cm-evora.pt\/en\/wp-json\/wp\/v2\/media?parent=25619"}],"wp:term":[{"taxonomy":"category","embeddable":true,"href":"https:\/\/www.cm-evora.pt\/en\/wp-json\/wp\/v2\/categories?post=25619"}],"curies":[{"name":"wp","href":"https:\/\/api.w.org\/{rel}","templated":true}]}}