{"id":25620,"date":"2021-08-11T14:57:38","date_gmt":"2021-08-11T13:57:38","guid":{"rendered":"https:\/\/www.cm-evora.pt\/?page_id=25620"},"modified":"2025-01-13T10:47:32","modified_gmt":"2025-01-13T10:47:32","slug":"porta-das-associacoes-juvenis","status":"publish","type":"page","link":"https:\/\/www.cm-evora.pt\/en\/municipe\/areas-de-acao\/juventude\/programas-e-iniciativaspara-a-juventude\/porta-das-associacoes-juvenis\/","title":{"rendered":"Porta das Associa\u00e7\u00f5es Juvenis"},"content":{"rendered":"<p style=\"text-align: center\"><a href=\"https:\/\/www.cm-evora.pt\/wp-content\/uploads\/2022\/06\/BannerCME_Porta-das-Associacoes-10-scaled.jpg\"><img loading=\"lazy\" decoding=\"async\" class=\"alignnone size-full wp-image-37000\" src=\"https:\/\/www.cm-evora.pt\/wp-content\/uploads\/2022\/06\/BannerCME_Porta-das-Associacoes-10-scaled.jpg\" alt=\"\" width=\"2560\" height=\"868\" srcset=\"https:\/\/www.cm-evora.pt\/wp-content\/uploads\/2022\/06\/BannerCME_Porta-das-Associacoes-10-scaled.jpg 2560w, https:\/\/www.cm-evora.pt\/wp-content\/uploads\/2022\/06\/BannerCME_Porta-das-Associacoes-10-300x102.jpg 300w, https:\/\/www.cm-evora.pt\/wp-content\/uploads\/2022\/06\/BannerCME_Porta-das-Associacoes-10-1024x347.jpg 1024w, https:\/\/www.cm-evora.pt\/wp-content\/uploads\/2022\/06\/BannerCME_Porta-das-Associacoes-10-768x260.jpg 768w, https:\/\/www.cm-evora.pt\/wp-content\/uploads\/2022\/06\/BannerCME_Porta-das-Associacoes-10-1536x521.jpg 1536w, https:\/\/www.cm-evora.pt\/wp-content\/uploads\/2022\/06\/BannerCME_Porta-das-Associacoes-10-2048x694.jpg 2048w, https:\/\/www.cm-evora.pt\/wp-content\/uploads\/2022\/06\/BannerCME_Porta-das-Associacoes-10-1920x650.jpg 1920w, https:\/\/www.cm-evora.pt\/wp-content\/uploads\/2022\/06\/BannerCME_Porta-das-Associacoes-10-1320x447.jpg 1320w\" sizes=\"auto, (max-width: 2560px) 100vw, 2560px\" \/><\/a><\/p>\n<p>&nbsp;<\/p>\n<h3 style=\"text-align: center\"><strong>Porta das Associa\u00e7\u00f5es Juvenis\u201d \u2013 Ponto Jovem \u2013 Espa\u00e7o Municipal da Juventude<\/strong><\/h3>\n<p>&nbsp;<\/p>\n<p><strong>Objetivos<\/strong><\/p>\n<p><strong>Porta das Associa\u00e7\u00f5es Juvenis<\/strong><\/p>\n<ul>\n<li style=\"list-style-type: none\">\n<ul>\n<li><strong>Dinamizar<\/strong> o Ponto Jovem Espa\u00e7o Municipal da Juventude, atrav\u00e9s das Associa\u00e7\u00f5es Juvenis do Concelho.<\/li>\n<li><strong>Proporcionar<\/strong> \u00e0s Associa\u00e7\u00f5es Juvenis do Concelho, um espa\u00e7o amplo e agrad\u00e1vel em pleno centro hist\u00f3rico e assim darem maior visibilidade ao seu trabalho e projetos.<\/li>\n<li><strong>Apoiar<\/strong> as Associa\u00e7\u00f5es Juvenis do Concelho.<\/li>\n<li><strong>Responder<\/strong> \u00e0s necessidades dos adolescentes e jovens eborenses, para ocupa\u00e7\u00e3o de tempos livres no per\u00edodo de ver\u00e3o, atrav\u00e9s do projeto <strong><em>\u201cO que Fazes este Ver\u00e3o ?\u201d<\/em><\/strong>.<\/li>\n<\/ul>\n<\/li>\n<\/ul>\n<p>&nbsp;<\/p>\n<p><strong><em>O que fazes este Ver\u00e3o?<\/em><\/strong><\/p>\n<ul>\n<li style=\"list-style-type: none\">\n<ul>\n<li><strong>Oferecer<\/strong> aos adolescentes e jovens, espa\u00e7os e atividades de tempos livres saud\u00e1veis durante o per\u00edodo de f\u00e9rias de ver\u00e3o.<\/li>\n<li><strong>Promover<\/strong> a realiza\u00e7\u00e3o de atividades de car\u00e1cter sociocultural, desportivo e l\u00fadico que dinamizem e deem sentido aos tempos livres.<\/li>\n<li><strong>Contribuir<\/strong> para o desenvolvimento pessoal dos adolescentes e jovens do concelho de \u00c9vora, facilitando e promovendo a sua socializa\u00e7\u00e3o e integra\u00e7\u00e3o.<\/li>\n<\/ul>\n<\/li>\n<\/ul>\n<p>&nbsp;<\/p>\n<p><strong>Destinat\u00e1rios<\/strong><\/p>\n<p>Adolescentes e jovens com idades compreendidas entre os 13 aos 30 anos residentes no concelho.<\/p>\n<p>&nbsp;<\/p>\n<p><strong>Locais<\/strong><\/p>\n<p>Ponto Jovem Espa\u00e7o Municipal da Juventude, outros espa\u00e7os municipais, sede das associa\u00e7\u00f5es juvenis.<\/p>\n<p>&nbsp;<\/p>\n<p><strong>Atividades<\/strong><\/p>\n<p>Atividades de forma\u00e7\u00e3o e workshops de diferentes \u00e1reas, como:<\/p>\n<ul>\n<li style=\"list-style-type: none\">\n<ul>\n<li>desporto,<\/li>\n<li>inform\u00e1tica,<\/li>\n<li>fotografia,<\/li>\n<li>pintura,<\/li>\n<li>cante,<\/li>\n<li>dan\u00e7a,<\/li>\n<li>jardinagem,<\/li>\n<li>\u2026<\/li>\n<\/ul>\n<\/li>\n<\/ul>\n<p>&nbsp;<\/p>\n","protected":false},"excerpt":{"rendered":"<p>&nbsp; Porta das Associa\u00e7\u00f5es Juvenis\u201d \u2013 Ponto Jovem \u2013 Espa\u00e7o Municipal da Juventude &nbsp; Objetivos Porta das Associa\u00e7\u00f5es Juvenis Dinamizar o Ponto Jovem Espa\u00e7o Municipal da Juventude, atrav\u00e9s das Associa\u00e7\u00f5es Juvenis do Concelho. Proporcionar \u00e0s Associa\u00e7\u00f5es Juvenis do Concelho, um espa\u00e7o amplo e agrad\u00e1vel em pleno centro hist\u00f3rico e assim darem maior visibilidade ao seu [&hellip;]<\/p>\n","protected":false},"author":45,"featured_media":0,"parent":2511,"menu_order":8,"comment_status":"closed","ping_status":"closed","template":"templates-map\/component-text-layout1.php","meta":{"_acf_changed":false,"footnotes":""},"categories":[],"class_list":["post-25620","page","type-page","status-publish","hentry"],"acf":{"imagens":"","titulo_docs_seccao":"","documentos":""},"_links":{"self":[{"href":"https:\/\/www.cm-evora.pt\/en\/wp-json\/wp\/v2\/pages\/25620","targetHints":{"allow":["GET"]}}],"collection":[{"href":"https:\/\/www.cm-evora.pt\/en\/wp-json\/wp\/v2\/pages"}],"about":[{"href":"https:\/\/www.cm-evora.pt\/en\/wp-json\/wp\/v2\/types\/page"}],"author":[{"embeddable":true,"href":"https:\/\/www.cm-evora.pt\/en\/wp-json\/wp\/v2\/users\/45"}],"replies":[{"embeddable":true,"href":"https:\/\/www.cm-evora.pt\/en\/wp-json\/wp\/v2\/comments?post=25620"}],"version-history":[{"count":7,"href":"https:\/\/www.cm-evora.pt\/en\/wp-json\/wp\/v2\/pages\/25620\/revisions"}],"predecessor-version":[{"id":69978,"href":"https:\/\/www.cm-evora.pt\/en\/wp-json\/wp\/v2\/pages\/25620\/revisions\/69978"}],"up":[{"embeddable":true,"href":"https:\/\/www.cm-evora.pt\/en\/wp-json\/wp\/v2\/pages\/2511"}],"wp:attachment":[{"href":"https:\/\/www.cm-evora.pt\/en\/wp-json\/wp\/v2\/media?parent=25620"}],"wp:term":[{"taxonomy":"category","embeddable":true,"href":"https:\/\/www.cm-evora.pt\/en\/wp-json\/wp\/v2\/categories?post=25620"}],"curies":[{"name":"wp","href":"https:\/\/api.w.org\/{rel}","templated":true}]}}