{"id":2564,"date":"2020-02-03T14:20:32","date_gmt":"2020-02-03T14:20:32","guid":{"rendered":"https:\/\/evora2.int.skilltech.pt\/susProjects\/wp_evora2_suite\/?page_id=2564"},"modified":"2023-09-07T15:14:23","modified_gmt":"2023-09-07T14:14:23","slug":"contratos-e-informacoes-gerais","status":"publish","type":"page","link":"https:\/\/www.cm-evora.pt\/en\/municipe\/areas-de-acao\/aguas\/contratos-e-informacoes-gerais\/","title":{"rendered":"Contratos e Informa\u00e7\u00f5es Gerais"},"content":{"rendered":"<p class=\"qtranxs-available-languages-message qtranxs-available-languages-message-en\">Sorry, this entry is only available in <a href=\"https:\/\/www.cm-evora.pt\/pt\/wp-json\/wp\/v2\/pages\/2564\" class=\"qtranxs-available-language-link qtranxs-available-language-link-pt\" title=\"Portugu\u00eas\">Portugu\u00eas<\/a>.<\/p><p><\/p>\n<h3 style=\"text-align: center\">Comunica\u00e7\u00e3o de leituras, contratos, fatura eletr\u00f3nica, d\u00e9bito direto, contactos e outros<\/h3>\n<p style=\"text-align: center\"><a href=\"https:\/\/www.cm-evora.pt\/wp-content\/uploads\/2020\/07\/agua1.jpg\"><img loading=\"lazy\" decoding=\"async\" class=\"alignnone wp-image-11259\" src=\"https:\/\/www.cm-evora.pt\/wp-content\/uploads\/2020\/07\/agua1.jpg\" alt=\"\" width=\"1064\" height=\"603\" srcset=\"https:\/\/www.cm-evora.pt\/wp-content\/uploads\/2020\/07\/agua1.jpg 639w, https:\/\/www.cm-evora.pt\/wp-content\/uploads\/2020\/07\/agua1-300x170.jpg 300w\" sizes=\"auto, (max-width: 1064px) 100vw, 1064px\" \/><\/a><\/p>\n<p><\/p>","protected":false},"excerpt":{"rendered":"<p>Sorry, this entry is only available in Portugu\u00eas. Comunica\u00e7\u00e3o de leituras, contratos, fatura eletr\u00f3nica, d\u00e9bito direto, contactos e outros<\/p>\n","protected":false},"author":1,"featured_media":0,"parent":2478,"menu_order":4,"comment_status":"closed","ping_status":"closed","template":"templates-map\/component-text-list-layout2.php","meta":{"_acf_changed":false,"footnotes":""},"categories":[],"class_list":["post-2564","page","type-page","status-publish","hentry"],"acf":[],"_links":{"self":[{"href":"https:\/\/www.cm-evora.pt\/en\/wp-json\/wp\/v2\/pages\/2564","targetHints":{"allow":["GET"]}}],"collection":[{"href":"https:\/\/www.cm-evora.pt\/en\/wp-json\/wp\/v2\/pages"}],"about":[{"href":"https:\/\/www.cm-evora.pt\/en\/wp-json\/wp\/v2\/types\/page"}],"author":[{"embeddable":true,"href":"https:\/\/www.cm-evora.pt\/en\/wp-json\/wp\/v2\/users\/1"}],"replies":[{"embeddable":true,"href":"https:\/\/www.cm-evora.pt\/en\/wp-json\/wp\/v2\/comments?post=2564"}],"version-history":[{"count":12,"href":"https:\/\/www.cm-evora.pt\/en\/wp-json\/wp\/v2\/pages\/2564\/revisions"}],"predecessor-version":[{"id":53172,"href":"https:\/\/www.cm-evora.pt\/en\/wp-json\/wp\/v2\/pages\/2564\/revisions\/53172"}],"up":[{"embeddable":true,"href":"https:\/\/www.cm-evora.pt\/en\/wp-json\/wp\/v2\/pages\/2478"}],"wp:attachment":[{"href":"https:\/\/www.cm-evora.pt\/en\/wp-json\/wp\/v2\/media?parent=2564"}],"wp:term":[{"taxonomy":"category","embeddable":true,"href":"https:\/\/www.cm-evora.pt\/en\/wp-json\/wp\/v2\/categories?post=2564"}],"curies":[{"name":"wp","href":"https:\/\/api.w.org\/{rel}","templated":true}]}}