{"id":25655,"date":"2021-08-12T13:46:12","date_gmt":"2021-08-12T12:46:12","guid":{"rendered":"https:\/\/www.cm-evora.pt\/?page_id=25655"},"modified":"2025-02-11T18:30:45","modified_gmt":"2025-02-11T18:30:45","slug":"evora-as-pinceladas","status":"publish","type":"page","link":"https:\/\/www.cm-evora.pt\/en\/municipe\/areas-de-acao\/juventude\/programas-e-iniciativaspara-a-juventude\/evora-as-pinceladas\/","title":{"rendered":"\u00c9vora \u00e0s Pinceladas"},"content":{"rendered":"<p><span style=\"text-decoration: underline\">Envia propostas para<\/span>: <a href=\"mailto:palavraj@cm-evora.pt\" target=\"_blank\" rel=\"noopener\">palavraj@cm-evora.pt<\/a> (00h00 do dia 1 de mar\u00e7o at\u00e9 \u00e0s 00h00 de 24 de mar\u00e7o&#8217;25)<br \/>\n<span style=\"text-decoration: underline\">Destinat\u00e1rios<\/span>: 13 e 30 anos de idade (que \u00e0 data residam, estudem ou trabalhem no concelho de \u00c9vora)<\/p>\n<p>&nbsp;<\/p>\n<p style=\"text-align: left\">\u00a0 <a href=\"https:\/\/www.cm-evora.pt\/wp-content\/uploads\/2025\/02\/PinceladasEvora2025-02.jpg\"><img loading=\"lazy\" decoding=\"async\" class=\"alignnone wp-image-71114 size-full\" src=\"https:\/\/www.cm-evora.pt\/wp-content\/uploads\/2025\/02\/PinceladasEvora2025-02.jpg\" alt=\"\" width=\"1754\" height=\"2480\" srcset=\"https:\/\/www.cm-evora.pt\/wp-content\/uploads\/2025\/02\/PinceladasEvora2025-02.jpg 1754w, https:\/\/www.cm-evora.pt\/wp-content\/uploads\/2025\/02\/PinceladasEvora2025-02-212x300.jpg 212w, https:\/\/www.cm-evora.pt\/wp-content\/uploads\/2025\/02\/PinceladasEvora2025-02-724x1024.jpg 724w, https:\/\/www.cm-evora.pt\/wp-content\/uploads\/2025\/02\/PinceladasEvora2025-02-768x1086.jpg 768w, https:\/\/www.cm-evora.pt\/wp-content\/uploads\/2025\/02\/PinceladasEvora2025-02-1086x1536.jpg 1086w, https:\/\/www.cm-evora.pt\/wp-content\/uploads\/2025\/02\/PinceladasEvora2025-02-1448x2048.jpg 1448w, https:\/\/www.cm-evora.pt\/wp-content\/uploads\/2025\/02\/PinceladasEvora2025-02-1320x1866.jpg 1320w\" sizes=\"auto, (max-width: 1754px) 100vw, 1754px\" \/><\/a><\/p>\n<p>&nbsp;<\/p>\n<p>&nbsp;<\/p>\n","protected":false},"excerpt":{"rendered":"<p>Envia propostas para: palavraj@cm-evora.pt (00h00 do dia 1 de mar\u00e7o at\u00e9 \u00e0s 00h00 de 24 de mar\u00e7o&#8217;25) Destinat\u00e1rios: 13 e 30 anos de idade (que \u00e0 data residam, estudem ou trabalhem no concelho de \u00c9vora) &nbsp; \u00a0 &nbsp; &nbsp;<\/p>\n","protected":false},"author":45,"featured_media":0,"parent":2511,"menu_order":9,"comment_status":"closed","ping_status":"closed","template":"templates-map\/component-text-layout1.php","meta":{"_acf_changed":false,"footnotes":""},"categories":[],"class_list":["post-25655","page","type-page","status-publish","hentry"],"acf":{"imagens":"","titulo_docs_seccao":"","documentos":[71116,45380]},"_links":{"self":[{"href":"https:\/\/www.cm-evora.pt\/en\/wp-json\/wp\/v2\/pages\/25655","targetHints":{"allow":["GET"]}}],"collection":[{"href":"https:\/\/www.cm-evora.pt\/en\/wp-json\/wp\/v2\/pages"}],"about":[{"href":"https:\/\/www.cm-evora.pt\/en\/wp-json\/wp\/v2\/types\/page"}],"author":[{"embeddable":true,"href":"https:\/\/www.cm-evora.pt\/en\/wp-json\/wp\/v2\/users\/45"}],"replies":[{"embeddable":true,"href":"https:\/\/www.cm-evora.pt\/en\/wp-json\/wp\/v2\/comments?post=25655"}],"version-history":[{"count":12,"href":"https:\/\/www.cm-evora.pt\/en\/wp-json\/wp\/v2\/pages\/25655\/revisions"}],"predecessor-version":[{"id":71118,"href":"https:\/\/www.cm-evora.pt\/en\/wp-json\/wp\/v2\/pages\/25655\/revisions\/71118"}],"up":[{"embeddable":true,"href":"https:\/\/www.cm-evora.pt\/en\/wp-json\/wp\/v2\/pages\/2511"}],"acf:post":[{"embeddable":true,"href":"https:\/\/www.cm-evora.pt\/en\/wp-json\/wp\/v2\/listas_ficheiros\/45380"},{"embeddable":true,"href":"https:\/\/www.cm-evora.pt\/en\/wp-json\/wp\/v2\/listas_ficheiros\/71116"}],"wp:attachment":[{"href":"https:\/\/www.cm-evora.pt\/en\/wp-json\/wp\/v2\/media?parent=25655"}],"wp:term":[{"taxonomy":"category","embeddable":true,"href":"https:\/\/www.cm-evora.pt\/en\/wp-json\/wp\/v2\/categories?post=25655"}],"curies":[{"name":"wp","href":"https:\/\/api.w.org\/{rel}","templated":true}]}}