{"id":2585,"date":"2020-02-03T14:43:21","date_gmt":"2020-02-03T14:43:21","guid":{"rendered":"https:\/\/evora2.int.skilltech.pt\/susProjects\/wp_evora2_suite\/?page_id=2585"},"modified":"2023-02-20T15:01:21","modified_gmt":"2023-02-20T15:01:21","slug":"plano-estrategico-de-desenvolvimento-urbano-pedu","status":"publish","type":"page","link":"https:\/\/www.cm-evora.pt\/en\/municipe\/projetos-municipais\/projetos-estruturantes\/plano-estrategico-de-desenvolvimento-urbano-pedu\/","title":{"rendered":"(Portugu\u00eas) Plano Estrat\u00e9gico de Desenvolvimento Urbano &#8211; PEDU"},"content":{"rendered":"<p class=\"qtranxs-available-languages-message qtranxs-available-languages-message-en\">Sorry, this entry is only available in <a href=\"https:\/\/www.cm-evora.pt\/pt\/wp-json\/wp\/v2\/pages\/2585\" class=\"qtranxs-available-language-link qtranxs-available-language-link-pt\" title=\"Portugu\u00eas\">Portugu\u00eas<\/a>.<\/p><p><\/p>\n<p style=\"text-align: center\"><a href=\"https:\/\/www.cm-evora.pt\/wp-content\/uploads\/2020\/07\/EVORA-CENTROHISTORICO-1redim_reduzida.jpg\"><img loading=\"lazy\" decoding=\"async\" class=\"alignnone wp-image-11100\" src=\"https:\/\/www.cm-evora.pt\/wp-content\/uploads\/2020\/07\/EVORA-CENTROHISTORICO-1redim_reduzida.jpg\" alt=\"\" width=\"1112\" height=\"630\" srcset=\"https:\/\/www.cm-evora.pt\/wp-content\/uploads\/2020\/07\/EVORA-CENTROHISTORICO-1redim_reduzida.jpg 639w, https:\/\/www.cm-evora.pt\/wp-content\/uploads\/2020\/07\/EVORA-CENTROHISTORICO-1redim_reduzida-300x170.jpg 300w\" sizes=\"auto, (max-width: 1112px) 100vw, 1112px\" \/><\/a><\/p>\n<p>&nbsp;<\/p>\n<p>Aqui disponibilizamos informa\u00e7\u00e3o relativa aos contratos de financiamento e informa\u00e7\u00e3o sum\u00e1ria sobre as opera\u00e7\u00f5es contratualizadas com o ALENTEJO 2020, no \u00e2mbito do PEDU de \u00c9vora.<\/p>\n<p>&nbsp;<\/p>\n<p><strong>1\u00aa opera\u00e7\u00e3o<\/strong><\/p>\n<p><strong>Requalifica\u00e7\u00e3o da liga\u00e7\u00e3o da cidade ao PIAE com introdu\u00e7\u00e3o de modos suaves de mobilidade (1\u00aa fase)<\/strong><\/p>\n<p><u>Breve descri\u00e7\u00e3o<\/u>: Nesta 1\u00aa fase do projeto de requalifica\u00e7\u00e3o da liga\u00e7\u00e3o da cidade ao PIAE (Parque de Ind\u00fastria Aeron\u00e1utica de \u00c9vora), com introdu\u00e7\u00e3o de modos suaves de mobilidade, prev\u00ea-se a requalifica\u00e7\u00e3o de uma via com cerca de 600 metros de extens\u00e3o conforme especifica\u00e7\u00f5es constantes no respetivo projeto de execu\u00e7\u00e3o.<\/p>\n<p><u>Objetivos<\/u>: Minimiza\u00e7\u00e3o dos impactes do tr\u00e1fego de pesados criando condi\u00e7\u00f5es de afastamento da cidade; redu\u00e7\u00e3o de dist\u00e2ncias percorridas por proximidade \u00e0s unidades industriais e facilita\u00e7\u00e3o de acesso interno no PIAE; qualifica\u00e7\u00e3o do espa\u00e7o rodovi\u00e1rio e articula\u00e7\u00e3o com corredores rodovi\u00e1rios regionais e nacionais e introdu\u00e7\u00e3o e promo\u00e7\u00e3o das desloca\u00e7\u00f5es em modos suaves, nomeadamente, cicl\u00e1veis e pedonais.<\/p>\n<p><u>Resultados<\/u>: Redu\u00e7\u00e3o da emiss\u00e3o estimada dos gases com efeitos de estufa.<\/p>\n<p><u>Apoio financeiro da UE<\/u>: Comparticipa\u00e7\u00e3o FEDER de 619.071,69\u20ac.<\/p>\n<p>&nbsp;<\/p>","protected":false},"excerpt":{"rendered":"<p>Sorry, this entry is only available in Portugu\u00eas. &nbsp; Aqui disponibilizamos informa\u00e7\u00e3o relativa aos contratos de financiamento e informa\u00e7\u00e3o sum\u00e1ria sobre as opera\u00e7\u00f5es contratualizadas com o ALENTEJO 2020, no \u00e2mbito do PEDU de \u00c9vora. &nbsp; 1\u00aa opera\u00e7\u00e3o Requalifica\u00e7\u00e3o da liga\u00e7\u00e3o da cidade ao PIAE com introdu\u00e7\u00e3o de modos suaves de mobilidade (1\u00aa fase) Breve descri\u00e7\u00e3o: [&hellip;]<\/p>\n","protected":false},"author":1,"featured_media":0,"parent":2579,"menu_order":0,"comment_status":"closed","ping_status":"closed","template":"templates-map\/component-text-layout1.php","meta":{"_acf_changed":false,"footnotes":""},"categories":[],"class_list":["post-2585","page","type-page","status-publish","hentry"],"acf":{"imagens":"","titulo_docs_seccao":"","documentos":[11103]},"_links":{"self":[{"href":"https:\/\/www.cm-evora.pt\/en\/wp-json\/wp\/v2\/pages\/2585","targetHints":{"allow":["GET"]}}],"collection":[{"href":"https:\/\/www.cm-evora.pt\/en\/wp-json\/wp\/v2\/pages"}],"about":[{"href":"https:\/\/www.cm-evora.pt\/en\/wp-json\/wp\/v2\/types\/page"}],"author":[{"embeddable":true,"href":"https:\/\/www.cm-evora.pt\/en\/wp-json\/wp\/v2\/users\/1"}],"replies":[{"embeddable":true,"href":"https:\/\/www.cm-evora.pt\/en\/wp-json\/wp\/v2\/comments?post=2585"}],"version-history":[{"count":11,"href":"https:\/\/www.cm-evora.pt\/en\/wp-json\/wp\/v2\/pages\/2585\/revisions"}],"predecessor-version":[{"id":45822,"href":"https:\/\/www.cm-evora.pt\/en\/wp-json\/wp\/v2\/pages\/2585\/revisions\/45822"}],"up":[{"embeddable":true,"href":"https:\/\/www.cm-evora.pt\/en\/wp-json\/wp\/v2\/pages\/2579"}],"acf:post":[{"embeddable":true,"href":"https:\/\/www.cm-evora.pt\/en\/wp-json\/wp\/v2\/listas_ficheiros\/11103"}],"wp:attachment":[{"href":"https:\/\/www.cm-evora.pt\/en\/wp-json\/wp\/v2\/media?parent=2585"}],"wp:term":[{"taxonomy":"category","embeddable":true,"href":"https:\/\/www.cm-evora.pt\/en\/wp-json\/wp\/v2\/categories?post=2585"}],"curies":[{"name":"wp","href":"https:\/\/api.w.org\/{rel}","templated":true}]}}