{"id":2587,"date":"2020-02-03T14:44:20","date_gmt":"2020-02-03T14:44:20","guid":{"rendered":"https:\/\/evora2.int.skilltech.pt\/susProjects\/wp_evora2_suite\/?page_id=2587"},"modified":"2026-01-16T09:59:30","modified_gmt":"2026-01-16T09:59:30","slug":"outras-operacoes-contratualizadas","status":"archive","type":"page","link":"https:\/\/www.cm-evora.pt\/en\/municipe\/projetos-municipais\/outras-operacoes-contratualizadas\/","title":{"rendered":"Archived: Outras Opera\u00e7\u00f5es contratualizadas"},"content":{"rendered":"<p><a href=\"https:\/\/www.cm-evora.pt\/wp-content\/uploads\/2021\/03\/portugal2020.jpg\"><img loading=\"lazy\" decoding=\"async\" class=\"alignnone size-full wp-image-21428\" src=\"https:\/\/www.cm-evora.pt\/wp-content\/uploads\/2021\/03\/portugal2020.jpg\" alt=\"\" width=\"2116\" height=\"725\" srcset=\"https:\/\/www.cm-evora.pt\/wp-content\/uploads\/2021\/03\/portugal2020.jpg 2116w, https:\/\/www.cm-evora.pt\/wp-content\/uploads\/2021\/03\/portugal2020-300x103.jpg 300w, https:\/\/www.cm-evora.pt\/wp-content\/uploads\/2021\/03\/portugal2020-1024x351.jpg 1024w, https:\/\/www.cm-evora.pt\/wp-content\/uploads\/2021\/03\/portugal2020-768x263.jpg 768w, https:\/\/www.cm-evora.pt\/wp-content\/uploads\/2021\/03\/portugal2020-1536x526.jpg 1536w, https:\/\/www.cm-evora.pt\/wp-content\/uploads\/2021\/03\/portugal2020-2048x702.jpg 2048w, https:\/\/www.cm-evora.pt\/wp-content\/uploads\/2021\/03\/portugal2020-1320x452.jpg 1320w\" sizes=\"auto, (max-width: 2116px) 100vw, 2116px\" \/><\/a><\/p>\n<p>&nbsp;<\/p>\n<p>Aqui disponibilizamos os contratos de financiamento e informa\u00e7\u00e3o sum\u00e1ria sobre as opera\u00e7\u00f5es contratualizadas no \u00e2mbito do PORTUGAL 2020.<\/p>\n<p>&nbsp;<\/p>\n","protected":false},"excerpt":{"rendered":"<p>&nbsp; Aqui disponibilizamos os contratos de financiamento e informa\u00e7\u00e3o sum\u00e1ria sobre as opera\u00e7\u00f5es contratualizadas no \u00e2mbito do PORTUGAL 2020. &nbsp;<\/p>\n","protected":false},"author":1,"featured_media":0,"parent":1302,"menu_order":2,"comment_status":"closed","ping_status":"closed","template":"templates-map\/component-file-gallery-layout3.php","meta":{"_acf_changed":false,"footnotes":""},"categories":[],"class_list":["post-2587","page","type-page","status-archive","hentry"],"acf":[],"_links":{"self":[{"href":"https:\/\/www.cm-evora.pt\/en\/wp-json\/wp\/v2\/pages\/2587","targetHints":{"allow":["GET"]}}],"collection":[{"href":"https:\/\/www.cm-evora.pt\/en\/wp-json\/wp\/v2\/pages"}],"about":[{"href":"https:\/\/www.cm-evora.pt\/en\/wp-json\/wp\/v2\/types\/page"}],"author":[{"embeddable":true,"href":"https:\/\/www.cm-evora.pt\/en\/wp-json\/wp\/v2\/users\/1"}],"replies":[{"embeddable":true,"href":"https:\/\/www.cm-evora.pt\/en\/wp-json\/wp\/v2\/comments?post=2587"}],"version-history":[{"count":30,"href":"https:\/\/www.cm-evora.pt\/en\/wp-json\/wp\/v2\/pages\/2587\/revisions"}],"predecessor-version":[{"id":66128,"href":"https:\/\/www.cm-evora.pt\/en\/wp-json\/wp\/v2\/pages\/2587\/revisions\/66128"}],"up":[{"embeddable":true,"href":"https:\/\/www.cm-evora.pt\/en\/wp-json\/wp\/v2\/pages\/1302"}],"wp:attachment":[{"href":"https:\/\/www.cm-evora.pt\/en\/wp-json\/wp\/v2\/media?parent=2587"}],"wp:term":[{"taxonomy":"category","embeddable":true,"href":"https:\/\/www.cm-evora.pt\/en\/wp-json\/wp\/v2\/categories?post=2587"}],"curies":[{"name":"wp","href":"https:\/\/api.w.org\/{rel}","templated":true}]}}