{"id":26092,"date":"2021-09-01T10:27:39","date_gmt":"2021-09-01T09:27:39","guid":{"rendered":"https:\/\/www.cm-evora.pt\/?page_id=26092"},"modified":"2025-04-02T09:31:59","modified_gmt":"2025-04-02T08:31:59","slug":"plano-de-pormenor-de-salvaguarda-do-centro-historico-de-evora","status":"publish","type":"page","link":"https:\/\/www.cm-evora.pt\/en\/municipe\/areas-de-acao\/ordenamento-territorio-e-urbanismo\/planos-municipais\/plano-de-pormenor-de-salvaguarda-do-centro-historico-de-evora\/","title":{"rendered":"Plano de Pormenor de Salvaguarda do Centro Hist\u00f3rico de \u00c9vora"},"content":{"rendered":"<p>&nbsp;<\/p>\n<p><a href=\"https:\/\/www.cm-evora.pt\/wp-content\/uploads\/2021\/10\/aviso_pps.pdf\" target=\"_blank\" rel=\"noopener\">Aviso n.\u00ba 20151\/2021 de 25 de outubro de 2021<\/a> | In\u00edcio do procedimento de elabora\u00e7\u00e3o do Plano de Pormenor de Salvaguarda do Centro Hist\u00f3rico de \u00c9vora.<\/p>\n<p>No \u00e2mbito da publica\u00e7\u00e3o do presente aviso o per\u00edodo de participa\u00e7\u00e3o p\u00fablica preventiva estabelecido em 15 dias \u00fateis, decorreu at\u00e9 ao dia 16 de novembro de 2021, tendo tido 1 participa\u00e7\u00e3o (relat\u00f3rio em elabora\u00e7\u00e3o).<\/p>\n<p>&nbsp;<\/p>\n<hr \/>\n<p>&nbsp;<\/p>\n<h2><strong>Delibera\u00e7\u00e3o Municipal<\/strong><\/h2>\n<p>A C\u00e2mara Municipal de \u00c9vora deliberou em reuni\u00e3o p\u00fablica realizada em 25 de agosto de 2021, determinar o inicio do procedimento de Elabora\u00e7\u00e3o do Plano de Pormenor de Salvaguarda do Centro Hist\u00f3rico de \u00c9vora (PPSCHE), nos termos do n.\u00ba 1 do artigo 76.\u00ba e do artigo 106.\u00ba do Regime Jur\u00eddico dos Instrumentos de Gest\u00e3o Territorial (RJIGT), publicado pelo DL 80\/2015, de 14 de maio, na sua reda\u00e7\u00e3o atual, tendo definido um prazo de elabora\u00e7\u00e3o de 24 meses e a abertura do per\u00edodo de participa\u00e7\u00e3o p\u00fablica pelo per\u00edodo de 15 (quinze) dias \u00fateis contados a partir da publica\u00e7\u00e3o desta delibera\u00e7\u00e3o em Di\u00e1rio da Rep\u00fablica, nos termos do n.\u00ba 2 do artigo 88.\u00ba do mesmo diploma.<\/p>\n<p>A presente delibera\u00e7\u00e3o aprovou a oportunidade e os termos de refer\u00eancia do PPSCHE nos termos do n.\u00ba 3 do artigo 76.\u00ba do RJIGT, determinando a sua n\u00e3o sujei\u00e7\u00e3o a Avalia\u00e7\u00e3o Ambiental.<\/p>\n<p>Foi ainda deliberado dar conhecimento \u00e0 Comiss\u00e3o de Coordena\u00e7\u00e3o e Desenvolvimento Regional do Alentejo (CCDR Alentejo) do teor da delibera\u00e7\u00e3o e solicitar o seu acompanhamento, ao abrigo do disposto no n.\u00ba 2 do artigo 86.\u00ba do RJIGT.<\/p>\n<p>Foi tamb\u00e9m aprovado a minuta de Protocolo de Colabora\u00e7\u00e3o entre o Munic\u00edpio de \u00c9vora, a Dire\u00e7\u00e3o Regional da Cultura do Alentejo e a Dire\u00e7\u00e3o-Geral do Patrim\u00f3nio Cultural na elabora\u00e7\u00e3o do PPSCHE, ao abrigo do disposto no artigo 67.\u00ba do DL 309\/2009, de 23 de outubro.<\/p>\n<p>Os interessados podem consultar a presente delibera\u00e7\u00e3o e os documentos que a integram <a href=\"https:\/\/www.cm-evora.pt\/wp-content\/uploads\/2021\/09\/DELIBERACAO_25_08_2021.pdf\" target=\"_blank\" rel=\"noopener\">aqui<\/a>.<\/p>\n<p>A elabora\u00e7\u00e3o de um Plano de Pormenor de Salvaguarda do Centro Hist\u00f3rico de \u00c9vora est\u00e1 prevista no Plano Diretor Municipal, sendo considerado um instrumento fundamental para a preserva\u00e7\u00e3o e valoriza\u00e7\u00e3o de um patrim\u00f3nio \u00fanico, em todas as suas vertentes.<\/p>\n<p>&nbsp;<\/p>\n","protected":false},"excerpt":{"rendered":"<p>&nbsp; Aviso n.\u00ba 20151\/2021 de 25 de outubro de 2021 | In\u00edcio do procedimento de elabora\u00e7\u00e3o do Plano de Pormenor de Salvaguarda do Centro Hist\u00f3rico de \u00c9vora. No \u00e2mbito da publica\u00e7\u00e3o do presente aviso o per\u00edodo de participa\u00e7\u00e3o p\u00fablica preventiva estabelecido em 15 dias \u00fateis, decorreu at\u00e9 ao dia 16 de novembro de 2021, tendo [&hellip;]<\/p>\n","protected":false},"author":45,"featured_media":0,"parent":16181,"menu_order":5,"comment_status":"closed","ping_status":"closed","template":"templates-map\/component-text-layout1.php","meta":{"_acf_changed":false,"footnotes":""},"categories":[],"class_list":["post-26092","page","type-page","status-publish","hentry"],"acf":{"imagens":"","titulo_docs_seccao":"","documentos":""},"_links":{"self":[{"href":"https:\/\/www.cm-evora.pt\/en\/wp-json\/wp\/v2\/pages\/26092","targetHints":{"allow":["GET"]}}],"collection":[{"href":"https:\/\/www.cm-evora.pt\/en\/wp-json\/wp\/v2\/pages"}],"about":[{"href":"https:\/\/www.cm-evora.pt\/en\/wp-json\/wp\/v2\/types\/page"}],"author":[{"embeddable":true,"href":"https:\/\/www.cm-evora.pt\/en\/wp-json\/wp\/v2\/users\/45"}],"replies":[{"embeddable":true,"href":"https:\/\/www.cm-evora.pt\/en\/wp-json\/wp\/v2\/comments?post=26092"}],"version-history":[{"count":25,"href":"https:\/\/www.cm-evora.pt\/en\/wp-json\/wp\/v2\/pages\/26092\/revisions"}],"predecessor-version":[{"id":72941,"href":"https:\/\/www.cm-evora.pt\/en\/wp-json\/wp\/v2\/pages\/26092\/revisions\/72941"}],"up":[{"embeddable":true,"href":"https:\/\/www.cm-evora.pt\/en\/wp-json\/wp\/v2\/pages\/16181"}],"wp:attachment":[{"href":"https:\/\/www.cm-evora.pt\/en\/wp-json\/wp\/v2\/media?parent=26092"}],"wp:term":[{"taxonomy":"category","embeddable":true,"href":"https:\/\/www.cm-evora.pt\/en\/wp-json\/wp\/v2\/categories?post=26092"}],"curies":[{"name":"wp","href":"https:\/\/api.w.org\/{rel}","templated":true}]}}