{"id":2615,"date":"2020-02-03T14:57:53","date_gmt":"2020-02-03T14:57:53","guid":{"rendered":"https:\/\/evora2.int.skilltech.pt\/susProjects\/wp_evora2_suite\/?page_id=2615"},"modified":"2023-05-12T15:22:40","modified_gmt":"2023-05-12T14:22:40","slug":"carta-das-instalacoes-desportivas-do-concelho-de-evora","status":"publish","type":"page","link":"https:\/\/www.cm-evora.pt\/en\/municipe\/equipamentos\/equipamentos-desportivos\/carta-das-instalacoes-desportivas-do-concelho-de-evora\/","title":{"rendered":"Carta das Instala\u00e7\u00f5es Desportivas do Concelho de \u00c9vora"},"content":{"rendered":"<p style=\"text-align: center\"><a href=\"https:\/\/www.cm-evora.pt\/wp-content\/uploads\/2021\/01\/cartadesportiva-300x170-1.jpg\"><img loading=\"lazy\" decoding=\"async\" class=\"alignnone wp-image-19358\" src=\"https:\/\/www.cm-evora.pt\/wp-content\/uploads\/2021\/01\/cartadesportiva-300x170-1.jpg\" alt=\"\" width=\"700\" height=\"397\" \/><\/a><\/p>\n<p>\u200bCarta das Instala\u00e7\u00f5es Desportivas do Concelho de \u00c9vora on-line disponibiliza a informa\u00e7\u00e3o existente de forma sistematizada e acess\u00edvel, listando os equipamentos desportivos por freguesia. Este \u00e9 um\u00a0instrumento de consulta \u00fatil em planeamento e gest\u00e3o de recursos afetos ao Desporto.<br \/>\n\u200b<\/p>\n<p>A\u00a0Carta das Instala\u00e7\u00f5es Desportivas do Concelho de \u00c9vora encontra-se atualmente em processo de atualiza\u00e7\u00e3o.<\/p>\n<p>Para consultar clique:<\/p>\n","protected":false},"excerpt":{"rendered":"<p>\u200bCarta das Instala\u00e7\u00f5es Desportivas do Concelho de \u00c9vora on-line disponibiliza a informa\u00e7\u00e3o existente de forma sistematizada e acess\u00edvel, listando os equipamentos desportivos por freguesia. Este \u00e9 um\u00a0instrumento de consulta \u00fatil em planeamento e gest\u00e3o de recursos afetos ao Desporto. \u200b A\u00a0Carta das Instala\u00e7\u00f5es Desportivas do Concelho de \u00c9vora encontra-se atualmente em processo de atualiza\u00e7\u00e3o. Para [&hellip;]<\/p>\n","protected":false},"author":1,"featured_media":0,"parent":2622,"menu_order":3,"comment_status":"closed","ping_status":"closed","template":"templates-map\/component-text-layout1.php","meta":{"_acf_changed":false,"footnotes":""},"categories":[],"class_list":["post-2615","page","type-page","status-publish","hentry"],"acf":{"imagens":"","titulo_docs_seccao":"","documentos":""},"_links":{"self":[{"href":"https:\/\/www.cm-evora.pt\/en\/wp-json\/wp\/v2\/pages\/2615","targetHints":{"allow":["GET"]}}],"collection":[{"href":"https:\/\/www.cm-evora.pt\/en\/wp-json\/wp\/v2\/pages"}],"about":[{"href":"https:\/\/www.cm-evora.pt\/en\/wp-json\/wp\/v2\/types\/page"}],"author":[{"embeddable":true,"href":"https:\/\/www.cm-evora.pt\/en\/wp-json\/wp\/v2\/users\/1"}],"replies":[{"embeddable":true,"href":"https:\/\/www.cm-evora.pt\/en\/wp-json\/wp\/v2\/comments?post=2615"}],"version-history":[{"count":5,"href":"https:\/\/www.cm-evora.pt\/en\/wp-json\/wp\/v2\/pages\/2615\/revisions"}],"predecessor-version":[{"id":48998,"href":"https:\/\/www.cm-evora.pt\/en\/wp-json\/wp\/v2\/pages\/2615\/revisions\/48998"}],"up":[{"embeddable":true,"href":"https:\/\/www.cm-evora.pt\/en\/wp-json\/wp\/v2\/pages\/2622"}],"wp:attachment":[{"href":"https:\/\/www.cm-evora.pt\/en\/wp-json\/wp\/v2\/media?parent=2615"}],"wp:term":[{"taxonomy":"category","embeddable":true,"href":"https:\/\/www.cm-evora.pt\/en\/wp-json\/wp\/v2\/categories?post=2615"}],"curies":[{"name":"wp","href":"https:\/\/api.w.org\/{rel}","templated":true}]}}