{"id":2631,"date":"2020-02-03T15:24:43","date_gmt":"2020-02-03T15:24:43","guid":{"rendered":"https:\/\/evora2.int.skilltech.pt\/susProjects\/wp_evora2_suite\/?page_id=2631"},"modified":"2025-02-05T11:08:09","modified_gmt":"2025-02-05T11:08:09","slug":"app-do-municipio","status":"publish","type":"page","link":"https:\/\/www.cm-evora.pt\/en\/municipe\/aplicacoes-do-municipio\/app-do-municipio\/","title":{"rendered":"Munic\u00edpio de \u00c9vora"},"content":{"rendered":"<p><span class=\"ms-rteThemeForeColor-4-5\">A C\u00e2mara de \u00c9vora tem uma aplica\u00e7\u00e3o gratuita para smartphone, compat\u00edvel com todos os sistemas operativos: Android e iOS.<\/span><\/p>\n<p>&nbsp;<\/p>\n<p style=\"text-align: center\"><a href=\"https:\/\/www.cm-evora.pt\/wp-content\/uploads\/2023\/02\/BannerCME_APPMunicipio-03.png\" target=\"_blank\" rel=\"noopener\"><img loading=\"lazy\" decoding=\"async\" class=\"alignnone wp-image-45838 size-full\" src=\"https:\/\/www.cm-evora.pt\/wp-content\/uploads\/2023\/02\/BannerCME_APPMunicipio-03.png\" alt=\"\" width=\"3779\" height=\"1764\" srcset=\"https:\/\/www.cm-evora.pt\/wp-content\/uploads\/2023\/02\/BannerCME_APPMunicipio-03.png 3779w, https:\/\/www.cm-evora.pt\/wp-content\/uploads\/2023\/02\/BannerCME_APPMunicipio-03-300x140.png 300w, https:\/\/www.cm-evora.pt\/wp-content\/uploads\/2023\/02\/BannerCME_APPMunicipio-03-1024x478.png 1024w, https:\/\/www.cm-evora.pt\/wp-content\/uploads\/2023\/02\/BannerCME_APPMunicipio-03-768x358.png 768w, https:\/\/www.cm-evora.pt\/wp-content\/uploads\/2023\/02\/BannerCME_APPMunicipio-03-1536x717.png 1536w, https:\/\/www.cm-evora.pt\/wp-content\/uploads\/2023\/02\/BannerCME_APPMunicipio-03-2048x956.png 2048w, https:\/\/www.cm-evora.pt\/wp-content\/uploads\/2023\/02\/BannerCME_APPMunicipio-03-1320x616.png 1320w\" sizes=\"auto, (max-width: 3779px) 100vw, 3779px\" \/><\/a><\/p>\n<p>&nbsp;<\/p>\n<p>Esta aplica\u00e7\u00e3o visa a publicita\u00e7\u00e3o de not\u00edcias e eventos, divulga\u00e7\u00e3o de informa\u00e7\u00f5es e promo\u00e7\u00e3o tur\u00edstica e cultural do Munic\u00edpio de \u00c9vora. O conjunto de funcionalidades disponibilizadas permite \u00e0 autarquia comunicar e receber feedback direto dos mun\u00edcipes atrav\u00e9s da disponibiliza\u00e7\u00e3o de alguns servi\u00e7os.<\/p>\n<p>Com esta ferramenta todos aqueles que vivem, trabalham e visitam \u00c9vora, passam a dispor de uma forma instant\u00e2nea e intuitiva de intera\u00e7\u00e3o com o munic\u00edpio. Informa\u00e7\u00e3o \u00fatil sobre o concelho, patrim\u00f3nio, gastronomia, onde comer, dormir e o que visitar, s\u00e3o apenas algumas das in\u00fameras funcionalidades da aplica\u00e7\u00e3o.<\/p>\n<p>\u00c0 dist\u00e2ncia de um toque passa a estar a possibilidade de, em tempo real, o cidad\u00e3o comunicar ocorr\u00eancias (roturas de \u00e1gua, queda de sinaliza\u00e7\u00e3o) ou, simplesmente receber as not\u00edcias e alertas emitidos pela autarquia.<\/p>\n<p>Para fazer a instala\u00e7\u00e3o precisa apenas de aceder \u00e0 &#8220;loja&#8221; do seu smartphone, pesquisar por \u00c9vora e descarregar o ficheiro.<\/p>\n<p>A aplica\u00e7\u00e3o pode ser descarregada aqui:<\/p>\n<p style=\"text-align: center\"><a href=\"https:\/\/itunes.apple.com\/br\/app\/municipio-de-evora\/id1123983063?mt=8\" target=\"_blank\" rel=\"noopener noreferrer\"><img loading=\"lazy\" decoding=\"async\" class=\"alignnone wp-image-18524 size-full\" src=\"https:\/\/www.cm-evora.pt\/wp-content\/uploads\/2021\/01\/appstore.jpg\" alt=\"\" width=\"124\" height=\"43\" \/><\/a> <a href=\"https:\/\/play.google.com\/store\/apps\/details?id=com.edubox.appevora\" target=\"_blank\" rel=\"noopener noreferrer\"><img loading=\"lazy\" decoding=\"async\" class=\"alignnone wp-image-18525 size-full\" src=\"https:\/\/www.cm-evora.pt\/wp-content\/uploads\/2021\/01\/google-pl.jpg\" alt=\"\" width=\"124\" height=\"42\" \/><\/a><\/p>\n","protected":false},"excerpt":{"rendered":"<p>A C\u00e2mara de \u00c9vora tem uma aplica\u00e7\u00e3o gratuita para smartphone, compat\u00edvel com todos os sistemas operativos: Android e iOS. &nbsp; &nbsp; Esta aplica\u00e7\u00e3o visa a publicita\u00e7\u00e3o de not\u00edcias e eventos, divulga\u00e7\u00e3o de informa\u00e7\u00f5es e promo\u00e7\u00e3o tur\u00edstica e cultural do Munic\u00edpio de \u00c9vora. O conjunto de funcionalidades disponibilizadas permite \u00e0 autarquia comunicar e receber feedback direto [&hellip;]<\/p>\n","protected":false},"author":1,"featured_media":0,"parent":70795,"menu_order":1,"comment_status":"closed","ping_status":"closed","template":"templates-map\/component-text-layout1.php","meta":{"_acf_changed":false,"footnotes":""},"categories":[],"class_list":["post-2631","page","type-page","status-publish","hentry"],"acf":{"imagens":"","titulo_docs_seccao":"","documentos":""},"_links":{"self":[{"href":"https:\/\/www.cm-evora.pt\/en\/wp-json\/wp\/v2\/pages\/2631","targetHints":{"allow":["GET"]}}],"collection":[{"href":"https:\/\/www.cm-evora.pt\/en\/wp-json\/wp\/v2\/pages"}],"about":[{"href":"https:\/\/www.cm-evora.pt\/en\/wp-json\/wp\/v2\/types\/page"}],"author":[{"embeddable":true,"href":"https:\/\/www.cm-evora.pt\/en\/wp-json\/wp\/v2\/users\/1"}],"replies":[{"embeddable":true,"href":"https:\/\/www.cm-evora.pt\/en\/wp-json\/wp\/v2\/comments?post=2631"}],"version-history":[{"count":13,"href":"https:\/\/www.cm-evora.pt\/en\/wp-json\/wp\/v2\/pages\/2631\/revisions"}],"predecessor-version":[{"id":70903,"href":"https:\/\/www.cm-evora.pt\/en\/wp-json\/wp\/v2\/pages\/2631\/revisions\/70903"}],"up":[{"embeddable":true,"href":"https:\/\/www.cm-evora.pt\/en\/wp-json\/wp\/v2\/pages\/70795"}],"wp:attachment":[{"href":"https:\/\/www.cm-evora.pt\/en\/wp-json\/wp\/v2\/media?parent=2631"}],"wp:term":[{"taxonomy":"category","embeddable":true,"href":"https:\/\/www.cm-evora.pt\/en\/wp-json\/wp\/v2\/categories?post=2631"}],"curies":[{"name":"wp","href":"https:\/\/api.w.org\/{rel}","templated":true}]}}