{"id":2633,"date":"2025-12-23T14:44:58","date_gmt":"2025-12-23T14:44:58","guid":{"rendered":"https:\/\/evora2.int.skilltech.pt\/susProjects\/wp_evora2_suite\/?page_id=2633"},"modified":"2026-04-16T14:34:09","modified_gmt":"2026-04-16T13:34:09","slug":"guia-da-semana","status":"publish","type":"page","link":"https:\/\/www.cm-evora.pt\/en\/municipe\/agenda-e-noticias\/media-center\/guia-da-semana\/","title":{"rendered":"Guia da Semana"},"content":{"rendered":"<p><\/p>\n<p style=\"text-align: center\"><a href=\"https:\/\/www.cm-evora.pt\/wp-content\/uploads\/2021\/01\/Site_GuiaDaSemana_IMG-02.png\"><img loading=\"lazy\" decoding=\"async\" class=\"alignnone size-full wp-image-18528\" src=\"https:\/\/www.cm-evora.pt\/wp-content\/uploads\/2021\/01\/Site_GuiaDaSemana_IMG-02.png\" alt=\"\" width=\"1332\" height=\"755\" srcset=\"https:\/\/www.cm-evora.pt\/wp-content\/uploads\/2021\/01\/Site_GuiaDaSemana_IMG-02.png 1332w, https:\/\/www.cm-evora.pt\/wp-content\/uploads\/2021\/01\/Site_GuiaDaSemana_IMG-02-300x170.png 300w, https:\/\/www.cm-evora.pt\/wp-content\/uploads\/2021\/01\/Site_GuiaDaSemana_IMG-02-1024x580.png 1024w, https:\/\/www.cm-evora.pt\/wp-content\/uploads\/2021\/01\/Site_GuiaDaSemana_IMG-02-768x435.png 768w, https:\/\/www.cm-evora.pt\/wp-content\/uploads\/2021\/01\/Site_GuiaDaSemana_IMG-02-1320x748.png 1320w\" sizes=\"auto, (max-width: 1332px) 100vw, 1332px\" \/><\/a><\/p>\n<p><span class=\"ms-rteThemeForeColor-4-5\">O<\/span><span class=\"ms-rteThemeForeColor-9-4\"><strong>\u00a0Guia da Semana<\/strong><\/span>\u00a0<span class=\"ms-rteThemeForeColor-4-5\">apresenta algumas propostas da oferta cultural em \u00c9vora para semana em curso. \u00c9 enviado todas as quintas-feiras para uma lista de emails de utilizadores registados e distribu\u00eddo, em papel, \u00e0s sextas-feiras.<\/span><\/p>\n<p><span class=\"ms-rteThemeForeColor-4-5\">Todas as atividades culturais podem ser consultadas na p\u00e1gina da <a href=\"https:\/\/www.cm-evora.pt\/municipe\/agenda-e-noticias\/agenda\/lista-de-eventos\/\" target=\"_blank\" rel=\"noopener noreferrer\">Agenda Cultural<\/a>.<\/span><\/p>\n<p>&nbsp;<\/p>\n<p style=\"text-align: center\"><a href=\"https:\/\/www.cm-evora.pt\/wp-content\/uploads\/2025\/09\/Guia_25set-1out_online.pdf\" target=\"_blank\" rel=\"noopener\">CLIQUE PARA VISUALIZAR<\/a><\/p>\n<p><a href=\"https:\/\/www.cm-evora.pt\/wp-content\/uploads\/2025\/09\/Guia_25set-1out_online.png\"><img loading=\"lazy\" decoding=\"async\" class=\"aligncenter wp-image-77992 size-full\" src=\"https:\/\/www.cm-evora.pt\/wp-content\/uploads\/2025\/09\/Guia_25set-1out_online.png\" alt=\"\" width=\"620\" height=\"877\" srcset=\"https:\/\/www.cm-evora.pt\/wp-content\/uploads\/2025\/09\/Guia_25set-1out_online.png 620w, https:\/\/www.cm-evora.pt\/wp-content\/uploads\/2025\/09\/Guia_25set-1out_online-212x300.png 212w\" sizes=\"auto, (max-width: 620px) 100vw, 620px\" \/><\/a><\/p>\n<p>&nbsp;<\/p>\n<div style=\"text-align: center\"><\/div>\n<p><span class=\"ms-rteThemeForeColor-9-4\"><strong>Subscrever \/\/\/<\/strong><\/span><\/p>\n<p><span class=\"ms-rteThemeForeColor-4-5\">Registe-se para receber o guia da semana no seu email.\u00a0<\/span><span class=\"ms-rteThemeForeColor-4-5\">Envie\u00a0<\/span><span class=\"ms-rteThemeForeColor-4-5\">um email para\u00a0<\/span><span class=\"ms-rteForeColor-8\"><a href=\"mailto:cme.dc@cm-evora.pt\" target=\"_blank\" rel=\"noopener noreferrer\">cme.dc@cm-evora.pt<\/a>\u200b<\/span>.<\/p>\n<p><\/p>","protected":false},"excerpt":{"rendered":"<p>O\u00a0Guia da Semana\u00a0apresenta algumas propostas da oferta cultural em \u00c9vora para semana em curso. \u00c9 enviado todas as quintas-feiras para uma lista de emails de utilizadores registados e distribu\u00eddo, em papel, \u00e0s sextas-feiras. Todas as atividades culturais podem ser consultadas na p\u00e1gina da Agenda Cultural. &nbsp; CLIQUE PARA VISUALIZAR &nbsp; Subscrever \/\/\/ Registe-se para receber [&hellip;]<\/p>\n","protected":false},"author":1,"featured_media":0,"parent":2750,"menu_order":3,"comment_status":"closed","ping_status":"closed","template":"templates-map\/component-text-layout1.php","meta":{"_acf_changed":false,"footnotes":""},"categories":[],"class_list":["post-2633","page","type-page","status-publish","hentry"],"acf":{"imagens":"","titulo_docs_seccao":"","documentos":""},"_links":{"self":[{"href":"https:\/\/www.cm-evora.pt\/en\/wp-json\/wp\/v2\/pages\/2633","targetHints":{"allow":["GET"]}}],"collection":[{"href":"https:\/\/www.cm-evora.pt\/en\/wp-json\/wp\/v2\/pages"}],"about":[{"href":"https:\/\/www.cm-evora.pt\/en\/wp-json\/wp\/v2\/types\/page"}],"author":[{"embeddable":true,"href":"https:\/\/www.cm-evora.pt\/en\/wp-json\/wp\/v2\/users\/1"}],"replies":[{"embeddable":true,"href":"https:\/\/www.cm-evora.pt\/en\/wp-json\/wp\/v2\/comments?post=2633"}],"version-history":[{"count":51,"href":"https:\/\/www.cm-evora.pt\/en\/wp-json\/wp\/v2\/pages\/2633\/revisions"}],"predecessor-version":[{"id":83142,"href":"https:\/\/www.cm-evora.pt\/en\/wp-json\/wp\/v2\/pages\/2633\/revisions\/83142"}],"up":[{"embeddable":true,"href":"https:\/\/www.cm-evora.pt\/en\/wp-json\/wp\/v2\/pages\/2750"}],"wp:attachment":[{"href":"https:\/\/www.cm-evora.pt\/en\/wp-json\/wp\/v2\/media?parent=2633"}],"wp:term":[{"taxonomy":"category","embeddable":true,"href":"https:\/\/www.cm-evora.pt\/en\/wp-json\/wp\/v2\/categories?post=2633"}],"curies":[{"name":"wp","href":"https:\/\/api.w.org\/{rel}","templated":true}]}}