{"id":2635,"date":"2020-02-03T15:25:15","date_gmt":"2020-02-03T15:25:15","guid":{"rendered":"https:\/\/evora2.int.skilltech.pt\/susProjects\/wp_evora2_suite\/?page_id=2635"},"modified":"2025-10-22T13:22:26","modified_gmt":"2025-10-22T12:22:26","slug":"identidade-visual-do-municipio","status":"publish","type":"page","link":"https:\/\/www.cm-evora.pt\/en\/municipe\/agenda-e-noticias\/media-center\/identidade-visual-do-municipio\/","title":{"rendered":"Kit m"},"content":{"rendered":"<p><\/p>\n<p style=\"text-align: center\"><a href=\"https:\/\/www.cm-evora.pt\/wp-content\/uploads\/2021\/01\/IdentidadeVisualEvora_sute_-07_639x362.jpg\" target=\"_blank\" rel=\"noopener\"><img loading=\"lazy\" decoding=\"async\" class=\"alignnone wp-image-18533 size-full\" src=\"https:\/\/www.cm-evora.pt\/wp-content\/uploads\/2021\/01\/IdentidadeVisualEvora_sute_-07_639x362.jpg\" alt=\"\" width=\"639\" height=\"362\" srcset=\"https:\/\/www.cm-evora.pt\/wp-content\/uploads\/2021\/01\/IdentidadeVisualEvora_sute_-07_639x362.jpg 639w, https:\/\/www.cm-evora.pt\/wp-content\/uploads\/2021\/01\/IdentidadeVisualEvora_sute_-07_639x362-300x170.jpg 300w\" sizes=\"auto, (max-width: 639px) 100vw, 639px\" \/><\/a><\/p>\n<p style=\"text-align: center\"><a href=\"https:\/\/www.cm-evora.pt\/wp-content\/uploads\/2021\/01\/IdentidadeVisualEvora_sute_-08.png\" target=\"_blank\" rel=\"noopener\"><img loading=\"lazy\" decoding=\"async\" class=\"alignnone wp-image-18534 size-full\" src=\"https:\/\/www.cm-evora.pt\/wp-content\/uploads\/2021\/01\/IdentidadeVisualEvora_sute_-08.png\" alt=\"\" width=\"2819\" height=\"2316\" srcset=\"https:\/\/www.cm-evora.pt\/wp-content\/uploads\/2021\/01\/IdentidadeVisualEvora_sute_-08.png 2819w, https:\/\/www.cm-evora.pt\/wp-content\/uploads\/2021\/01\/IdentidadeVisualEvora_sute_-08-300x246.png 300w, https:\/\/www.cm-evora.pt\/wp-content\/uploads\/2021\/01\/IdentidadeVisualEvora_sute_-08-1024x841.png 1024w, https:\/\/www.cm-evora.pt\/wp-content\/uploads\/2021\/01\/IdentidadeVisualEvora_sute_-08-768x631.png 768w, https:\/\/www.cm-evora.pt\/wp-content\/uploads\/2021\/01\/IdentidadeVisualEvora_sute_-08-1536x1262.png 1536w, https:\/\/www.cm-evora.pt\/wp-content\/uploads\/2021\/01\/IdentidadeVisualEvora_sute_-08-2048x1683.png 2048w, https:\/\/www.cm-evora.pt\/wp-content\/uploads\/2021\/01\/IdentidadeVisualEvora_sute_-08-1320x1084.png 1320w\" sizes=\"auto, (max-width: 2819px) 100vw, 2819px\" \/><\/a><\/p>\n<p>&nbsp;<\/p>\n<div><span class=\"ms-rteThemeForeColor-4-5\"><strong>\u00c9VORA<\/strong><\/span><\/div>\n<div><span class=\"ms-rteThemeForeColor-4-5\">Cidade e concelho com uma Hist\u00f3ria milenar que forjou um Povo resistente, amante da liberdade, em busca continuada de caminhos do progresso social e da modernidade.<\/span><\/div>\n<div><span class=\"ms-rteThemeForeColor-4-5\">Cidade e concelho com uma forte identidade, integrante da marcante e \u00fanica identidade alentejana.<\/span><\/div>\n<div><span class=\"ms-rteThemeForeColor-4-5\">Esta \u00e9 nova imagem do nosso Munic\u00edpio.<\/span><\/div>\n<div><span class=\"ms-rteThemeForeColor-4-5\">Uma imagem que parte das nossas ra\u00edzes e identidade e representa um Munic\u00edpio din\u00e2mico, apostado na qualidade de vida e no desenvolvimento sustentado, apontado \u00e0 constru\u00e7\u00e3o de um melhor futuro para \u00c9vora.<\/span><\/div>\n<div><span class=\"ms-rteThemeForeColor-4-5\">A \u00c9vora das novas gera\u00e7\u00f5es que querem transformar o mundo.<\/span><\/div>\n<div><span class=\"ms-rteThemeForeColor-4-5\">A \u00c9vora do saud\u00e1vel conv\u00edvio entre Ser Humano e natureza, a vastid\u00e3o e largos horizontes das plan\u00edcies que encantam at\u00e9 onde a vista alcan\u00e7a.<\/span><\/div>\n<div><span class=\"ms-rteThemeForeColor-4-5\">A \u00c9vora, terra de p\u00e3o e vinho, da gastronomia de necessidade e experi\u00eancia feita, onde existe sempre lugar na mesa para mais um amigo.<\/span><\/div>\n<div><span class=\"ms-rteThemeForeColor-4-5\">A \u00c9vora da diversidade econ\u00f3mica, do tradicional \u00e0 produ\u00e7\u00e3o e servi\u00e7os globais e de ponta, do turismo.<\/span><\/div>\n<div><span class=\"ms-rteThemeForeColor-4-5\">A \u00c9vora da educa\u00e7\u00e3o, da solidariedade social e do desporto.<\/span><\/div>\n<div><span class=\"ms-rteThemeForeColor-4-5\">A \u00c9vora da sustentabilidade e do respeito pelo meio ambiente.<\/span><\/div>\n<div><span class=\"ms-rteThemeForeColor-4-5\">A \u00c9vora da ci\u00eancia, da tecnologia, da inova\u00e7\u00e3o.<\/span><\/div>\n<div><span class=\"ms-rteThemeForeColor-4-5\">A \u00c9vora da cultura, da arte e da hist\u00f3ria.<\/span><\/div>\n<div><span class=\"ms-rteThemeForeColor-4-5\">A \u00c9vora do campo e da cidade.<\/span><\/div>\n<div><span class=\"ms-rteThemeForeColor-4-5\">Somos patrim\u00f3nio da humanidade, somos alma alentejana.<\/span><\/div>\n<div><span class=\"ms-rteThemeForeColor-4-5\">\u00c9 \u00c9vora na sua diversidade que nos liga, que nos une, que nos marca, que nos apaixona.<\/span><\/div>\n<div><span class=\"ms-rteThemeForeColor-4-5\">Esta \u00e9 a nova imagem do Munic\u00edpio para \u00c9vora.<\/span><\/div>\n<div><\/div>\n<p>&nbsp;<\/p>\n<div><a href=\"https:\/\/www.cm-evora.pt\/wp-content\/uploads\/2021\/01\/IdentidadeVisualEvora_sute_-09.png\" target=\"_blank\" rel=\"noopener\"><img loading=\"lazy\" decoding=\"async\" class=\"alignnone wp-image-18535 size-full\" src=\"https:\/\/www.cm-evora.pt\/wp-content\/uploads\/2021\/01\/IdentidadeVisualEvora_sute_-09.png\" alt=\"\" width=\"2819\" height=\"1883\" srcset=\"https:\/\/www.cm-evora.pt\/wp-content\/uploads\/2021\/01\/IdentidadeVisualEvora_sute_-09.png 2819w, https:\/\/www.cm-evora.pt\/wp-content\/uploads\/2021\/01\/IdentidadeVisualEvora_sute_-09-300x200.png 300w, https:\/\/www.cm-evora.pt\/wp-content\/uploads\/2021\/01\/IdentidadeVisualEvora_sute_-09-1024x684.png 1024w, https:\/\/www.cm-evora.pt\/wp-content\/uploads\/2021\/01\/IdentidadeVisualEvora_sute_-09-768x513.png 768w, https:\/\/www.cm-evora.pt\/wp-content\/uploads\/2021\/01\/IdentidadeVisualEvora_sute_-09-1536x1026.png 1536w, https:\/\/www.cm-evora.pt\/wp-content\/uploads\/2021\/01\/IdentidadeVisualEvora_sute_-09-2048x1368.png 2048w, https:\/\/www.cm-evora.pt\/wp-content\/uploads\/2021\/01\/IdentidadeVisualEvora_sute_-09-1320x882.png 1320w\" sizes=\"auto, (max-width: 2819px) 100vw, 2819px\" \/><\/a><\/div>\n<p>&nbsp;<\/p>\n<div>\n<p><strong class=\"ms-rteThemeForeColor-9-4\">FICHEIRO PARA DOWNLOAD<\/strong><\/p>\n<p><span class=\"ms-rteThemeForeColor-9-4\">A utiliza\u00e7\u00e3o da identidade visual do Munic\u00edpio est\u00e1 sujeita a autoriza\u00e7\u00e3o pr\u00e9via da C\u00e2mara Municipal.<\/span><\/p>\n<\/div>\n<p><\/p>","protected":false},"excerpt":{"rendered":"<p>&nbsp; \u00c9VORA Cidade e concelho com uma Hist\u00f3ria milenar que forjou um Povo resistente, amante da liberdade, em busca continuada de caminhos do progresso social e da modernidade. Cidade e concelho com uma forte identidade, integrante da marcante e \u00fanica identidade alentejana. Esta \u00e9 nova imagem do nosso Munic\u00edpio. Uma imagem que parte das nossas [&hellip;]<\/p>\n","protected":false},"author":1,"featured_media":0,"parent":2750,"menu_order":1,"comment_status":"closed","ping_status":"closed","template":"templates-map\/component-text-layout1.php","meta":{"_acf_changed":false,"footnotes":""},"categories":[],"class_list":["post-2635","page","type-page","status-publish","hentry"],"acf":{"imagens":"","titulo_docs_seccao":"","documentos":[18536,78590,57363,58726]},"_links":{"self":[{"href":"https:\/\/www.cm-evora.pt\/en\/wp-json\/wp\/v2\/pages\/2635","targetHints":{"allow":["GET"]}}],"collection":[{"href":"https:\/\/www.cm-evora.pt\/en\/wp-json\/wp\/v2\/pages"}],"about":[{"href":"https:\/\/www.cm-evora.pt\/en\/wp-json\/wp\/v2\/types\/page"}],"author":[{"embeddable":true,"href":"https:\/\/www.cm-evora.pt\/en\/wp-json\/wp\/v2\/users\/1"}],"replies":[{"embeddable":true,"href":"https:\/\/www.cm-evora.pt\/en\/wp-json\/wp\/v2\/comments?post=2635"}],"version-history":[{"count":13,"href":"https:\/\/www.cm-evora.pt\/en\/wp-json\/wp\/v2\/pages\/2635\/revisions"}],"predecessor-version":[{"id":78592,"href":"https:\/\/www.cm-evora.pt\/en\/wp-json\/wp\/v2\/pages\/2635\/revisions\/78592"}],"up":[{"embeddable":true,"href":"https:\/\/www.cm-evora.pt\/en\/wp-json\/wp\/v2\/pages\/2750"}],"acf:post":[{"embeddable":true,"href":"https:\/\/www.cm-evora.pt\/en\/wp-json\/wp\/v2\/listas_ficheiros\/58726"},{"embeddable":true,"href":"https:\/\/www.cm-evora.pt\/en\/wp-json\/wp\/v2\/listas_ficheiros\/57363"},{"embeddable":true,"href":"https:\/\/www.cm-evora.pt\/en\/wp-json\/wp\/v2\/listas_ficheiros\/78590"},{"embeddable":true,"href":"https:\/\/www.cm-evora.pt\/en\/wp-json\/wp\/v2\/listas_ficheiros\/18536"}],"wp:attachment":[{"href":"https:\/\/www.cm-evora.pt\/en\/wp-json\/wp\/v2\/media?parent=2635"}],"wp:term":[{"taxonomy":"category","embeddable":true,"href":"https:\/\/www.cm-evora.pt\/en\/wp-json\/wp\/v2\/categories?post=2635"}],"curies":[{"name":"wp","href":"https:\/\/api.w.org\/{rel}","templated":true}]}}