{"id":26457,"date":"2021-09-13T11:39:03","date_gmt":"2021-09-13T10:39:03","guid":{"rendered":"https:\/\/www.cm-evora.pt\/?page_id=26457"},"modified":"2025-09-03T09:42:35","modified_gmt":"2025-09-03T08:42:35","slug":"inicio-do-ano-letivo-2025-2026","status":"publish","type":"page","link":"https:\/\/www.cm-evora.pt\/en\/municipe\/areas-de-acao\/educacao\/inicio-do-ano-letivo-2025-2026\/","title":{"rendered":"In\u00edcio do Ano Letivo 2025\/2026"},"content":{"rendered":"<p style=\"text-align: center\"><a href=\"https:\/\/www.cm-evora.pt\/wp-content\/uploads\/2025\/09\/Programa_IAL2025_2026_semAndreGouveia_page-0002.jpg\"><img loading=\"lazy\" decoding=\"async\" class=\"alignnone size-full wp-image-77509\" src=\"https:\/\/www.cm-evora.pt\/wp-content\/uploads\/2025\/09\/Programa_IAL2025_2026_semAndreGouveia_page-0002.jpg\" alt=\"\" width=\"1241\" height=\"875\" srcset=\"https:\/\/www.cm-evora.pt\/wp-content\/uploads\/2025\/09\/Programa_IAL2025_2026_semAndreGouveia_page-0002.jpg 1241w, https:\/\/www.cm-evora.pt\/wp-content\/uploads\/2025\/09\/Programa_IAL2025_2026_semAndreGouveia_page-0002-300x212.jpg 300w, https:\/\/www.cm-evora.pt\/wp-content\/uploads\/2025\/09\/Programa_IAL2025_2026_semAndreGouveia_page-0002-1024x722.jpg 1024w, https:\/\/www.cm-evora.pt\/wp-content\/uploads\/2025\/09\/Programa_IAL2025_2026_semAndreGouveia_page-0002-768x541.jpg 768w\" sizes=\"auto, (max-width: 1241px) 100vw, 1241px\" \/><\/a><\/p>\n<p>&nbsp;<\/p>\n<h2 style=\"text-align: center\">Programa de In\u00edcio de Ano Letivo 2025\/2026<\/h2>\n<h3><span style=\"color: #00ccff\"><strong>Autismo | Um puzzle por construir<\/strong><\/span><\/h3>\n<p><span style=\"color: #00ccff\">A\u00e7\u00e3o de Forma\u00e7\u00e3o<\/span><\/p>\n<p><strong>Data:<\/strong> 3 e 4 de setembro<\/p>\n<p><strong>Hor\u00e1rio:<\/strong> 09h00-13h00<\/p>\n<p><strong>Local:<\/strong> Audit\u00f3rio da Escola B\u00e1sica Manuel Ferreira Patr\u00edcio<\/p>\n<p><strong>P\u00fablico-alvo:<\/strong> Pessoal N\u00e3o Docente (Ensino B\u00e1sico)<\/p>\n<p><strong>Organiza\u00e7\u00e3o:<\/strong> APPACDM de \u00c9vora em parceria com o Agrupamento<\/p>\n<p>de Escolas Manuel Ferreira Patr\u00edcio, com o apoio da CME e dos Agrupamentos Severim de Faria, Gabriel Pereira e Andr\u00e9 de Gouveia.<\/p>\n<p>&nbsp;<\/p>\n<p>&nbsp;<\/p>\n<h3><span style=\"color: #00ccff\"><strong>Momento de (re)encontro<\/strong><\/span><\/h3>\n<p><strong>Data:<\/strong> 5 de setembro<\/p>\n<p><strong>Hor\u00e1rio:<\/strong> 14h00<\/p>\n<p><strong>Local:<\/strong> Piscinas Municipais de \u00c9vora<\/p>\n<p><strong>P\u00fablico-alvo:<\/strong> Pessoal N\u00e3o Docente<\/p>\n<p><strong>Organiza\u00e7\u00e3o:<\/strong> C\u00e2mara Municipal de \u00c9vora<\/p>\n<p><strong>Observa\u00e7\u00f5es:<\/strong> Entrada gratuita nas piscinas, aula de relaxamento e hidrogin\u00e1stica. Por raz\u00f5es organizacionais, h\u00e1 necessidade de inscri\u00e7\u00e3o pr\u00e9via, at\u00e9 dia 3 de setembro: <a href=\"mailto:cme.deis@cm-evora.pt\" target=\"_blank\" rel=\"noopener\">cme.deis@cm-evora.pt<\/a><\/p>\n<p>&nbsp;<\/p>\n<p>&nbsp;<\/p>\n<h3><span style=\"color: #00ccff\"><strong>Comunica\u00e7\u00e3o e Relacionamento Interpessoal<\/strong><\/span><\/h3>\n<p><span style=\"color: #00ccff\">A\u00e7\u00e3o de Forma\u00e7\u00e3o<\/span><\/p>\n<p><strong>Data:<\/strong> 9 de setembro<\/p>\n<p><strong>Hor\u00e1rio:<\/strong> 09h00-13h00<\/p>\n<p><strong>Local: <\/strong>Audit\u00f3rio da Escola B\u00e1sica Manuel Ferreira Patr\u00edcio<\/p>\n<p><strong>P\u00fablico-alvo:<\/strong> Pessoal N\u00e3o Docente (Ensino B\u00e1sico)<\/p>\n<p><strong>Organiza\u00e7\u00e3o:<\/strong> Equipa do CRI da APCE \u2013 Associa\u00e7\u00e3o de Paralisia Cerebral de \u00c9vora, com o apoio da C\u00e2mara Municipal de \u00c9vora e dos Agrupamentos de Escolas.<\/p>\n<p>&nbsp;<\/p>\n<p>&nbsp;<\/p>\n<h3><span style=\"color: #00ccff\"><strong>Capacitar para Incluir<\/strong><\/span><\/h3>\n<p><span style=\"color: #00ccff\">A\u00e7\u00e3o de Forma\u00e7\u00e3o<\/span><\/p>\n<p><strong>Data: <\/strong>9 de setembro<\/p>\n<p><strong>Hor\u00e1rio:<\/strong> 14h00-17h00<\/p>\n<p><strong>Local: <\/strong>Audit\u00f3rio da Escola B\u00e1sica Manuel Ferreira Patr\u00edcio<\/p>\n<p><strong>P\u00fablico-alvo:<\/strong> Pessoal N\u00e3o Docente (Educa\u00e7\u00e3o Pr\u00e9-Escolar)<\/p>\n<p><strong>Organiza\u00e7\u00e3o:<\/strong> C\u00e2mara Municipal de \u00c9vora<\/p>\n<p><strong>Observa\u00e7\u00f5es:<\/strong> ELI n\u00ba 1\/Cercidiana, ELI n\u00ba 2\/APCE \u2013 Associa\u00e7\u00e3o de Paralisia Cerebral de \u00c9vora, com o apoio da C\u00e2mara Municipal de \u00c9vora e dos Agrupamentos de Escolas.<\/p>\n<p>&nbsp;<\/p>\n<p>&nbsp;<\/p>\n<h3><span style=\"color: #00ccff\"><strong>Apresenta\u00e7\u00e3o Projeto Serpente Papa L\u00e9guas<\/strong><\/span><\/h3>\n<p><strong>Data: <\/strong>9 de setembro<\/p>\n<p><strong>Hor\u00e1rio:<\/strong> 09h30<\/p>\n<p><strong>Local: <\/strong>N\u00facleo Museol\u00f3gico do Alto de S. Bento<\/p>\n<p><strong>P\u00fablico-alvo:<\/strong> Pessoal Docente<\/p>\n<p><strong>Organiza\u00e7\u00e3o:<\/strong> C\u00e2mara Municipal de \u00c9vora<\/p>\n<p><strong>Observa\u00e7\u00f5es:<\/strong> Por raz\u00f5es organizacionais, h\u00e1 necessidade de inscri\u00e7\u00e3o pr\u00e9via, atrav\u00e9s do e-mail <a href=\"mailto:cme.djd@cm-evora.pt\" target=\"_blank\" rel=\"noopener\">cme.djd@cm-evora.pt<\/a>.<\/p>\n<p>&nbsp;<\/p>\n<p>&nbsp;<\/p>\n<h3><span style=\"color: #00ccff\"><strong>Apresenta\u00e7\u00e3o do Guia da Geologia do Alto de S. Bento<\/strong><\/span><\/h3>\n<p><strong>Data: <\/strong>9 de setembro<\/p>\n<p><strong>Hor\u00e1rio:<\/strong> 10h00<\/p>\n<p><strong>Local: <\/strong>N\u00facleo Museol\u00f3gico do Alto de S. Bento<\/p>\n<p>&nbsp;<\/p>\n<p>&nbsp;<\/p>\n<h3><span style=\"color: #00ccff\"><strong>Atividade sobre as propriedades medicinais e pl\u00e1sticas das argilas<\/strong><\/span><\/h3>\n<p><strong>Data: <\/strong>9 de setembro<\/p>\n<p><strong>Hor\u00e1rio:<\/strong> 11h00<\/p>\n<p><strong>Local: <\/strong>N\u00facleo Museol\u00f3gico do Alto de S. Bento<\/p>\n<p><strong>P\u00fablico-alvo:<\/strong> Pessoal Docente<\/p>\n<p><strong>Organiza\u00e7\u00e3o:<\/strong> C\u00e2mara Municipal de \u00c9vora<\/p>\n<p><strong>Observa\u00e7\u00f5es:<\/strong> Por raz\u00f5es organizacionais, h\u00e1 necessidade de inscri\u00e7\u00e3o pr\u00e9via, atrav\u00e9s do e-mail <a href=\"mailto:cme.deis@cm-evora.pt\" target=\"_blank\" rel=\"noopener\">cme.deis@cm-evora.pt<\/a>.<\/p>\n<p>&nbsp;<\/p>\n<p>&nbsp;<\/p>\n<h3><span style=\"color: #00ccff\"><strong>Recep\u00e7\u00e3o aos t\u00e9cnicos de AEC<\/strong><\/span><\/h3>\n<p><strong>Data:<\/strong> 10 de setembro<\/p>\n<p><strong>Hor\u00e1rio:<\/strong> 10h00<\/p>\n<p><strong>Local:<\/strong> Piscinas Municipais de \u00c9vora<\/p>\n<p><strong>P\u00fablico-alvo:<\/strong> T\u00e9cnicos de AEC\u2019s<\/p>\n<p><strong>Organiza\u00e7\u00e3o:<\/strong> C\u00e2mara Municipal de \u00c9vora<\/p>\n<p>&nbsp;<\/p>\n<p>&nbsp;<\/p>\n<h3><span style=\"color: #00ccff\"><strong>Compreender autismo<\/strong><\/span><\/h3>\n<p><strong>Data:<\/strong> 11 de setembro<\/p>\n<p><strong>Hor\u00e1rio: <\/strong>18h00-20h00<\/p>\n<p><strong>Local:<\/strong> Sal\u00e3o Central Eborense<\/p>\n<p><strong>P\u00fablico-alvo:<\/strong> P\u00fablico em geral<\/p>\n<p><strong>Organiza\u00e7\u00e3o:<\/strong> \u201cVencer Autismo\u201d com o apoio da Zurich e da C\u00e2mara Municipal de \u00c9vora<\/p>\n<p><strong>Observa\u00e7\u00f5es:<\/strong> <u>Inscri\u00e7\u00f5es<\/u>: <a href=\"http:\/\/www.vencer.link\/zurich\" target=\"_blank\" rel=\"noopener\">www.vencer.link\/zurich<\/a><\/p>\n<p>&nbsp;<\/p>\n<p>&nbsp;<\/p>\n<h3><span style=\"color: #00ccff\"><strong>Abertura do Jardim de Inf\u00e2ncia do B. de Almeirim<\/strong><\/span><\/h3>\n<p><strong>Data:<\/strong> 12 de setembro<\/p>\n<p><strong>Hor\u00e1rio: <\/strong>10h00<\/p>\n<p><strong>Local:<\/strong> JI Bairro de Almeirim<\/p>\n<p><strong>P\u00fablico-alvo:<\/strong> Crian\u00e7as e fam\u00edlias desta institui\u00e7\u00e3o<\/p>\n<p><strong>Organiza\u00e7\u00e3o:<\/strong> Agrupamento de Escolas Severim de Faria e C\u00e2mara Municipal de \u00c9vora<\/p>\n<p>&nbsp;<\/p>\n<p>&nbsp;<\/p>\n<h3><span style=\"color: #00ccff\"><strong>Livros com fotografias dentro<\/strong><\/span><\/h3>\n<p><span style=\"color: #00ccff\">Oficina Criativa<\/span><\/p>\n<p><strong>Data:<\/strong> 13 de setembro<\/p>\n<p><strong>Hor\u00e1rio: <\/strong>17h30<\/p>\n<p><strong>Local: <\/strong>Ludoteca<\/p>\n<p><strong>P\u00fablico-alvo:<\/strong> Fam\u00edlias com crian\u00e7as &gt;8 anos<\/p>\n<p><strong>Organiza\u00e7\u00e3o:<\/strong> C\u00e2mara Municipal de \u00c9vora<\/p>\n<p><strong>Observa\u00e7\u00f5es:<\/strong> Por raz\u00f5es organizacionais, necess\u00e1ria inscri\u00e7\u00e3o pr\u00e9via por e-mail: <a href=\"mailto:ludoteca@cm-evora.pt\" target=\"_blank\" rel=\"noopener\">ludoteca@cm-evora.pt<\/a>.<\/p>\n<p>&nbsp;<\/p>\n<p>&nbsp;<\/p>\n<h3><span style=\"color: #00ccff\"><strong>F\u00e1brica de Personagens, do Livro para as m\u00e3os<\/strong><\/span><\/h3>\n<p><span style=\"color: #00ccff\">Oficina Criativa<\/span><\/p>\n<p><strong>Data: <\/strong>14 de setembro<\/p>\n<p><strong>Hor\u00e1rio: <\/strong>17h30<\/p>\n<p><strong>Local: <\/strong>Ludoteca<\/p>\n<p><strong>P\u00fablico-alvo<\/strong>: Fam\u00edlias<\/p>\n<p><strong>Organiza\u00e7\u00e3o<\/strong>: C\u00e2mara Municipal de \u00c9vora<\/p>\n<p><strong>Observa\u00e7\u00f5es<\/strong>: Por raz\u00f5es organizacionais, necess\u00e1ria inscri\u00e7\u00e3o pr\u00e9via por e-mail: <a href=\"mailto:ludoteca@cm-evora.pt\" target=\"_blank\" rel=\"noopener\">ludoteca@cm-evora.pt<\/a>.<\/p>\n<p>&nbsp;<\/p>\n<p>&nbsp;<\/p>\n<h3><span style=\"color: #00ccff\"><strong>Volta \u00e0s escolas em bicicleta<\/strong><\/span><\/h3>\n<p><strong>Data:<\/strong>19 de setembro<\/p>\n<p><strong>Hor\u00e1rio:<\/strong> 08h30<\/p>\n<p><strong>P\u00fablico-alvo<\/strong>: Alunos e docentes<\/p>\n<p><strong>Organiza\u00e7\u00e3o<\/strong>: C\u00e2mara Municipal de \u00c9vora<\/p>\n<p><strong>Observa\u00e7\u00f5es<\/strong>: Inscri\u00e7\u00f5es dos professores e turmas em setembro para <a href=\"mailto:cme.djd@cm-evora.pt\" target=\"_blank\" rel=\"noopener\">cme.djd@cm-evora.pt<\/a>.<\/p>\n<p>&nbsp;<\/p>\n<p>&nbsp;<\/p>\n<h3><span style=\"color: #00ccff\"><strong>Livros com fotografias dentro<\/strong><\/span><\/h3>\n<p><span style=\"color: #00ccff\">Oficina Criativa<\/span><\/p>\n<p><strong>Data: <\/strong>20 de setembro<\/p>\n<p><strong>Hor\u00e1rio: <\/strong>11h30<\/p>\n<p><strong>Local: <\/strong>Ludoteca<\/p>\n<p><strong>P\u00fablico-alvo:<\/strong> Fam\u00edlias com crian\u00e7as &gt;8 anos<\/p>\n<p><strong>Organiza\u00e7\u00e3o:<\/strong> C\u00e2mara Municipal de \u00c9vora<\/p>\n<p><strong>Observa\u00e7\u00f5es:<\/strong> Por raz\u00f5es organizacionais, necess\u00e1ria inscri\u00e7\u00e3o pr\u00e9via por e-mail: <a href=\"mailto:ludoteca@cm-evora.pt\" target=\"_blank\" rel=\"noopener\">ludoteca@cm-evora.pt<\/a>.<\/p>\n<p>&nbsp;<\/p>\n<p>&nbsp;<\/p>\n<h3><span style=\"color: #00ccff\"><strong>Desafios no ensino b\u00e1sico<\/strong><\/span><\/h3>\n<p><span style=\"color: #00ccff\">Ciclo de Conversas Ludoteca<\/span><\/p>\n<p><strong>Data: <\/strong>20 de setembro<\/p>\n<p><strong>Hor\u00e1rio: <\/strong>15h00<\/p>\n<p><strong>Local: <\/strong>Ludoteca<\/p>\n<p><strong>P\u00fablico-alvo<\/strong>: Pais e cuidadores, profissionais com interesse na tem\u00e1tica<\/p>\n<p><strong>Organiza\u00e7\u00e3o<\/strong>: C\u00e2mara Municipal de \u00c9vora e Unidade da Vinci de \u00c9vora<\/p>\n<p><strong>Observa\u00e7\u00f5es<\/strong>: Inscri\u00e7\u00f5es at\u00e9 ao dia 15 de setembro, atrav\u00e9s do e-mail <a href=\"mailto:ludoteca@cm-evora.pt\" target=\"_blank\" rel=\"noopener\">ludoteca@cm-evora.pt<\/a>.<\/p>\n<p>&nbsp;<\/p>\n<p>&nbsp;<\/p>\n<h3><span style=\"color: #00ccff\"><strong>F\u00e1brica de Personagens, do Livro para as m\u00e3os<\/strong><\/span><\/h3>\n<p><span style=\"color: #00ccff\">Oficina Criativa<\/span><\/p>\n<p><strong>Data: <\/strong>21 de setembro<\/p>\n<p><strong>Hor\u00e1rio: <\/strong>11h00<\/p>\n<p><strong>Local: <\/strong>Ludoteca<\/p>\n<p><strong>P\u00fablico-alvo<\/strong>: Fam\u00edlias<\/p>\n<p><strong>Organiza\u00e7\u00e3o<\/strong>: C\u00e2mara Municipal de \u00c9vora<\/p>\n<p><strong>Observa\u00e7\u00f5es<\/strong>: Por raz\u00f5es organizacionais, necess\u00e1ria inscri\u00e7\u00e3o pr\u00e9via por e-mail: <a href=\"mailto:ludoteca@cm-evora.pt\" target=\"_blank\" rel=\"noopener\">ludoteca@cm-evora.pt<\/a>.<\/p>\n<p>&nbsp;<\/p>\n<p>&nbsp;<\/p>\n<h3><span style=\"color: #00ccff\"><strong>11\u00ba Contan\u00e1rio &#8211; Festival Internacional de Contos e Formas de Contar<\/strong><\/span><\/h3>\n<p><strong>Data: <\/strong>23 a 27 de setembro<\/p>\n<p><strong>Organiza\u00e7\u00e3o<\/strong>: Associa\u00e7\u00e3o \u00c9 Neste Pa\u00eds, com o apoio: C\u00e2mara Municipal de \u00c9vora | DGArtes<\/p>\n<p><strong>Observa\u00e7\u00f5es<\/strong>: Apresenta\u00e7\u00f5es de espet\u00e1culos na cidade, mantendo a diversidade de linguagens e \u00e1reas art\u00edsticas que representam os diferentes modos de contar.<\/p>\n<p>Est\u00e3o programados espet\u00e1culos de marionetas, teatro, narra\u00e7\u00e3o oral, m\u00fasica, apresenta\u00e7\u00f5es de livros e encontros com contadores, escritores e ilustradores.<\/p>\n<p><u>Informa\u00e7\u00f5es<\/u>: <a href=\"http:\/\/www.enestepais.pt\" target=\"_blank\" rel=\"noopener\">www.enestepais.pt<\/a><\/p>\n<p>&nbsp;<\/p>\n<p>&nbsp;<\/p>\n<h3><span style=\"color: #00ccff\"><strong>Noite Europeia dos Investigadores<\/strong><\/span><\/h3>\n<p><strong>Data: <\/strong>26 de setembro<\/p>\n<p><strong>Hor\u00e1rio:<\/strong> 17h00-22h30<\/p>\n<p><strong>Local: <\/strong>Mercado Municipal, Pra\u00e7a 1\u00ba de Maio<\/p>\n<p><strong>P\u00fablico-alvo<\/strong>: P\u00fablico em geral<\/p>\n<p><strong>Organiza\u00e7\u00e3o<\/strong>: Universidade de \u00c9vora, com o apoio da C\u00e2mara Municipal de \u00c9vora.<\/p>\n<p><strong>Observa\u00e7\u00f5es<\/strong>: Esta iniciativa em Portugal acontece nas cidades de \u00c9vora, Braga, Coimbra e Lisboa.<\/p>\n<p>Em \u00c9vora, a organiza\u00e7\u00e3o pertence \u00e0 U\u00c9 \u2013 Laborat\u00f3rio HERCULES com o apoio da C\u00e2mara Municipal de \u00c9vora e de outras institui\u00e7\u00f5es locais.<\/p>\n<p>&nbsp;<\/p>\n<p>&nbsp;<\/p>\n<h3><span style=\"color: #00ccff\"><strong>IV Conselho Local J\u00fanior de Adapta\u00e7\u00e3o \u00e0s Altera\u00e7\u00f5es Clim\u00e1ticas<\/strong><\/span><\/h3>\n<p><strong>Data:<\/strong> 2 de outubro<\/p>\n<p><strong>Hor\u00e1rio:<\/strong> 09h00-12h00<\/p>\n<p><strong>Local: <\/strong>Pa\u00e7os do Concelho<\/p>\n<p><strong>P\u00fablico-alvo<\/strong>: 10\u00ba,11\u00ba,12\u00ba ano<\/p>\n<p><strong>Organiza\u00e7\u00e3o<\/strong>: Universidade de \u00c9vora, com o apoio da C\u00e2mara Municipal de \u00c9vora.<\/p>\n<p><strong>Observa\u00e7\u00f5es<\/strong>:<\/p>\n<p><u>Limite de inscri\u00e7\u00f5es<\/u>: 30 alunos (1 ou 2 turmas) por Agrupamento;<\/p>\n<p><u>Inscri\u00e7\u00f5es<\/u>: dos professores e turmas em setembro para <a href=\"mailto:cme.djd@cm-evora.pt\" target=\"_blank\" rel=\"noopener\">cme.djd@cm-evora.pt<\/a><\/p>\n<p>&nbsp;<\/p>\n<p>&nbsp;<\/p>\n<h3><span style=\"color: #00ccff\"><strong>Encontro Internacional de Arte Jovem<\/strong><\/span><\/h3>\n<p><strong>Data:<\/strong> 5 a 12 de outubro<\/p>\n<p>&nbsp;<\/p>\n<h4><span style=\"color: #00ccff\"><strong>Visitas-jogo<\/strong><\/span><\/h4>\n<p><strong>Data:<\/strong> 9 a 31 de outubro<\/p>\n<p><strong>Hor\u00e1rio: <\/strong>Todas as 4\u00aas, 5\u00aas e 6\u00aas feiras \u00e0s 10h00<\/p>\n<p><strong>Local: <\/strong>Igreja de S. Vicente<\/p>\n<p><strong>P\u00fablico-alvo<\/strong>: Pr\u00e9-escolar e 1\u00ba ciclo<\/p>\n<p><strong>Organiza\u00e7\u00e3o<\/strong>: TEOARTIS e C\u00e2mara Municipal de \u00c9vora<\/p>\n<p><strong>Observa\u00e7\u00f5es<\/strong>: Inscri\u00e7\u00f5es com Margarida Branco: +351 266 777 000 \u00abChamada para a rede fixa nacional\u00bb<\/p>\n<p>&nbsp;<\/p>\n<p>&nbsp;<\/p>\n<h3><span style=\"color: #00ccff\"><strong>Festival Internacional de Arte Jovem<\/strong><\/span><\/h3>\n<p><strong>Data:<\/strong> Exposi\u00e7\u00f5es de 8 a 31 de outubro<\/p>\n<p>&nbsp;<\/p>\n<p>&nbsp;<\/p>\n<p><strong>Para mais informa\u00e7\u00f5es:<\/strong><\/p>\n<p>Divis\u00e3o de Educa\u00e7\u00e3o e Interven\u00e7\u00e3o Social<\/p>\n<p><u>Email<\/u>: <a href=\"mailto:cme.deis@cm-evora.pt\" target=\"_blank\" rel=\"noopener\">cme.deis@cm-evora.pt<\/a><\/p>\n<p><u>Telefone<\/u>: <a href=\"tel:+351266777000\" target=\"_blank\" rel=\"noopener\">+351 266 777 000<\/a><\/p>\n","protected":false},"excerpt":{"rendered":"<p>&nbsp; Programa de In\u00edcio de Ano Letivo 2025\/2026 Autismo | Um puzzle por construir A\u00e7\u00e3o de Forma\u00e7\u00e3o Data: 3 e 4 de setembro Hor\u00e1rio: 09h00-13h00 Local: Audit\u00f3rio da Escola B\u00e1sica Manuel Ferreira Patr\u00edcio P\u00fablico-alvo: Pessoal N\u00e3o Docente (Ensino B\u00e1sico) Organiza\u00e7\u00e3o: APPACDM de \u00c9vora em parceria com o Agrupamento de Escolas Manuel Ferreira Patr\u00edcio, com o [&hellip;]<\/p>\n","protected":false},"author":45,"featured_media":0,"parent":1504,"menu_order":8,"comment_status":"closed","ping_status":"closed","template":"templates-map\/component-text-layout1.php","meta":{"_acf_changed":false,"footnotes":""},"categories":[],"class_list":["post-26457","page","type-page","status-publish","hentry"],"acf":{"imagens":"","titulo_docs_seccao":"","documentos":[77512]},"_links":{"self":[{"href":"https:\/\/www.cm-evora.pt\/en\/wp-json\/wp\/v2\/pages\/26457","targetHints":{"allow":["GET"]}}],"collection":[{"href":"https:\/\/www.cm-evora.pt\/en\/wp-json\/wp\/v2\/pages"}],"about":[{"href":"https:\/\/www.cm-evora.pt\/en\/wp-json\/wp\/v2\/types\/page"}],"author":[{"embeddable":true,"href":"https:\/\/www.cm-evora.pt\/en\/wp-json\/wp\/v2\/users\/45"}],"replies":[{"embeddable":true,"href":"https:\/\/www.cm-evora.pt\/en\/wp-json\/wp\/v2\/comments?post=26457"}],"version-history":[{"count":24,"href":"https:\/\/www.cm-evora.pt\/en\/wp-json\/wp\/v2\/pages\/26457\/revisions"}],"predecessor-version":[{"id":77519,"href":"https:\/\/www.cm-evora.pt\/en\/wp-json\/wp\/v2\/pages\/26457\/revisions\/77519"}],"up":[{"embeddable":true,"href":"https:\/\/www.cm-evora.pt\/en\/wp-json\/wp\/v2\/pages\/1504"}],"acf:post":[{"embeddable":true,"href":"https:\/\/www.cm-evora.pt\/en\/wp-json\/wp\/v2\/listas_ficheiros\/77512"}],"wp:attachment":[{"href":"https:\/\/www.cm-evora.pt\/en\/wp-json\/wp\/v2\/media?parent=26457"}],"wp:term":[{"taxonomy":"category","embeddable":true,"href":"https:\/\/www.cm-evora.pt\/en\/wp-json\/wp\/v2\/categories?post=26457"}],"curies":[{"name":"wp","href":"https:\/\/api.w.org\/{rel}","templated":true}]}}