{"id":26534,"date":"2021-09-14T14:46:41","date_gmt":"2021-09-14T13:46:41","guid":{"rendered":"https:\/\/www.cm-evora.pt\/?page_id=26534"},"modified":"2022-05-27T11:15:03","modified_gmt":"2022-05-27T10:15:03","slug":"eleicoes-legislativas-2022","status":"archive","type":"page","link":"https:\/\/www.cm-evora.pt\/en\/municipe\/eleicoes-legislativas-2022\/","title":{"rendered":"(Portugu\u00eas) Archived: Elei\u00e7\u00f5es Legislativas 2022"},"content":{"rendered":"<p class=\"qtranxs-available-languages-message qtranxs-available-languages-message-en\">Sorry, this entry is only available in <a href=\"https:\/\/www.cm-evora.pt\/pt\/wp-json\/wp\/v2\/pages\/26534\" class=\"qtranxs-available-language-link qtranxs-available-language-link-pt\" title=\"Portugu\u00eas\">Portugu\u00eas<\/a>.<\/p><p><\/p>\n<h2 style=\"text-align: center\"><strong>Elei\u00e7\u00f5es Legislativas 2022 | Linha de Apoio<\/strong><\/h2>\n<p>No \u00e2mbito das Elei\u00e7\u00f5es Legislativas, que decorrem no dia 30 de janeiro de 2022, a C\u00e2mara Municipal de \u00c9vora disponibiliza durante todo o dia contactos para efeitos de apoio ao processo eleitoral, nomeadamente a possibilidade de transporte \u00e0s Assembleias de Voto.<\/p>\n<p>&nbsp;<\/p>\n<p><strong>Linha de Apoio<\/strong><\/p>\n<p><a href=\"tel:+351266777059\" target=\"_blank\" rel=\"noopener\">+351 266 777 059<\/a> | <a href=\"tel:+351961775502\" target=\"_blank\" rel=\"noopener\">+351 961 775 502<\/a><\/p>\n<p>&nbsp;<\/p>\n<p><strong>C\u00e2mara Municipal de \u00c9vora (geral)<\/strong><\/p>\n<p><a href=\"tel:+351266777000\" target=\"_blank\" rel=\"noopener\">+351 266 777 000<\/a><\/p>","protected":false},"excerpt":{"rendered":"<p>Sorry, this entry is only available in Portugu\u00eas. Elei\u00e7\u00f5es Legislativas 2022 | Linha de Apoio No \u00e2mbito das Elei\u00e7\u00f5es Legislativas, que decorrem no dia 30 de janeiro de 2022, a C\u00e2mara Municipal de \u00c9vora disponibiliza durante todo o dia contactos para efeitos de apoio ao processo eleitoral, nomeadamente a possibilidade de transporte \u00e0s Assembleias de [&hellip;]<\/p>\n","protected":false},"author":45,"featured_media":0,"parent":22,"menu_order":5,"comment_status":"closed","ping_status":"closed","template":"templates-map\/component-file-gallery-layout2.php","meta":{"_acf_changed":false,"footnotes":""},"categories":[],"class_list":["post-26534","page","type-page","status-archive","hentry"],"acf":[],"_links":{"self":[{"href":"https:\/\/www.cm-evora.pt\/en\/wp-json\/wp\/v2\/pages\/26534","targetHints":{"allow":["GET"]}}],"collection":[{"href":"https:\/\/www.cm-evora.pt\/en\/wp-json\/wp\/v2\/pages"}],"about":[{"href":"https:\/\/www.cm-evora.pt\/en\/wp-json\/wp\/v2\/types\/page"}],"author":[{"embeddable":true,"href":"https:\/\/www.cm-evora.pt\/en\/wp-json\/wp\/v2\/users\/45"}],"replies":[{"embeddable":true,"href":"https:\/\/www.cm-evora.pt\/en\/wp-json\/wp\/v2\/comments?post=26534"}],"version-history":[{"count":17,"href":"https:\/\/www.cm-evora.pt\/en\/wp-json\/wp\/v2\/pages\/26534\/revisions"}],"predecessor-version":[{"id":31269,"href":"https:\/\/www.cm-evora.pt\/en\/wp-json\/wp\/v2\/pages\/26534\/revisions\/31269"}],"up":[{"embeddable":true,"href":"https:\/\/www.cm-evora.pt\/en\/wp-json\/wp\/v2\/pages\/22"}],"wp:attachment":[{"href":"https:\/\/www.cm-evora.pt\/en\/wp-json\/wp\/v2\/media?parent=26534"}],"wp:term":[{"taxonomy":"category","embeddable":true,"href":"https:\/\/www.cm-evora.pt\/en\/wp-json\/wp\/v2\/categories?post=26534"}],"curies":[{"name":"wp","href":"https:\/\/api.w.org\/{rel}","templated":true}]}}