{"id":26690,"date":"2021-09-17T10:04:48","date_gmt":"2021-09-17T09:04:48","guid":{"rendered":"https:\/\/www.cm-evora.pt\/?page_id=26690"},"modified":"2023-01-10T11:06:06","modified_gmt":"2023-01-10T11:06:06","slug":"semana-europeia-da-mobilidade-2021","status":"archive","type":"page","link":"https:\/\/www.cm-evora.pt\/en\/municipe\/areas-de-acao\/ambiente\/semana-europeia-da-mobilidade-2021\/","title":{"rendered":"(Portugu\u00eas) Archived: Semana Europeia da Mobilidade 2021"},"content":{"rendered":"<p class=\"qtranxs-available-languages-message qtranxs-available-languages-message-en\">Sorry, this entry is only available in <a href=\"https:\/\/www.cm-evora.pt\/pt\/wp-json\/wp\/v2\/pages\/26690\" class=\"qtranxs-available-language-link qtranxs-available-language-link-pt\" title=\"Portugu\u00eas\">Portugu\u00eas<\/a>.<\/p><p><a href=\"https:\/\/www.cm-evora.pt\/wp-content\/uploads\/2021\/09\/2021-EMW-Banner-PT-CME-1920px.jpg\"><img loading=\"lazy\" decoding=\"async\" class=\"alignnone wp-image-26704 size-full\" src=\"https:\/\/www.cm-evora.pt\/wp-content\/uploads\/2021\/09\/2021-EMW-Banner-PT-CME-1920px.jpg\" alt=\"\" width=\"1920\" height=\"1080\" srcset=\"https:\/\/www.cm-evora.pt\/wp-content\/uploads\/2021\/09\/2021-EMW-Banner-PT-CME-1920px.jpg 1920w, https:\/\/www.cm-evora.pt\/wp-content\/uploads\/2021\/09\/2021-EMW-Banner-PT-CME-1920px-300x169.jpg 300w, https:\/\/www.cm-evora.pt\/wp-content\/uploads\/2021\/09\/2021-EMW-Banner-PT-CME-1920px-1024x576.jpg 1024w, https:\/\/www.cm-evora.pt\/wp-content\/uploads\/2021\/09\/2021-EMW-Banner-PT-CME-1920px-768x432.jpg 768w, https:\/\/www.cm-evora.pt\/wp-content\/uploads\/2021\/09\/2021-EMW-Banner-PT-CME-1920px-1536x864.jpg 1536w, https:\/\/www.cm-evora.pt\/wp-content\/uploads\/2021\/09\/2021-EMW-Banner-PT-CME-1920px-1320x743.jpg 1320w\" sizes=\"auto, (max-width: 1920px) 100vw, 1920px\" \/><\/a><\/p>\n<p>&nbsp;<\/p>\n<p>SEMANA EUROPEIA DA MOBILIDADE ARRANCOU EM \u00c9VORA<\/p>\n<p><strong>\u00c0 semelhan\u00e7a dos anos anteriores, a C\u00e2mara Municipal de \u00c9vora associou-se \u00e0s comemora\u00e7\u00f5es da Semana Europeia da Mobilidade, que em 2021 decorre oficialmente entre 16 e 22 de setembro.<\/strong><\/p>\n<p>Enquadrada nesta iniciativa, a Autarquia est\u00e1 a proceder \u00e0 recolha de informa\u00e7\u00e3o que se traduzir\u00e1 num contributo fundamental para o trabalho de constru\u00e7\u00e3o do Plano de Mobilidade Urbana Sustent\u00e1vel da Cidade de \u00c9vora, que se encontra em fase de prepara\u00e7\u00e3o: em concreto, foi disponibilizado no Portal da CME um inqu\u00e9rito sobre mobilidade para o qual desde j\u00e1 a C\u00e2mara Municipal agradece a aten\u00e7\u00e3o da popula\u00e7\u00e3o atrav\u00e9s do respetivo preenchimento e submiss\u00e3o on-line das respostas. Para o efeito, \u00e9 apenas necess\u00e1rio aceder atrav\u00e9s do link: <a href=\"https:\/\/forms.gle\/FBnfDWPNyRpymuQFA\">https:\/\/forms.gle\/FBnfDWPNyRpymuQFA<\/a><\/p>\n<p>Foi tamb\u00e9m j\u00e1 iniciada a recolha de informa\u00e7\u00e3o atrav\u00e9s da monitoriza\u00e7\u00e3o da circula\u00e7\u00e3o de pessoas e ve\u00edculos nas entradas do Centro Hist\u00f3rico de \u00c9vora. Tamb\u00e9m para esta \u00e1rea a C\u00e2mara Municipal de \u00c9vora solicita a colabora\u00e7\u00e3o dos mun\u00edcipes respondendo a uma pergunta simples, localizada no seguinte link: <a href=\"https:\/\/www.cm-evora.pt\/questionario-mobilidade-urbana\/\">https:\/\/www.cm-evora.pt\/questionario-mobilidade-urbana\/<\/a><\/p>\n<p>Das iniciativas programadas, destacam-se:<\/p>\n<p>&#8211; A realiza\u00e7\u00e3o em \u00c9vora do \u201cA World for Travel\u201d, \u00c9vora F\u00f3rum, Turismo Sustent\u00e1vel, que decorre na Universidade de \u00c9vora entre os dias 16 e 17;<\/p>\n<p>&#8211; A instala\u00e7\u00e3o de equipamento para estacionamento de bicicletas na Escola Secund\u00e1ria Severim de Faria e adapta\u00e7\u00e3o de novo local para estacionamento de motociclos;<\/p>\n<p>&#8211; Instala\u00e7\u00e3o de ciclovia provis\u00f3ria na Rua Cosme Delgado e corredor pedonal na Rua de Serpa Pinto junto \u00e0 Escola de Santa Clara;<\/p>\n<p>&#8211; Instala\u00e7\u00e3o de sinal\u00e9tica para prote\u00e7\u00e3o de ciclistas na cidade;<\/p>\n<p>&#8211; \u201cII Volta \u00e0s Escolas\u201d;<\/p>\n<p>&#8211; Pedonaliza\u00e7\u00e3o da circula\u00e7\u00e3o \u00e0s sextas-feiras na Rua de Santa Clara.<\/p>\n<p>&nbsp;<\/p>\n<p style=\"text-align: center\">V\u00eddeo Oficial da Semana Europeia da Mobilidade 2021<\/p>\n<p>https:\/\/www.cm-evora.pt\/wp-content\/uploads\/2021\/09\/EMW_PT_CartaoCME.mp4<\/p>","protected":false},"excerpt":{"rendered":"<p>Sorry, this entry is only available in Portugu\u00eas. &nbsp; SEMANA EUROPEIA DA MOBILIDADE ARRANCOU EM \u00c9VORA \u00c0 semelhan\u00e7a dos anos anteriores, a C\u00e2mara Municipal de \u00c9vora associou-se \u00e0s comemora\u00e7\u00f5es da Semana Europeia da Mobilidade, que em 2021 decorre oficialmente entre 16 e 22 de setembro. Enquadrada nesta iniciativa, a Autarquia est\u00e1 a proceder \u00e0 recolha [&hellip;]<\/p>\n","protected":false},"author":37,"featured_media":0,"parent":1490,"menu_order":0,"comment_status":"closed","ping_status":"closed","template":"templates-map\/component-text-layout1.php","meta":{"_acf_changed":false,"footnotes":""},"categories":[],"class_list":["post-26690","page","type-page","status-archive","hentry"],"acf":{"imagens":"","titulo_docs_seccao":"","documentos":""},"_links":{"self":[{"href":"https:\/\/www.cm-evora.pt\/en\/wp-json\/wp\/v2\/pages\/26690","targetHints":{"allow":["GET"]}}],"collection":[{"href":"https:\/\/www.cm-evora.pt\/en\/wp-json\/wp\/v2\/pages"}],"about":[{"href":"https:\/\/www.cm-evora.pt\/en\/wp-json\/wp\/v2\/types\/page"}],"author":[{"embeddable":true,"href":"https:\/\/www.cm-evora.pt\/en\/wp-json\/wp\/v2\/users\/37"}],"replies":[{"embeddable":true,"href":"https:\/\/www.cm-evora.pt\/en\/wp-json\/wp\/v2\/comments?post=26690"}],"version-history":[{"count":5,"href":"https:\/\/www.cm-evora.pt\/en\/wp-json\/wp\/v2\/pages\/26690\/revisions"}],"predecessor-version":[{"id":26791,"href":"https:\/\/www.cm-evora.pt\/en\/wp-json\/wp\/v2\/pages\/26690\/revisions\/26791"}],"up":[{"embeddable":true,"href":"https:\/\/www.cm-evora.pt\/en\/wp-json\/wp\/v2\/pages\/1490"}],"wp:attachment":[{"href":"https:\/\/www.cm-evora.pt\/en\/wp-json\/wp\/v2\/media?parent=26690"}],"wp:term":[{"taxonomy":"category","embeddable":true,"href":"https:\/\/www.cm-evora.pt\/en\/wp-json\/wp\/v2\/categories?post=26690"}],"curies":[{"name":"wp","href":"https:\/\/api.w.org\/{rel}","templated":true}]}}