{"id":2685,"date":"2020-02-04T09:08:46","date_gmt":"2020-02-04T09:08:46","guid":{"rendered":"https:\/\/evora2.int.skilltech.pt\/susProjects\/wp_evora2_suite\/?page_id=2685"},"modified":"2026-01-08T10:38:16","modified_gmt":"2026-01-08T10:38:16","slug":"evora-patrimonio-mundial","status":"publish","type":"page","link":"https:\/\/www.cm-evora.pt\/en\/visitante\/patrimonio\/evora-patrimonio-mundial\/","title":{"rendered":"\u00c9vora Patrim\u00f3nio Mundial"},"content":{"rendered":"<p class=\"qtranxs-available-languages-message qtranxs-available-languages-message-en\">Sorry, this entry is only available in <a href=\"https:\/\/www.cm-evora.pt\/pt\/wp-json\/wp\/v2\/pages\/2685\" class=\"qtranxs-available-language-link qtranxs-available-language-link-pt\" title=\"Portugu\u00eas\">Portugu\u00eas<\/a>.<\/p><p><\/p>\n<p style=\"text-align: center\"><a href=\"https:\/\/www.cm-evora.pt\/wp-content\/uploads\/2021\/01\/Telhados-de-Evora.jpg\" target=\"_blank\" rel=\"noopener\"><img loading=\"lazy\" decoding=\"async\" class=\"alignnone wp-image-19309 size-full\" src=\"https:\/\/www.cm-evora.pt\/wp-content\/uploads\/2021\/01\/Telhados-de-Evora.jpg\" alt=\"\" width=\"1087\" height=\"731\" srcset=\"https:\/\/www.cm-evora.pt\/wp-content\/uploads\/2021\/01\/Telhados-de-Evora.jpg 1087w, https:\/\/www.cm-evora.pt\/wp-content\/uploads\/2021\/01\/Telhados-de-Evora-300x202.jpg 300w, https:\/\/www.cm-evora.pt\/wp-content\/uploads\/2021\/01\/Telhados-de-Evora-1024x689.jpg 1024w, https:\/\/www.cm-evora.pt\/wp-content\/uploads\/2021\/01\/Telhados-de-Evora-768x516.jpg 768w\" sizes=\"auto, (max-width: 1087px) 100vw, 1087px\" \/><\/a><\/p>\n<p><span class=\"ms-rteFontSize-2\">\u200b\u200b\u200b\u200b<\/span><\/p>\n<p>&#8220;\u00c9vora \u00e9 o melhor exemplo de cidade da idade de ouro portuguesa ap\u00f3s o terramoto de Lisboa de 1755&#8221; (IV). &#8220;S\u00f3 a paisagem urbana de \u00c9vora permite compreender hoje em dia a influ\u00eancia exercida pela arquitetura portuguesa no Brasil e em s\u00edtios como Salvador da Bahia&#8221; (II).<\/p>\n<p>&nbsp;<\/p>\n<p><strong>Zona Inscrita: <\/strong>Centro Hist\u00f3rico de \u00c9vora<\/p>\n<p><strong>Ano de Inscri\u00e7\u00e3o:<\/strong> 1986<\/p>\n<p><strong>Popula\u00e7\u00e3o Atual: <\/strong>56.519<\/p>\n<p><strong>Funda\u00e7\u00e3o<\/strong>: Anterior \u00e0 \u00c9poca Romana<\/p>\n<p><strong>Justifica\u00e7\u00e3o: <\/strong>Relat\u00f3rio da 10\u00aa Sess\u00e3o do Comit\u00e9<\/p>\n<p><strong>Ref.:<\/strong> 361<\/p>","protected":false},"excerpt":{"rendered":"<p>Sorry, this entry is only available in Portugu\u00eas. \u200b\u200b\u200b\u200b &#8220;\u00c9vora \u00e9 o melhor exemplo de cidade da idade de ouro portuguesa ap\u00f3s o terramoto de Lisboa de 1755&#8221; (IV). &#8220;S\u00f3 a paisagem urbana de \u00c9vora permite compreender hoje em dia a influ\u00eancia exercida pela arquitetura portuguesa no Brasil e em s\u00edtios como Salvador da Bahia&#8221; [&hellip;]<\/p>\n","protected":false},"author":1,"featured_media":0,"parent":1335,"menu_order":4,"comment_status":"closed","ping_status":"closed","template":"templates-map\/component-text-list-layout1.php","meta":{"_acf_changed":false,"footnotes":""},"categories":[],"class_list":["post-2685","page","type-page","status-publish","hentry"],"acf":[],"_links":{"self":[{"href":"https:\/\/www.cm-evora.pt\/en\/wp-json\/wp\/v2\/pages\/2685","targetHints":{"allow":["GET"]}}],"collection":[{"href":"https:\/\/www.cm-evora.pt\/en\/wp-json\/wp\/v2\/pages"}],"about":[{"href":"https:\/\/www.cm-evora.pt\/en\/wp-json\/wp\/v2\/types\/page"}],"author":[{"embeddable":true,"href":"https:\/\/www.cm-evora.pt\/en\/wp-json\/wp\/v2\/users\/1"}],"replies":[{"embeddable":true,"href":"https:\/\/www.cm-evora.pt\/en\/wp-json\/wp\/v2\/comments?post=2685"}],"version-history":[{"count":18,"href":"https:\/\/www.cm-evora.pt\/en\/wp-json\/wp\/v2\/pages\/2685\/revisions"}],"predecessor-version":[{"id":80779,"href":"https:\/\/www.cm-evora.pt\/en\/wp-json\/wp\/v2\/pages\/2685\/revisions\/80779"}],"up":[{"embeddable":true,"href":"https:\/\/www.cm-evora.pt\/en\/wp-json\/wp\/v2\/pages\/1335"}],"wp:attachment":[{"href":"https:\/\/www.cm-evora.pt\/en\/wp-json\/wp\/v2\/media?parent=2685"}],"wp:term":[{"taxonomy":"category","embeddable":true,"href":"https:\/\/www.cm-evora.pt\/en\/wp-json\/wp\/v2\/categories?post=2685"}],"curies":[{"name":"wp","href":"https:\/\/api.w.org\/{rel}","templated":true}]}}