{"id":2687,"date":"2020-02-04T09:09:06","date_gmt":"2020-02-04T09:09:06","guid":{"rendered":"https:\/\/evora2.int.skilltech.pt\/susProjects\/wp_evora2_suite\/?page_id=2687"},"modified":"2026-01-08T15:10:32","modified_gmt":"2026-01-08T15:10:32","slug":"cante-alentejano-patrimonio-cultural-imaterial-da-humanidade","status":"publish","type":"page","link":"https:\/\/www.cm-evora.pt\/en\/visitante\/patrimonio\/cante-alentejano-patrimonio-cultural-imaterial-da-humanidade\/","title":{"rendered":"Cante Alentejano Patrim\u00f3nio Cultural Imaterial da Humanidade"},"content":{"rendered":"<p class=\"qtranxs-available-languages-message qtranxs-available-languages-message-en\">Sorry, this entry is only available in <a href=\"https:\/\/www.cm-evora.pt\/pt\/wp-json\/wp\/v2\/pages\/2687\" class=\"qtranxs-available-language-link qtranxs-available-language-link-pt\" title=\"Portugu\u00eas\">Portugu\u00eas<\/a>.<\/p><p><strong>O Cante Alentejano foi classificado pela UNESCO como Patrim\u00f3nio Cultural Imaterial da Humanidade.<\/strong><\/p>\n<p>&nbsp;<\/p>\n<p><a href=\"https:\/\/www.cm-evora.pt\/wp-content\/uploads\/2020\/05\/capa-evora-e-o-cante.jpg\" target=\"_blank\" rel=\"noopener\"><img loading=\"lazy\" decoding=\"async\" class=\"alignleft wp-image-5021\" src=\"https:\/\/www.cm-evora.pt\/wp-content\/uploads\/2020\/05\/capa-evora-e-o-cante.jpg\" alt=\"\" width=\"400\" height=\"460\" srcset=\"https:\/\/www.cm-evora.pt\/wp-content\/uploads\/2020\/05\/capa-evora-e-o-cante.jpg 500w, https:\/\/www.cm-evora.pt\/wp-content\/uploads\/2020\/05\/capa-evora-e-o-cante-261x300.jpg 261w\" sizes=\"auto, (max-width: 400px) 100vw, 400px\" \/><\/a><\/p>\n<p>&nbsp;<\/p>\n<p>A candidatura foi promovida pela Entidade Regional de Turismo do Alentejo, E.R.T, em parceria com a C\u00e2mara Municipal de Serpa, com o envolvimento das comunidades, dos grupos e dos indiv\u00edduos na salvaguarda do seu pr\u00f3prio patrim\u00f3nio cultural imaterial, e incluiu, entre outras, a recolha e an\u00e1lise documental sobre o Cante Alentejano, a recolha e an\u00e1lise da musicografia do Cante Alentejano e a carateriza\u00e7\u00e3o do Cante Alentejano, dos grupos de Cante e dos cantadores.<\/p>\n<p>&nbsp;<\/p>\n<p>A C\u00e2mara Municipal de \u00c9vora apoiou incondicionalmente esta candidatura.<\/p>\n<p>&nbsp;<\/p>","protected":false},"excerpt":{"rendered":"<p>Sorry, this entry is only available in Portugu\u00eas.O Cante Alentejano foi classificado pela UNESCO como Patrim\u00f3nio Cultural Imaterial da Humanidade. &nbsp; &nbsp; A candidatura foi promovida pela Entidade Regional de Turismo do Alentejo, E.R.T, em parceria com a C\u00e2mara Municipal de Serpa, com o envolvimento das comunidades, dos grupos e dos indiv\u00edduos na salvaguarda do [&hellip;]<\/p>\n","protected":false},"author":1,"featured_media":0,"parent":1335,"menu_order":5,"comment_status":"closed","ping_status":"closed","template":"templates-map\/component-text-layout1.php","meta":{"_acf_changed":false,"footnotes":""},"categories":[],"class_list":["post-2687","page","type-page","status-publish","hentry"],"acf":{"imagens":"","titulo_docs_seccao":"","documentos":""},"_links":{"self":[{"href":"https:\/\/www.cm-evora.pt\/en\/wp-json\/wp\/v2\/pages\/2687","targetHints":{"allow":["GET"]}}],"collection":[{"href":"https:\/\/www.cm-evora.pt\/en\/wp-json\/wp\/v2\/pages"}],"about":[{"href":"https:\/\/www.cm-evora.pt\/en\/wp-json\/wp\/v2\/types\/page"}],"author":[{"embeddable":true,"href":"https:\/\/www.cm-evora.pt\/en\/wp-json\/wp\/v2\/users\/1"}],"replies":[{"embeddable":true,"href":"https:\/\/www.cm-evora.pt\/en\/wp-json\/wp\/v2\/comments?post=2687"}],"version-history":[{"count":19,"href":"https:\/\/www.cm-evora.pt\/en\/wp-json\/wp\/v2\/pages\/2687\/revisions"}],"predecessor-version":[{"id":80791,"href":"https:\/\/www.cm-evora.pt\/en\/wp-json\/wp\/v2\/pages\/2687\/revisions\/80791"}],"up":[{"embeddable":true,"href":"https:\/\/www.cm-evora.pt\/en\/wp-json\/wp\/v2\/pages\/1335"}],"wp:attachment":[{"href":"https:\/\/www.cm-evora.pt\/en\/wp-json\/wp\/v2\/media?parent=2687"}],"wp:term":[{"taxonomy":"category","embeddable":true,"href":"https:\/\/www.cm-evora.pt\/en\/wp-json\/wp\/v2\/categories?post=2687"}],"curies":[{"name":"wp","href":"https:\/\/api.w.org\/{rel}","templated":true}]}}