{"id":2689,"date":"2020-02-04T09:10:09","date_gmt":"2020-02-04T09:10:09","guid":{"rendered":"https:\/\/evora2.int.skilltech.pt\/susProjects\/wp_evora2_suite\/?page_id=2689"},"modified":"2026-01-08T15:11:59","modified_gmt":"2026-01-08T15:11:59","slug":"centro-de-recursos-da-tradicao-oral-e-do-patrimonio-imaterial","status":"publish","type":"page","link":"https:\/\/www.cm-evora.pt\/en\/visitante\/patrimonio\/centro-de-recursos-da-tradicao-oral-e-do-patrimonio-imaterial\/","title":{"rendered":"Centro de Recursos da Tradi\u00e7\u00e3o Oral e do Patrim\u00f3nio Imaterial"},"content":{"rendered":"<p class=\"qtranxs-available-languages-message qtranxs-available-languages-message-en\">Sorry, this entry is only available in <a href=\"https:\/\/www.cm-evora.pt\/pt\/wp-json\/wp\/v2\/pages\/2689\" class=\"qtranxs-available-language-link qtranxs-available-language-link-pt\" title=\"Portugu\u00eas\">Portugu\u00eas<\/a>.<\/p><p><\/p>\n<p style=\"text-align: center\"><a href=\"https:\/\/www.cm-evora.pt\/wp-content\/uploads\/2020\/05\/logo-crto_2.jpg\" target=\"_blank\" rel=\"noopener\"><img loading=\"lazy\" decoding=\"async\" class=\"alignnone wp-image-5031\" src=\"https:\/\/www.cm-evora.pt\/wp-content\/uploads\/2020\/05\/logo-crto_2-300x170.jpg\" alt=\"\" width=\"896\" height=\"508\" srcset=\"https:\/\/www.cm-evora.pt\/wp-content\/uploads\/2020\/05\/logo-crto_2-300x170.jpg 300w, https:\/\/www.cm-evora.pt\/wp-content\/uploads\/2020\/05\/logo-crto_2.jpg 639w\" sizes=\"auto, (max-width: 896px) 100vw, 896px\" \/><\/a><\/p>\n<p>&nbsp;<\/p>\n<p>O Centro de Recursos da Tradi\u00e7\u00e3o Oral e do Patrim\u00f3nio Imaterial do Concelho de \u00c9vora \u00e9 um projeto municipal criado em 2014, resultando da din\u00e2mica do <a href=\"http:\/\/dnn.cm-evora.pt\/oralities\/Projecto\/tabid\/40\/language\/pt-PT\/Default.aspx\" target=\"_blank\" rel=\"noopener\">Projeto Europeu &#8220;Oralidades&#8221;<\/a>, tendo como miss\u00e3o realizar recolhas das diferentes tradi\u00e7\u00f5es e costumes, ainda presentes nas mem\u00f3rias dos habitantes do Concelho, com vista \u00e0 constru\u00e7\u00e3o e preserva\u00e7\u00e3o da mem\u00f3ria, da partilha e da identidade.<\/p>\n<p>O Centro de Recursos da Tradi\u00e7\u00e3o Oral e do Patrim\u00f3nio Imaterial do Concelho de \u00c9vora tem vindo a desenvolver v\u00e1rias atividades, entre as quais salientamos:<\/p>\n<ul>\n<li style=\"list-style-type: none\">\n<ul>\n<li>Exposi\u00e7\u00e3o itinerante \u201cIlustra\u00e7\u00e3o de Contos Tradicionais\u201d \u2013 que passar\u00e1 pelas localidades de Elvas, Estremoz e Redondo.<\/li>\n<li>Projeto \u201cBibliografia Anal\u00edtica da Etnografia Alentejana\u201d.<\/li>\n<li>A inventaria\u00e7\u00e3o das Brincas de Carnaval de \u00c9vora e a respetiva inscri\u00e7\u00e3o no Invent\u00e1rio Nacional do PCI \u2013 Registo de Salvaguarda Urgente.<\/li>\n<li>A interven\u00e7\u00e3o nas Freguesias Rurais do Concelho de \u00c9vora, em colabora\u00e7\u00e3o com o <a href=\"https:\/\/www.cm-evora.pt\/municipe\/areas-de-acao\/cultura\/agere-projeto-municipal-de-apoio-a-gestao-e-promocao-do-patrimonio-rural-de-evora\/\" target=\"_blank\" rel=\"noopener\">Projeto AGERE<\/a>, ao n\u00edvel da promo\u00e7\u00e3o do Cante Alentejano na Torre de Coelheiros (Cante aos Reis, Janeiro de 2015), das Brincas de Carnaval de \u00c9vora em N\u00aa Sr.\u00aa de Machede (Fevereiro de 2015) e d\u2019\u201cO Touro de S\u00e3o Marcos\u201d \u2013 ritual arcaico S. Marcos da Ab\u00f3bada (Rota das Igrejas\/AGERE \u2013 Maio de 2015).<\/li>\n<li><u>Constru\u00e7\u00e3o do projeto<\/u>: Atlas da Cultura Popular e Tradi\u00e7\u00e3o Oral do Concelho de \u00c9vora (Carta Etnol\u00f3gica do Concelho) \u2013 Contos Tradicionais.<\/li>\n<\/ul>\n<\/li>\n<\/ul>\n<p>&nbsp;<\/p>\n<p><strong>Contactos:<\/strong><\/p>\n<ul>\n<li style=\"list-style-type: none\">\n<ul>\n<li>Centro de Recursos da Tradi\u00e7\u00e3o Oral e do Patrim\u00f3nio Imaterial<\/li>\n<li><strong>Convento dos Rem\u00e9dios<\/strong>\n<ul>\n<li><u>Morada<\/u>: Avenida S. Sebasti\u00e3o, \u00c9vora<\/li>\n<li><u>Telefone<\/u>: <a href=\"tel:+351266777033\" target=\"_blank\" rel=\"noopener\">+351 266 777 033<\/a> \u00abChamada para a rede fixa nacional\u00bb | <u>Fax<\/u>: <a href=\"tel:+351266702950\" target=\"_blank\" rel=\"noopener\">+351 266 702 950<\/a><\/li>\n<li><u>Email<\/u>: <u><a href=\"mailto:cmevora@cm-evora.pt\" target=\"_blank\" rel=\"noopener\">cmevora@cm-evora.pt<\/a><\/u><\/li>\n<li><u>Hor\u00e1rio<\/u>: 2\u00aa feira\u20136\u00aa feira das 09h00\u201312h30 e 14h00\u201317h30<\/li>\n<\/ul>\n<\/li>\n<\/ul>\n<\/li>\n<\/ul>\n<p><\/p>","protected":false},"excerpt":{"rendered":"<p>Sorry, this entry is only available in Portugu\u00eas. &nbsp; O Centro de Recursos da Tradi\u00e7\u00e3o Oral e do Patrim\u00f3nio Imaterial do Concelho de \u00c9vora \u00e9 um projeto municipal criado em 2014, resultando da din\u00e2mica do Projeto Europeu &#8220;Oralidades&#8221;, tendo como miss\u00e3o realizar recolhas das diferentes tradi\u00e7\u00f5es e costumes, ainda presentes nas mem\u00f3rias dos habitantes do [&hellip;]<\/p>\n","protected":false},"author":1,"featured_media":0,"parent":1335,"menu_order":6,"comment_status":"closed","ping_status":"closed","template":"templates-map\/component-text-list-layout1.php","meta":{"_acf_changed":false,"footnotes":""},"categories":[],"class_list":["post-2689","page","type-page","status-publish","hentry"],"acf":[],"_links":{"self":[{"href":"https:\/\/www.cm-evora.pt\/en\/wp-json\/wp\/v2\/pages\/2689","targetHints":{"allow":["GET"]}}],"collection":[{"href":"https:\/\/www.cm-evora.pt\/en\/wp-json\/wp\/v2\/pages"}],"about":[{"href":"https:\/\/www.cm-evora.pt\/en\/wp-json\/wp\/v2\/types\/page"}],"author":[{"embeddable":true,"href":"https:\/\/www.cm-evora.pt\/en\/wp-json\/wp\/v2\/users\/1"}],"replies":[{"embeddable":true,"href":"https:\/\/www.cm-evora.pt\/en\/wp-json\/wp\/v2\/comments?post=2689"}],"version-history":[{"count":15,"href":"https:\/\/www.cm-evora.pt\/en\/wp-json\/wp\/v2\/pages\/2689\/revisions"}],"predecessor-version":[{"id":80781,"href":"https:\/\/www.cm-evora.pt\/en\/wp-json\/wp\/v2\/pages\/2689\/revisions\/80781"}],"up":[{"embeddable":true,"href":"https:\/\/www.cm-evora.pt\/en\/wp-json\/wp\/v2\/pages\/1335"}],"wp:attachment":[{"href":"https:\/\/www.cm-evora.pt\/en\/wp-json\/wp\/v2\/media?parent=2689"}],"wp:term":[{"taxonomy":"category","embeddable":true,"href":"https:\/\/www.cm-evora.pt\/en\/wp-json\/wp\/v2\/categories?post=2689"}],"curies":[{"name":"wp","href":"https:\/\/api.w.org\/{rel}","templated":true}]}}