{"id":2693,"date":"2020-02-04T09:10:57","date_gmt":"2020-02-04T09:10:57","guid":{"rendered":"https:\/\/evora2.int.skilltech.pt\/susProjects\/wp_evora2_suite\/?page_id=2693"},"modified":"2026-01-27T15:52:34","modified_gmt":"2026-01-27T15:52:34","slug":"encontros-tecnicos","status":"archive","type":"page","link":"https:\/\/www.cm-evora.pt\/en\/visitante\/patrimonio\/encontros-tecnicos\/","title":{"rendered":"Archived: O Planeamento para os Conjuntos Classificados &#8211; Encontros T\u00e9cnicos"},"content":{"rendered":"<p class=\"qtranxs-available-languages-message qtranxs-available-languages-message-en\">Sorry, this entry is only available in <a href=\"https:\/\/www.cm-evora.pt\/pt\/wp-json\/wp\/v2\/pages\/2693\" class=\"qtranxs-available-language-link qtranxs-available-language-link-pt\" title=\"Portugu\u00eas\">Portugu\u00eas<\/a>.<\/p><p><\/p>\n<p style=\"text-align: center\"><a href=\"https:\/\/www.cm-evora.pt\/wp-content\/uploads\/2020\/05\/encontros-tecnicosbanner639.jpg\" target=\"_blank\" rel=\"noopener\"><img loading=\"lazy\" decoding=\"async\" class=\"alignnone wp-image-5109\" src=\"https:\/\/www.cm-evora.pt\/wp-content\/uploads\/2020\/05\/encontros-tecnicosbanner639-300x170.jpg\" alt=\"\" width=\"902\" height=\"511\" srcset=\"https:\/\/www.cm-evora.pt\/wp-content\/uploads\/2020\/05\/encontros-tecnicosbanner639-300x170.jpg 300w, https:\/\/www.cm-evora.pt\/wp-content\/uploads\/2020\/05\/encontros-tecnicosbanner639.jpg 639w\" sizes=\"auto, (max-width: 902px) 100vw, 902px\" \/><\/a><\/p>\n<p>&nbsp;<\/p>\n<p><strong>Ciclo de encontros subordinados ao tema do Planeamento para os Conjuntos Classificados<\/strong><\/p>\n<p>A C\u00e2mara Municipal de \u00c9vora, atrav\u00e9s da organiza\u00e7\u00e3o destes encontros procura obter contributos v\u00e1lidos, de especialistas e da popula\u00e7\u00e3o em geral, para a reavalia\u00e7\u00e3o e\/ou cria\u00e7\u00e3o, de instrumentos de planeamento do Centro Hist\u00f3rico.<\/p>","protected":false},"excerpt":{"rendered":"<p>Sorry, this entry is only available in Portugu\u00eas. &nbsp; Ciclo de encontros subordinados ao tema do Planeamento para os Conjuntos Classificados A C\u00e2mara Municipal de \u00c9vora, atrav\u00e9s da organiza\u00e7\u00e3o destes encontros procura obter contributos v\u00e1lidos, de especialistas e da popula\u00e7\u00e3o em geral, para a reavalia\u00e7\u00e3o e\/ou cria\u00e7\u00e3o, de instrumentos de planeamento do Centro Hist\u00f3rico.<\/p>\n","protected":false},"author":1,"featured_media":0,"parent":1335,"menu_order":8,"comment_status":"closed","ping_status":"closed","template":"templates-map\/component-text-list-layout1.php","meta":{"_acf_changed":false,"footnotes":""},"categories":[],"class_list":["post-2693","page","type-page","status-archive","hentry"],"acf":[],"_links":{"self":[{"href":"https:\/\/www.cm-evora.pt\/en\/wp-json\/wp\/v2\/pages\/2693","targetHints":{"allow":["GET"]}}],"collection":[{"href":"https:\/\/www.cm-evora.pt\/en\/wp-json\/wp\/v2\/pages"}],"about":[{"href":"https:\/\/www.cm-evora.pt\/en\/wp-json\/wp\/v2\/types\/page"}],"author":[{"embeddable":true,"href":"https:\/\/www.cm-evora.pt\/en\/wp-json\/wp\/v2\/users\/1"}],"replies":[{"embeddable":true,"href":"https:\/\/www.cm-evora.pt\/en\/wp-json\/wp\/v2\/comments?post=2693"}],"version-history":[{"count":14,"href":"https:\/\/www.cm-evora.pt\/en\/wp-json\/wp\/v2\/pages\/2693\/revisions"}],"predecessor-version":[{"id":80782,"href":"https:\/\/www.cm-evora.pt\/en\/wp-json\/wp\/v2\/pages\/2693\/revisions\/80782"}],"up":[{"embeddable":true,"href":"https:\/\/www.cm-evora.pt\/en\/wp-json\/wp\/v2\/pages\/1335"}],"wp:attachment":[{"href":"https:\/\/www.cm-evora.pt\/en\/wp-json\/wp\/v2\/media?parent=2693"}],"wp:term":[{"taxonomy":"category","embeddable":true,"href":"https:\/\/www.cm-evora.pt\/en\/wp-json\/wp\/v2\/categories?post=2693"}],"curies":[{"name":"wp","href":"https:\/\/api.w.org\/{rel}","templated":true}]}}