{"id":2709,"date":"2020-02-04T09:15:53","date_gmt":"2020-02-04T09:15:53","guid":{"rendered":"https:\/\/evora2.int.skilltech.pt\/susProjects\/wp_evora2_suite\/?page_id=2709"},"modified":"2026-01-09T11:27:58","modified_gmt":"2026-01-09T11:27:58","slug":"autocarros-turisticos-paragens-e-estacionamentos","status":"publish","type":"page","link":"https:\/\/www.cm-evora.pt\/en\/visitante\/como-chegar\/autocarros-turisticos-paragens-e-estacionamentos\/","title":{"rendered":"Autocarros Tur\u00edsticos &#8211; paragens e estacionamentos"},"content":{"rendered":"<p class=\"qtranxs-available-languages-message qtranxs-available-languages-message-en\">Sorry, this entry is only available in <a href=\"https:\/\/www.cm-evora.pt\/pt\/wp-json\/wp\/v2\/pages\/2709\" class=\"qtranxs-available-language-link qtranxs-available-language-link-pt\" title=\"Portugu\u00eas\">Portugu\u00eas<\/a>.<\/p><p><\/p>\n<p style=\"text-align: center\"><a href=\"https:\/\/www.cm-evora.pt\/wp-content\/uploads\/2021\/01\/bus.jpg\" target=\"_blank\" rel=\"noopener\"><img loading=\"lazy\" decoding=\"async\" class=\"alignnone wp-image-19694\" src=\"https:\/\/www.cm-evora.pt\/wp-content\/uploads\/2021\/01\/bus.jpg\" alt=\"\" width=\"907\" height=\"514\" srcset=\"https:\/\/www.cm-evora.pt\/wp-content\/uploads\/2021\/01\/bus.jpg 639w, https:\/\/www.cm-evora.pt\/wp-content\/uploads\/2021\/01\/bus-300x170.jpg 300w\" sizes=\"auto, (max-width: 907px) 100vw, 907px\" \/><\/a><\/p>\n<p>&nbsp;<\/p>\n<p style=\"text-align: left\">Consulte a planta em anexo para conhecer os locais de paragem no centro hist\u00f3rico de \u00c9vora para autocarros de turismo, bem como os parques de estacionamento dispon\u00edveis.<\/p>\n<p><\/p>","protected":false},"excerpt":{"rendered":"<p>Sorry, this entry is only available in Portugu\u00eas. &nbsp; Consulte a planta em anexo para conhecer os locais de paragem no centro hist\u00f3rico de \u00c9vora para autocarros de turismo, bem como os parques de estacionamento dispon\u00edveis.<\/p>\n","protected":false},"author":1,"featured_media":0,"parent":2257,"menu_order":1,"comment_status":"closed","ping_status":"closed","template":"templates-map\/component-text-layout1.php","meta":{"_acf_changed":false,"footnotes":""},"categories":[],"class_list":["post-2709","page","type-page","status-publish","hentry"],"acf":{"imagens":"","titulo_docs_seccao":"","documentos":[5230]},"_links":{"self":[{"href":"https:\/\/www.cm-evora.pt\/en\/wp-json\/wp\/v2\/pages\/2709","targetHints":{"allow":["GET"]}}],"collection":[{"href":"https:\/\/www.cm-evora.pt\/en\/wp-json\/wp\/v2\/pages"}],"about":[{"href":"https:\/\/www.cm-evora.pt\/en\/wp-json\/wp\/v2\/types\/page"}],"author":[{"embeddable":true,"href":"https:\/\/www.cm-evora.pt\/en\/wp-json\/wp\/v2\/users\/1"}],"replies":[{"embeddable":true,"href":"https:\/\/www.cm-evora.pt\/en\/wp-json\/wp\/v2\/comments?post=2709"}],"version-history":[{"count":11,"href":"https:\/\/www.cm-evora.pt\/en\/wp-json\/wp\/v2\/pages\/2709\/revisions"}],"predecessor-version":[{"id":80803,"href":"https:\/\/www.cm-evora.pt\/en\/wp-json\/wp\/v2\/pages\/2709\/revisions\/80803"}],"up":[{"embeddable":true,"href":"https:\/\/www.cm-evora.pt\/en\/wp-json\/wp\/v2\/pages\/2257"}],"acf:post":[{"embeddable":true,"href":"https:\/\/www.cm-evora.pt\/en\/wp-json\/wp\/v2\/listas_ficheiros\/5230"}],"wp:attachment":[{"href":"https:\/\/www.cm-evora.pt\/en\/wp-json\/wp\/v2\/media?parent=2709"}],"wp:term":[{"taxonomy":"category","embeddable":true,"href":"https:\/\/www.cm-evora.pt\/en\/wp-json\/wp\/v2\/categories?post=2709"}],"curies":[{"name":"wp","href":"https:\/\/api.w.org\/{rel}","templated":true}]}}