{"id":27105,"date":"2021-09-30T11:00:34","date_gmt":"2021-09-30T10:00:34","guid":{"rendered":"https:\/\/www.cm-evora.pt\/?page_id=27105"},"modified":"2021-09-30T16:59:50","modified_gmt":"2021-09-30T15:59:50","slug":"associacoes-juvenis-do-concelho-de-evora","status":"publish","type":"page","link":"https:\/\/www.cm-evora.pt\/en\/municipe\/areas-de-acao\/juventude\/associativismo-jovem\/associacoes-juvenis-do-concelho-de-evora\/","title":{"rendered":"(Portugu\u00eas) Associa\u00e7\u00f5es Juvenis do Concelho de \u00c9vora"},"content":{"rendered":"","protected":false},"excerpt":{"rendered":"","protected":false},"author":45,"featured_media":0,"parent":15680,"menu_order":1,"comment_status":"closed","ping_status":"closed","template":"templates-map\/component-place-list-layout1.php","meta":{"_acf_changed":false,"footnotes":""},"categories":[],"class_list":["post-27105","page","type-page","status-publish","hentry"],"acf":[],"_links":{"self":[{"href":"https:\/\/www.cm-evora.pt\/en\/wp-json\/wp\/v2\/pages\/27105","targetHints":{"allow":["GET"]}}],"collection":[{"href":"https:\/\/www.cm-evora.pt\/en\/wp-json\/wp\/v2\/pages"}],"about":[{"href":"https:\/\/www.cm-evora.pt\/en\/wp-json\/wp\/v2\/types\/page"}],"author":[{"embeddable":true,"href":"https:\/\/www.cm-evora.pt\/en\/wp-json\/wp\/v2\/users\/45"}],"replies":[{"embeddable":true,"href":"https:\/\/www.cm-evora.pt\/en\/wp-json\/wp\/v2\/comments?post=27105"}],"version-history":[{"count":27,"href":"https:\/\/www.cm-evora.pt\/en\/wp-json\/wp\/v2\/pages\/27105\/revisions"}],"predecessor-version":[{"id":27203,"href":"https:\/\/www.cm-evora.pt\/en\/wp-json\/wp\/v2\/pages\/27105\/revisions\/27203"}],"up":[{"embeddable":true,"href":"https:\/\/www.cm-evora.pt\/en\/wp-json\/wp\/v2\/pages\/15680"}],"wp:attachment":[{"href":"https:\/\/www.cm-evora.pt\/en\/wp-json\/wp\/v2\/media?parent=27105"}],"wp:term":[{"taxonomy":"category","embeddable":true,"href":"https:\/\/www.cm-evora.pt\/en\/wp-json\/wp\/v2\/categories?post=27105"}],"curies":[{"name":"wp","href":"https:\/\/api.w.org\/{rel}","templated":true}]}}