{"id":2711,"date":"2020-02-04T09:16:24","date_gmt":"2020-02-04T09:16:24","guid":{"rendered":"https:\/\/evora2.int.skilltech.pt\/susProjects\/wp_evora2_suite\/?page_id=2711"},"modified":"2026-01-09T11:28:28","modified_gmt":"2026-01-09T11:28:28","slug":"deslocar-se-em-evora","status":"publish","type":"page","link":"https:\/\/www.cm-evora.pt\/en\/visitante\/como-chegar\/deslocar-se-em-evora\/","title":{"rendered":"Deslocar-se em \u00c9vora"},"content":{"rendered":"<p class=\"qtranxs-available-languages-message qtranxs-available-languages-message-en\">Sorry, this entry is only available in <a href=\"https:\/\/www.cm-evora.pt\/pt\/wp-json\/wp\/v2\/pages\/2711\" class=\"qtranxs-available-language-link qtranxs-available-language-link-pt\" title=\"Portugu\u00eas\">Portugu\u00eas<\/a>.<\/p><p><\/p>\n<p style=\"text-align: center\"><a href=\"https:\/\/www.cm-evora.pt\/wp-content\/uploads\/2021\/01\/trevo.jpg\" target=\"_blank\" rel=\"noopener\"><img loading=\"lazy\" decoding=\"async\" class=\"alignnone wp-image-19380 size-full\" src=\"https:\/\/www.cm-evora.pt\/wp-content\/uploads\/2021\/01\/trevo.jpg\" alt=\"\" width=\"1280\" height=\"720\" srcset=\"https:\/\/www.cm-evora.pt\/wp-content\/uploads\/2021\/01\/trevo.jpg 1280w, https:\/\/www.cm-evora.pt\/wp-content\/uploads\/2021\/01\/trevo-300x169.jpg 300w, https:\/\/www.cm-evora.pt\/wp-content\/uploads\/2021\/01\/trevo-1024x576.jpg 1024w, https:\/\/www.cm-evora.pt\/wp-content\/uploads\/2021\/01\/trevo-768x432.jpg 768w\" sizes=\"auto, (max-width: 1280px) 100vw, 1280px\" \/><\/a><\/p>\n<p>&nbsp;<\/p>\n<h3><strong>TREVO \u2013 LINHA AZUL<\/strong><\/h3>\n<p>A Linha Azul \u00e9 um circuito circular que serve essencialmente o centro hist\u00f3rico de \u00c9vora, atrav\u00e9s de dois percursos independentes e articulados entre si:<\/p>\n<ul>\n<li style=\"list-style-type: none\">\n<ul>\n<li><strong>ZONA NORTE<\/strong> \u2013 Porta Nova<\/li>\n<li><strong>ZONA SUL<\/strong> \u2013 Hospitais<\/li>\n<\/ul>\n<\/li>\n<\/ul>\n<p>Este Servi\u00e7o \u00e9 realizado por viaturas minibus com uma frequ\u00eancia de partidas do Terminal Rodovi\u00e1rio com intervalos de 15 minutos.<\/p>\n<p>&nbsp;<\/p>\n<p>&nbsp;<\/p>\n<h3><strong>T\u00c1XIS<\/strong><\/h3>\n<p>Funcionam 24 horas\/dia e est\u00e3o dispon\u00edveis em pra\u00e7as espalhadas por toda a cidade, devidamente sinalizadas, ou podem ser chamados por telefone.<\/p>\n<p><u>R\u00e1dio T\u00e1xi de \u00c9vora<\/u>: <a href=\"tel:+351266734734\" target=\"_blank\" rel=\"noopener\">+351 266 734 734<\/a> \u00abChamada para a rede fixa nacional\u00bb<\/p>\n<p>&nbsp;<\/p>\n<p>&nbsp;<\/p>\n<h3><strong>RENT-A-CAR<\/strong><\/h3>\n<p>O aluguer de ve\u00edculos pode ser feito em v\u00e1rios pontos da cidade.<\/p>","protected":false},"excerpt":{"rendered":"<p>Sorry, this entry is only available in Portugu\u00eas. &nbsp; TREVO \u2013 LINHA AZUL A Linha Azul \u00e9 um circuito circular que serve essencialmente o centro hist\u00f3rico de \u00c9vora, atrav\u00e9s de dois percursos independentes e articulados entre si: ZONA NORTE \u2013 Porta Nova ZONA SUL \u2013 Hospitais Este Servi\u00e7o \u00e9 realizado por viaturas minibus com uma [&hellip;]<\/p>\n","protected":false},"author":1,"featured_media":0,"parent":2257,"menu_order":5,"comment_status":"closed","ping_status":"closed","template":"templates-map\/component-text-layout1.php","meta":{"_acf_changed":false,"footnotes":""},"categories":[],"class_list":["post-2711","page","type-page","status-publish","hentry"],"acf":{"imagens":"","titulo_docs_seccao":"","documentos":""},"_links":{"self":[{"href":"https:\/\/www.cm-evora.pt\/en\/wp-json\/wp\/v2\/pages\/2711","targetHints":{"allow":["GET"]}}],"collection":[{"href":"https:\/\/www.cm-evora.pt\/en\/wp-json\/wp\/v2\/pages"}],"about":[{"href":"https:\/\/www.cm-evora.pt\/en\/wp-json\/wp\/v2\/types\/page"}],"author":[{"embeddable":true,"href":"https:\/\/www.cm-evora.pt\/en\/wp-json\/wp\/v2\/users\/1"}],"replies":[{"embeddable":true,"href":"https:\/\/www.cm-evora.pt\/en\/wp-json\/wp\/v2\/comments?post=2711"}],"version-history":[{"count":9,"href":"https:\/\/www.cm-evora.pt\/en\/wp-json\/wp\/v2\/pages\/2711\/revisions"}],"predecessor-version":[{"id":80807,"href":"https:\/\/www.cm-evora.pt\/en\/wp-json\/wp\/v2\/pages\/2711\/revisions\/80807"}],"up":[{"embeddable":true,"href":"https:\/\/www.cm-evora.pt\/en\/wp-json\/wp\/v2\/pages\/2257"}],"wp:attachment":[{"href":"https:\/\/www.cm-evora.pt\/en\/wp-json\/wp\/v2\/media?parent=2711"}],"wp:term":[{"taxonomy":"category","embeddable":true,"href":"https:\/\/www.cm-evora.pt\/en\/wp-json\/wp\/v2\/categories?post=2711"}],"curies":[{"name":"wp","href":"https:\/\/api.w.org\/{rel}","templated":true}]}}