{"id":2713,"date":"2020-02-04T09:16:42","date_gmt":"2020-02-04T09:16:42","guid":{"rendered":"https:\/\/evora2.int.skilltech.pt\/susProjects\/wp_evora2_suite\/?page_id=2713"},"modified":"2026-01-09T11:28:21","modified_gmt":"2026-01-09T11:28:21","slug":"onde-estacionar","status":"publish","type":"page","link":"https:\/\/www.cm-evora.pt\/en\/visitante\/como-chegar\/onde-estacionar\/","title":{"rendered":"Onde estacionar"},"content":{"rendered":"<p class=\"qtranxs-available-languages-message qtranxs-available-languages-message-en\">Sorry, this entry is only available in <a href=\"https:\/\/www.cm-evora.pt\/pt\/wp-json\/wp\/v2\/pages\/2713\" class=\"qtranxs-available-language-link qtranxs-available-language-link-pt\" title=\"Portugu\u00eas\">Portugu\u00eas<\/a>.<\/p><p><\/p>\n<p style=\"text-align: center\"><a href=\"https:\/\/www.cm-evora.pt\/wp-content\/uploads\/2020\/06\/parquesestacionamento.jpg\" target=\"_blank\" rel=\"noopener\"><img loading=\"lazy\" decoding=\"async\" class=\"alignnone wp-image-9135 size-full\" src=\"https:\/\/www.cm-evora.pt\/wp-content\/uploads\/2020\/06\/parquesestacionamento.jpg\" alt=\"\" width=\"639\" height=\"362\" srcset=\"https:\/\/www.cm-evora.pt\/wp-content\/uploads\/2020\/06\/parquesestacionamento.jpg 639w, https:\/\/www.cm-evora.pt\/wp-content\/uploads\/2020\/06\/parquesestacionamento-300x170.jpg 300w\" sizes=\"auto, (max-width: 639px) 100vw, 639px\" \/><\/a><\/p>\n<p>&nbsp;<\/p>\n<h3><strong>Estacionamento no Centro Hist\u00f3rico de \u00c9vora<\/strong><\/h3>\n<p>O estacionamento no Centro Hist\u00f3rico de \u00c9vora \u00e9 tarifado de segunda a sexta, das 08h30 \u00e0s 19h30 e aos s\u00e1bados, das 09h00 \u00e0s 14h00. Existem v\u00e1rias zonas de estacionamento com diferentes tarifas.<\/p>\n<p>Pode encontrar ainda 2 parques de estacionamento no centro, um coberto e outro ao ar livre:<\/p>\n<ul>\n<li style=\"list-style-type: none\">\n<ul>\n<li>Parque do Teatro Garcia de Resende<\/li>\n<li>Parque Coberto da Pra\u00e7a Joaquim Ant\u00f3nio Aguiar<\/li>\n<\/ul>\n<\/li>\n<\/ul>\n<p>&nbsp;<\/p>\n<p>&nbsp;<\/p>\n<h3><strong>Parques Perif\u00e9ricos ao Centro Hist\u00f3rico:<\/strong><\/h3>\n<p>Parques n\u00e3o tarifados.<\/p>\n<p>Clique para conhecer o mapa de localiza\u00e7\u00e3o dos parques de estacionamento perif\u00e9ricos ao Centro Hist\u00f3rico de \u00c9vora:<\/p>","protected":false},"excerpt":{"rendered":"<p>Sorry, this entry is only available in Portugu\u00eas. &nbsp; Estacionamento no Centro Hist\u00f3rico de \u00c9vora O estacionamento no Centro Hist\u00f3rico de \u00c9vora \u00e9 tarifado de segunda a sexta, das 08h30 \u00e0s 19h30 e aos s\u00e1bados, das 09h00 \u00e0s 14h00. Existem v\u00e1rias zonas de estacionamento com diferentes tarifas. Pode encontrar ainda 2 parques de estacionamento no [&hellip;]<\/p>\n","protected":false},"author":1,"featured_media":0,"parent":2257,"menu_order":4,"comment_status":"closed","ping_status":"closed","template":"templates-map\/component-text-layout1.php","meta":{"_acf_changed":false,"footnotes":""},"categories":[],"class_list":["post-2713","page","type-page","status-publish","hentry"],"acf":{"imagens":"","titulo_docs_seccao":"","documentos":[10195]},"_links":{"self":[{"href":"https:\/\/www.cm-evora.pt\/en\/wp-json\/wp\/v2\/pages\/2713","targetHints":{"allow":["GET"]}}],"collection":[{"href":"https:\/\/www.cm-evora.pt\/en\/wp-json\/wp\/v2\/pages"}],"about":[{"href":"https:\/\/www.cm-evora.pt\/en\/wp-json\/wp\/v2\/types\/page"}],"author":[{"embeddable":true,"href":"https:\/\/www.cm-evora.pt\/en\/wp-json\/wp\/v2\/users\/1"}],"replies":[{"embeddable":true,"href":"https:\/\/www.cm-evora.pt\/en\/wp-json\/wp\/v2\/comments?post=2713"}],"version-history":[{"count":9,"href":"https:\/\/www.cm-evora.pt\/en\/wp-json\/wp\/v2\/pages\/2713\/revisions"}],"predecessor-version":[{"id":80806,"href":"https:\/\/www.cm-evora.pt\/en\/wp-json\/wp\/v2\/pages\/2713\/revisions\/80806"}],"up":[{"embeddable":true,"href":"https:\/\/www.cm-evora.pt\/en\/wp-json\/wp\/v2\/pages\/2257"}],"acf:post":[{"embeddable":true,"href":"https:\/\/www.cm-evora.pt\/en\/wp-json\/wp\/v2\/listas_ficheiros\/10195"}],"wp:attachment":[{"href":"https:\/\/www.cm-evora.pt\/en\/wp-json\/wp\/v2\/media?parent=2713"}],"wp:term":[{"taxonomy":"category","embeddable":true,"href":"https:\/\/www.cm-evora.pt\/en\/wp-json\/wp\/v2\/categories?post=2713"}],"curies":[{"name":"wp","href":"https:\/\/api.w.org\/{rel}","templated":true}]}}