{"id":2715,"date":"2020-02-04T09:17:02","date_gmt":"2020-02-04T09:17:02","guid":{"rendered":"https:\/\/evora2.int.skilltech.pt\/susProjects\/wp_evora2_suite\/?page_id=2715"},"modified":"2026-01-09T11:28:13","modified_gmt":"2026-01-09T11:28:13","slug":"transportes-publicos-comboio-e-autocarro","status":"publish","type":"page","link":"https:\/\/www.cm-evora.pt\/en\/visitante\/como-chegar\/transportes-publicos-comboio-e-autocarro\/","title":{"rendered":"Transportes P\u00fablicos &#8211; Comboio e Autocarro"},"content":{"rendered":"<p><\/p>\n<p style=\"text-align: center\"><a href=\"https:\/\/www.cm-evora.pt\/wp-content\/uploads\/2020\/05\/autocarro.jpg\" target=\"_blank\" rel=\"noopener\"><img loading=\"lazy\" decoding=\"async\" class=\"alignnone wp-image-5251 size-full\" src=\"https:\/\/www.cm-evora.pt\/wp-content\/uploads\/2020\/05\/autocarro.jpg\" alt=\"\" width=\"639\" height=\"362\" srcset=\"https:\/\/www.cm-evora.pt\/wp-content\/uploads\/2020\/05\/autocarro.jpg 639w, https:\/\/www.cm-evora.pt\/wp-content\/uploads\/2020\/05\/autocarro-300x170.jpg 300w\" sizes=\"auto, (max-width: 639px) 100vw, 639px\" \/><\/a><\/p>\n<p>&nbsp;<\/p>\n<p style=\"margin: 0cm;text-align: justify\">Chegar a \u00c9vora em transportes p\u00fablicos n\u00e3o \u00e9 muito caro e a viagem faz-se de forma bastante c\u00f3moda e r\u00e1pida.<\/p>\n<p>&nbsp;<\/p>\n<p><a href=\"https:\/\/www.cm-evora.pt\/wp-content\/uploads\/2023\/07\/Logo_Rodovia\u0301ria_do_Alentejo.svg.png\" target=\"_blank\" rel=\"noopener\"><img loading=\"lazy\" decoding=\"async\" class=\"alignnone wp-image-52333 size-medium\" src=\"https:\/\/www.cm-evora.pt\/wp-content\/uploads\/2023\/07\/Logo_Rodovia\u0301ria_do_Alentejo.svg-300x75.png\" alt=\"\" width=\"300\" height=\"75\" srcset=\"https:\/\/www.cm-evora.pt\/wp-content\/uploads\/2023\/07\/Logo_Rodovia\u0301ria_do_Alentejo.svg-300x75.png 300w, https:\/\/www.cm-evora.pt\/wp-content\/uploads\/2023\/07\/Logo_Rodovia\u0301ria_do_Alentejo.svg-1024x256.png 1024w, https:\/\/www.cm-evora.pt\/wp-content\/uploads\/2023\/07\/Logo_Rodovia\u0301ria_do_Alentejo.svg-768x192.png 768w, https:\/\/www.cm-evora.pt\/wp-content\/uploads\/2023\/07\/Logo_Rodovia\u0301ria_do_Alentejo.svg-1536x384.png 1536w, https:\/\/www.cm-evora.pt\/wp-content\/uploads\/2023\/07\/Logo_Rodovia\u0301ria_do_Alentejo.svg-2048x512.png 2048w, https:\/\/www.cm-evora.pt\/wp-content\/uploads\/2023\/07\/Logo_Rodovia\u0301ria_do_Alentejo.svg-1320x330.png 1320w\" sizes=\"auto, (max-width: 300px) 100vw, 300px\" \/><\/a><\/p>\n<p style=\"margin: 0cm;text-align: justify\">A Rede de Expressos demora entre 1h30m e 1h45m a chegar a \u00c9vora a partir de Lisboa e existem in\u00fameros hor\u00e1rios. O pre\u00e7o de um bilhete normal \u00e9 de 11,90\u20ac (ida) e 21,20\u20ac (ida\/volta).<\/p>\n<p style=\"margin: 0cm;text-align: justify\">O Terminal Rodovi\u00e1rio situa-se aproximadamente a 10 minutos a p\u00e9 do centro hist\u00f3rico.<\/p>\n<p>&nbsp;<\/p>\n<p style=\"margin: 0cm;text-align: justify\"><strong>Para saber mais:<\/strong><\/p>\n<p style=\"margin: 0cm;text-align: justify\">Terminal Rodovi\u00e1rio, Av. T\u00falio Espanca<\/p>\n<p style=\"margin: 0cm;text-align: justify\"><u>Telefone<\/u>: <a href=\"tel:+351266738120\" target=\"_blank\" rel=\"noopener\">+351 266 738 120<\/a> \u00abChamada para a rede fixa nacional\u00bb<\/p>\n<p style=\"margin: 0cm;text-align: justify\"><u>Email<\/u>: <a href=\"mailto:geral@rodalentejo.pt\" target=\"_blank\" rel=\"noopener\">geral@rodalentejo.pt<\/a><\/p>\n<p>&nbsp;<\/p>\n<p><a href=\"https:\/\/www.cm-evora.pt\/wp-content\/uploads\/2023\/07\/1200px-Logo-Comboios-de-Portugal.svg.png\" target=\"_blank\" rel=\"noopener\"><img loading=\"lazy\" decoding=\"async\" class=\"alignnone wp-image-52332 size-medium\" src=\"https:\/\/www.cm-evora.pt\/wp-content\/uploads\/2023\/07\/1200px-Logo-Comboios-de-Portugal.svg-300x124.png\" alt=\"\" width=\"300\" height=\"124\" srcset=\"https:\/\/www.cm-evora.pt\/wp-content\/uploads\/2023\/07\/1200px-Logo-Comboios-de-Portugal.svg-300x124.png 300w, https:\/\/www.cm-evora.pt\/wp-content\/uploads\/2023\/07\/1200px-Logo-Comboios-de-Portugal.svg-1024x422.png 1024w, https:\/\/www.cm-evora.pt\/wp-content\/uploads\/2023\/07\/1200px-Logo-Comboios-de-Portugal.svg-768x317.png 768w, https:\/\/www.cm-evora.pt\/wp-content\/uploads\/2023\/07\/1200px-Logo-Comboios-de-Portugal.svg.png 1200w\" sizes=\"auto, (max-width: 300px) 100vw, 300px\" \/><\/a><\/p>\n<p style=\"margin: 0cm;text-align: justify\">O percurso Lisboa-\u00c9vora de comboio demora cerca de 1h30m e atualmente existem quatro liga\u00e7\u00f5es di\u00e1rias. Os pre\u00e7os das viagens variam em fun\u00e7\u00e3o do tipo de bilhete, 1\u00aa classe e 2\u00aa classe.<\/p>\n<p style=\"margin: 0cm;text-align: justify\">A Esta\u00e7\u00e3o Ferrovi\u00e1ria est\u00e1 localizada a cerca de 20 minutos a p\u00e9 do centro hist\u00f3rico de \u00c9vora.<\/p>\n<p style=\"margin: 0cm;text-align: justify\">Existe ainda a op\u00e7\u00e3o de utilizar a TREVO \u2013 Transportes Rodovi\u00e1rios Urbanos de \u00c9vora para chegar comodamente ao centro hist\u00f3rico.<\/p>\n<p>&nbsp;<\/p>\n<p style=\"margin: 0cm;text-align: justify\"><strong>Para saber mais:<\/strong><\/p>\n<p style=\"margin: 0cm;text-align: justify\">Esta\u00e7\u00e3o Ferrovi\u00e1ria de \u00c9vora, Largo da Esta\u00e7\u00e3o<\/p>\n<p style=\"margin: 0cm;text-align: justify\"><u>Coordenadas<\/u>: 38.56069735988124, -7.90732706104841<\/p>\n<p style=\"margin: 0cm;text-align: justify\"><u>Servi\u00e7os CP<\/u>: Intercidades | Linhas: Linha do Alentejo<\/p>\n<p><\/p>","protected":false},"excerpt":{"rendered":"<p>&nbsp; Chegar a \u00c9vora em transportes p\u00fablicos n\u00e3o \u00e9 muito caro e a viagem faz-se de forma bastante c\u00f3moda e r\u00e1pida. &nbsp; A Rede de Expressos demora entre 1h30m e 1h45m a chegar a \u00c9vora a partir de Lisboa e existem in\u00fameros hor\u00e1rios. O pre\u00e7o de um bilhete normal \u00e9 de 11,90\u20ac (ida) e 21,20\u20ac [&hellip;]<\/p>\n","protected":false},"author":1,"featured_media":0,"parent":2257,"menu_order":3,"comment_status":"closed","ping_status":"closed","template":"templates-map\/component-text-layout1.php","meta":{"_acf_changed":false,"footnotes":""},"categories":[],"class_list":["post-2715","page","type-page","status-publish","hentry"],"acf":{"imagens":"","titulo_docs_seccao":"","documentos":""},"_links":{"self":[{"href":"https:\/\/www.cm-evora.pt\/en\/wp-json\/wp\/v2\/pages\/2715","targetHints":{"allow":["GET"]}}],"collection":[{"href":"https:\/\/www.cm-evora.pt\/en\/wp-json\/wp\/v2\/pages"}],"about":[{"href":"https:\/\/www.cm-evora.pt\/en\/wp-json\/wp\/v2\/types\/page"}],"author":[{"embeddable":true,"href":"https:\/\/www.cm-evora.pt\/en\/wp-json\/wp\/v2\/users\/1"}],"replies":[{"embeddable":true,"href":"https:\/\/www.cm-evora.pt\/en\/wp-json\/wp\/v2\/comments?post=2715"}],"version-history":[{"count":12,"href":"https:\/\/www.cm-evora.pt\/en\/wp-json\/wp\/v2\/pages\/2715\/revisions"}],"predecessor-version":[{"id":80805,"href":"https:\/\/www.cm-evora.pt\/en\/wp-json\/wp\/v2\/pages\/2715\/revisions\/80805"}],"up":[{"embeddable":true,"href":"https:\/\/www.cm-evora.pt\/en\/wp-json\/wp\/v2\/pages\/2257"}],"wp:attachment":[{"href":"https:\/\/www.cm-evora.pt\/en\/wp-json\/wp\/v2\/media?parent=2715"}],"wp:term":[{"taxonomy":"category","embeddable":true,"href":"https:\/\/www.cm-evora.pt\/en\/wp-json\/wp\/v2\/categories?post=2715"}],"curies":[{"name":"wp","href":"https:\/\/api.w.org\/{rel}","templated":true}]}}