{"id":2717,"date":"2020-02-04T09:17:22","date_gmt":"2020-02-04T09:17:22","guid":{"rendered":"https:\/\/evora2.int.skilltech.pt\/susProjects\/wp_evora2_suite\/?page_id=2717"},"modified":"2026-01-09T11:28:04","modified_gmt":"2026-01-09T11:28:04","slug":"de-carro","status":"publish","type":"page","link":"https:\/\/www.cm-evora.pt\/en\/visitante\/como-chegar\/de-carro\/","title":{"rendered":"De carro"},"content":{"rendered":"<p class=\"qtranxs-available-languages-message qtranxs-available-languages-message-en\">Sorry, this entry is only available in <a href=\"https:\/\/www.cm-evora.pt\/pt\/wp-json\/wp\/v2\/pages\/2717\" class=\"qtranxs-available-language-link qtranxs-available-language-link-pt\" title=\"Portugu\u00eas\">Portugu\u00eas<\/a>.<\/p><p><\/p>\n<p style=\"text-align: center\"><a href=\"https:\/\/www.cm-evora.pt\/wp-content\/uploads\/2020\/05\/carro639.jpg\" target=\"_blank\" rel=\"noopener\"><img loading=\"lazy\" decoding=\"async\" class=\"alignnone wp-image-5248 size-full\" src=\"https:\/\/www.cm-evora.pt\/wp-content\/uploads\/2020\/05\/carro639.jpg\" alt=\"\" width=\"639\" height=\"362\" srcset=\"https:\/\/www.cm-evora.pt\/wp-content\/uploads\/2020\/05\/carro639.jpg 639w, https:\/\/www.cm-evora.pt\/wp-content\/uploads\/2020\/05\/carro639-300x170.jpg 300w\" sizes=\"auto, (max-width: 639px) 100vw, 639px\" \/><\/a><\/p>\n<p>&nbsp;<\/p>\n<p><strong>De Lisboa \u2013 135 km (1h15m de dura\u00e7\u00e3o m\u00e9dia de viagem)<\/strong><\/p>\n<p>Em fun\u00e7\u00e3o da sua posi\u00e7\u00e3o geogr\u00e1fica dentro da cidade de Lisboa, poder\u00e1 optar por sair em dire\u00e7\u00e3o ao sul atravessando o rio Tejo pela Ponte 25 de Abril (A2) ou Ponte Vasco da Gama (A12). Siga ent\u00e3o em dire\u00e7\u00e3o a \u00c9vora pela autoestrada A6. Poder\u00e1 ainda optar por viajar pela estrada nacional N114.<\/p>\n<p>&nbsp;<\/p>\n<p><strong>De Espanha (Badajoz) \u2013 100 km (1h de dura\u00e7\u00e3o m\u00e9dia da viagem)<\/strong><\/p>\n<p>O percurso \u00e9 extremamente simples. Basta seguir pela A6 durante 83 km\u2019s ap\u00f3s a fronteira. Na indica\u00e7\u00e3o para \u00c9vora deve abandonar a autoestrada e fazer os restantes 10 km\u2019s na N18.<\/p>\n<p>&nbsp;<\/p>\n<p><strong>Do Norte (Porto) \u2013 375 km (4h de dura\u00e7\u00e3o m\u00e9dia da viagem)<\/strong><\/p>\n<p>Com a abertura da A13, liga\u00e7\u00e3o entre Almeirim e o n\u00f3 da A2\/A6 na Marateca, deixou de ser necess\u00e1ria a passagem por Lisboa para que se fa\u00e7a a viagem do norte do pa\u00eds at\u00e9 \u00c9vora sempre em autoestrada. Com efeito, na sa\u00edda da A1 de Santar\u00e9m dever\u00e1 seguir para o IC10 e, posteriormente, perto de Almeirim, para a A13. No n\u00f3 da Marateca deve virar para a A6 em dire\u00e7\u00e3o a \u00c9vora.<\/p>\n<p>&nbsp;<\/p>\n<p><strong>Do Algarve (Faro) \u2013 225 km (2h30m de dura\u00e7\u00e3o m\u00e9dia da viagem)<\/strong><\/p>\n<p>Ter\u00e1 que apanhar a liga\u00e7\u00e3o entre a Via do Infante (A22) e a A2 em dire\u00e7\u00e3o a Lisboa. Na A2, perto de Ourique, dever\u00e1 tomar o desvio para o IP2\/N18 em dire\u00e7\u00e3o a Beja e seguir nessa estrada at\u00e9 \u00c9vora.<\/p>","protected":false},"excerpt":{"rendered":"<p>Sorry, this entry is only available in Portugu\u00eas. &nbsp; De Lisboa \u2013 135 km (1h15m de dura\u00e7\u00e3o m\u00e9dia de viagem) Em fun\u00e7\u00e3o da sua posi\u00e7\u00e3o geogr\u00e1fica dentro da cidade de Lisboa, poder\u00e1 optar por sair em dire\u00e7\u00e3o ao sul atravessando o rio Tejo pela Ponte 25 de Abril (A2) ou Ponte Vasco da Gama (A12). [&hellip;]<\/p>\n","protected":false},"author":1,"featured_media":0,"parent":2257,"menu_order":2,"comment_status":"closed","ping_status":"closed","template":"templates-map\/component-text-layout1.php","meta":{"_acf_changed":false,"footnotes":""},"categories":[],"class_list":["post-2717","page","type-page","status-publish","hentry"],"acf":{"imagens":"","titulo_docs_seccao":"","documentos":""},"_links":{"self":[{"href":"https:\/\/www.cm-evora.pt\/en\/wp-json\/wp\/v2\/pages\/2717","targetHints":{"allow":["GET"]}}],"collection":[{"href":"https:\/\/www.cm-evora.pt\/en\/wp-json\/wp\/v2\/pages"}],"about":[{"href":"https:\/\/www.cm-evora.pt\/en\/wp-json\/wp\/v2\/types\/page"}],"author":[{"embeddable":true,"href":"https:\/\/www.cm-evora.pt\/en\/wp-json\/wp\/v2\/users\/1"}],"replies":[{"embeddable":true,"href":"https:\/\/www.cm-evora.pt\/en\/wp-json\/wp\/v2\/comments?post=2717"}],"version-history":[{"count":5,"href":"https:\/\/www.cm-evora.pt\/en\/wp-json\/wp\/v2\/pages\/2717\/revisions"}],"predecessor-version":[{"id":80804,"href":"https:\/\/www.cm-evora.pt\/en\/wp-json\/wp\/v2\/pages\/2717\/revisions\/80804"}],"up":[{"embeddable":true,"href":"https:\/\/www.cm-evora.pt\/en\/wp-json\/wp\/v2\/pages\/2257"}],"wp:attachment":[{"href":"https:\/\/www.cm-evora.pt\/en\/wp-json\/wp\/v2\/media?parent=2717"}],"wp:term":[{"taxonomy":"category","embeddable":true,"href":"https:\/\/www.cm-evora.pt\/en\/wp-json\/wp\/v2\/categories?post=2717"}],"curies":[{"name":"wp","href":"https:\/\/api.w.org\/{rel}","templated":true}]}}