{"id":2726,"date":"2020-02-04T09:23:43","date_gmt":"2020-02-04T09:23:43","guid":{"rendered":"https:\/\/evora2.int.skilltech.pt\/susProjects\/wp_evora2_suite\/?page_id=2726"},"modified":"2026-01-13T11:20:59","modified_gmt":"2026-01-13T11:20:59","slug":"ludoteca-e-colecao-do-brinquedo","status":"publish","type":"page","link":"https:\/\/www.cm-evora.pt\/en\/visitante\/lazer-visitar\/ludoteca-e-colecao-do-brinquedo\/","title":{"rendered":"Ludoteca e Cole\u00e7\u00e3o do Brinquedo"},"content":{"rendered":"<p><\/p>\n<p style=\"text-align: center\">\u200b<a href=\"https:\/\/www.cm-evora.pt\/wp-content\/uploads\/2024\/03\/Ludoteca-Banner-Horario.png\" target=\"_blank\" rel=\"noopener\"><img loading=\"lazy\" decoding=\"async\" class=\"alignnone wp-image-59042 size-full\" src=\"https:\/\/www.cm-evora.pt\/wp-content\/uploads\/2024\/03\/Ludoteca-Banner-Horario.png\" alt=\"\" width=\"8000\" height=\"4500\" srcset=\"https:\/\/www.cm-evora.pt\/wp-content\/uploads\/2024\/03\/Ludoteca-Banner-Horario.png 8000w, https:\/\/www.cm-evora.pt\/wp-content\/uploads\/2024\/03\/Ludoteca-Banner-Horario-300x169.png 300w, https:\/\/www.cm-evora.pt\/wp-content\/uploads\/2024\/03\/Ludoteca-Banner-Horario-1024x576.png 1024w, https:\/\/www.cm-evora.pt\/wp-content\/uploads\/2024\/03\/Ludoteca-Banner-Horario-768x432.png 768w, https:\/\/www.cm-evora.pt\/wp-content\/uploads\/2024\/03\/Ludoteca-Banner-Horario-1536x864.png 1536w, https:\/\/www.cm-evora.pt\/wp-content\/uploads\/2024\/03\/Ludoteca-Banner-Horario-2048x1152.png 2048w, https:\/\/www.cm-evora.pt\/wp-content\/uploads\/2024\/03\/Ludoteca-Banner-Horario-1320x743.png 1320w\" sizes=\"auto, (max-width: 8000px) 100vw, 8000px\" \/><\/a><\/p>\n<p>&nbsp;<\/p>\n<p>A Ludoteca e a cole\u00e7\u00e3o do Brinquedo s\u00e3o dois espa\u00e7os dedicados \u00e0s crian\u00e7as, que funcionam num \u00fanico edif\u00edcio situado no Parque Infantil Almeida Margiochi.<\/p>\n<p>&nbsp;<\/p>\n<h2><strong>Ludoteca de \u00c9vora<\/strong><\/h2>\n<p>A Ludoteca de \u00c9vora, para al\u00e9m de ser um espa\u00e7o com disponibiliza\u00e7\u00e3o de materiais, jogos e brinquedos, \u00e9 por si s\u00f3 um verdadeiro recurso educativo.<\/p>\n<p>Na sua din\u00e2mica, oferta e funcionamento, a Ludoteca \u00e9 para todas as pessoas.<\/p>\n<p>&nbsp;<\/p>\n<h2><strong>Cole\u00e7\u00e3o do Brinquedo<\/strong><\/h2>\n<p>A cole\u00e7\u00e3o do Brinquedo, integra v\u00e1rias cole\u00e7\u00f5es de brinquedos que marcaram os anos 40 e 50 do s\u00e9culo XX, com destaque para um comboio ainda em funcionamento. Este \u00e9 o espa\u00e7o ideal para os visitantes mostrarem \u00e0s crian\u00e7as como eles pr\u00f3prios, como os seus pais ou av\u00f3s brincavam antigamente.<\/p>\n<p>&nbsp;<\/p>\n<p><strong>Ludoteca e Cole\u00e7\u00e3o do Brinquedo de \u00c9vora<\/strong><\/p>\n<p><u>Morada<\/u>: Parque Infantil Almeida Margiochi (Jardim P\u00fablico)<\/p>\n<p><u>Hor\u00e1rio<\/u>:<\/p>\n<ul>\n<li style=\"list-style-type: none\">\n<ul>\n<li>4\u00aa feira a domingo | Encerra \u00e0s 2\u00aa e 3\u00aa feiras,<\/li>\n<li>10h00 &#8211; 13h00 e 14h00 &#8211; 19h00.<\/li>\n<\/ul>\n<\/li>\n<\/ul>\n<p><u>Pre\u00e7o<\/u>: Entrada livre<\/p>","protected":false},"excerpt":{"rendered":"<p>\u200b &nbsp; A Ludoteca e a cole\u00e7\u00e3o do Brinquedo s\u00e3o dois espa\u00e7os dedicados \u00e0s crian\u00e7as, que funcionam num \u00fanico edif\u00edcio situado no Parque Infantil Almeida Margiochi. &nbsp; Ludoteca de \u00c9vora A Ludoteca de \u00c9vora, para al\u00e9m de ser um espa\u00e7o com disponibiliza\u00e7\u00e3o de materiais, jogos e brinquedos, \u00e9 por si s\u00f3 um verdadeiro recurso educativo. [&hellip;]<\/p>\n","protected":false},"author":1,"featured_media":0,"parent":2260,"menu_order":8,"comment_status":"closed","ping_status":"closed","template":"templates-map\/component-text-layout1.php","meta":{"_acf_changed":false,"footnotes":""},"categories":[],"class_list":["post-2726","page","type-page","status-publish","hentry"],"acf":{"imagens":"","titulo_docs_seccao":"","documentos":""},"_links":{"self":[{"href":"https:\/\/www.cm-evora.pt\/en\/wp-json\/wp\/v2\/pages\/2726","targetHints":{"allow":["GET"]}}],"collection":[{"href":"https:\/\/www.cm-evora.pt\/en\/wp-json\/wp\/v2\/pages"}],"about":[{"href":"https:\/\/www.cm-evora.pt\/en\/wp-json\/wp\/v2\/types\/page"}],"author":[{"embeddable":true,"href":"https:\/\/www.cm-evora.pt\/en\/wp-json\/wp\/v2\/users\/1"}],"replies":[{"embeddable":true,"href":"https:\/\/www.cm-evora.pt\/en\/wp-json\/wp\/v2\/comments?post=2726"}],"version-history":[{"count":14,"href":"https:\/\/www.cm-evora.pt\/en\/wp-json\/wp\/v2\/pages\/2726\/revisions"}],"predecessor-version":[{"id":80857,"href":"https:\/\/www.cm-evora.pt\/en\/wp-json\/wp\/v2\/pages\/2726\/revisions\/80857"}],"up":[{"embeddable":true,"href":"https:\/\/www.cm-evora.pt\/en\/wp-json\/wp\/v2\/pages\/2260"}],"wp:attachment":[{"href":"https:\/\/www.cm-evora.pt\/en\/wp-json\/wp\/v2\/media?parent=2726"}],"wp:term":[{"taxonomy":"category","embeddable":true,"href":"https:\/\/www.cm-evora.pt\/en\/wp-json\/wp\/v2\/categories?post=2726"}],"curies":[{"name":"wp","href":"https:\/\/api.w.org\/{rel}","templated":true}]}}