{"id":2728,"date":"2020-02-04T09:24:04","date_gmt":"2020-02-04T09:24:04","guid":{"rendered":"https:\/\/evora2.int.skilltech.pt\/susProjects\/wp_evora2_suite\/?page_id=2728"},"modified":"2026-01-13T11:20:54","modified_gmt":"2026-01-13T11:20:54","slug":"agenda-cultural","status":"publish","type":"page","link":"https:\/\/www.cm-evora.pt\/en\/visitante\/lazer-visitar\/agenda-cultural\/","title":{"rendered":"Agenda Cultural"},"content":{"rendered":"<p><\/p>\n<p style=\"text-align: center\"><a href=\"https:\/\/www.cm-evora.pt\/wp-content\/uploads\/2020\/06\/agentes-culturais.jpg\" target=\"_blank\" rel=\"noopener\"><img loading=\"lazy\" decoding=\"async\" class=\"alignnone wp-image-7593 size-full\" src=\"https:\/\/www.cm-evora.pt\/wp-content\/uploads\/2020\/06\/agentes-culturais.jpg\" alt=\"\" width=\"639\" height=\"362\" srcset=\"https:\/\/www.cm-evora.pt\/wp-content\/uploads\/2020\/06\/agentes-culturais.jpg 639w, https:\/\/www.cm-evora.pt\/wp-content\/uploads\/2020\/06\/agentes-culturais-300x170.jpg 300w\" sizes=\"auto, (max-width: 639px) 100vw, 639px\" \/><\/a><\/p>\n<p>&nbsp;<\/p>\n<p>Veja o que acontece em \u00c9vora, v\u00e1 a uma exposi\u00e7\u00e3o, assista a uma performance ou a um espet\u00e1culo de m\u00fasica, teatro ou dan\u00e7a. Aproveite e saia \u00e0 noite, v\u00e1 ao cinema e beba um copo.<\/p>","protected":false},"excerpt":{"rendered":"<p>&nbsp; Veja o que acontece em \u00c9vora, v\u00e1 a uma exposi\u00e7\u00e3o, assista a uma performance ou a um espet\u00e1culo de m\u00fasica, teatro ou dan\u00e7a. Aproveite e saia \u00e0 noite, v\u00e1 ao cinema e beba um copo.<\/p>\n","protected":false},"author":1,"featured_media":0,"parent":2260,"menu_order":7,"comment_status":"closed","ping_status":"closed","template":"templates-map\/component-text-layout1.php","meta":{"_acf_changed":false,"footnotes":""},"categories":[],"class_list":["post-2728","page","type-page","status-publish","hentry"],"acf":{"imagens":"","titulo_docs_seccao":"","documentos":""},"_links":{"self":[{"href":"https:\/\/www.cm-evora.pt\/en\/wp-json\/wp\/v2\/pages\/2728","targetHints":{"allow":["GET"]}}],"collection":[{"href":"https:\/\/www.cm-evora.pt\/en\/wp-json\/wp\/v2\/pages"}],"about":[{"href":"https:\/\/www.cm-evora.pt\/en\/wp-json\/wp\/v2\/types\/page"}],"author":[{"embeddable":true,"href":"https:\/\/www.cm-evora.pt\/en\/wp-json\/wp\/v2\/users\/1"}],"replies":[{"embeddable":true,"href":"https:\/\/www.cm-evora.pt\/en\/wp-json\/wp\/v2\/comments?post=2728"}],"version-history":[{"count":7,"href":"https:\/\/www.cm-evora.pt\/en\/wp-json\/wp\/v2\/pages\/2728\/revisions"}],"predecessor-version":[{"id":80856,"href":"https:\/\/www.cm-evora.pt\/en\/wp-json\/wp\/v2\/pages\/2728\/revisions\/80856"}],"up":[{"embeddable":true,"href":"https:\/\/www.cm-evora.pt\/en\/wp-json\/wp\/v2\/pages\/2260"}],"wp:attachment":[{"href":"https:\/\/www.cm-evora.pt\/en\/wp-json\/wp\/v2\/media?parent=2728"}],"wp:term":[{"taxonomy":"category","embeddable":true,"href":"https:\/\/www.cm-evora.pt\/en\/wp-json\/wp\/v2\/categories?post=2728"}],"curies":[{"name":"wp","href":"https:\/\/api.w.org\/{rel}","templated":true}]}}