{"id":2732,"date":"2020-02-04T09:26:13","date_gmt":"2020-02-04T09:26:13","guid":{"rendered":"https:\/\/evora2.int.skilltech.pt\/susProjects\/wp_evora2_suite\/?page_id=2732"},"modified":"2026-01-13T11:20:42","modified_gmt":"2026-01-13T11:20:42","slug":"piscinas-municipais","status":"publish","type":"page","link":"https:\/\/www.cm-evora.pt\/en\/visitante\/lazer-visitar\/piscinas-municipais\/","title":{"rendered":"Piscinas Municipais"},"content":{"rendered":"<p class=\"qtranxs-available-languages-message qtranxs-available-languages-message-en\">Sorry, this entry is only available in <a href=\"https:\/\/www.cm-evora.pt\/pt\/wp-json\/wp\/v2\/pages\/2732\" class=\"qtranxs-available-language-link qtranxs-available-language-link-pt\" title=\"Portugu\u00eas\">Portugu\u00eas<\/a>.<\/p><p>\u200b<\/p>\n<p style=\"text-align: center\"><a href=\"https:\/\/www.cm-evora.pt\/wp-content\/uploads\/2021\/01\/DSC_9335_piscinas.jpg\" target=\"_blank\" rel=\"noopener\"><img loading=\"lazy\" decoding=\"async\" class=\"alignnone wp-image-19346 size-full\" src=\"https:\/\/www.cm-evora.pt\/wp-content\/uploads\/2021\/01\/DSC_9335_piscinas.jpg\" alt=\"\" width=\"1114\" height=\"644\" srcset=\"https:\/\/www.cm-evora.pt\/wp-content\/uploads\/2021\/01\/DSC_9335_piscinas.jpg 1114w, https:\/\/www.cm-evora.pt\/wp-content\/uploads\/2021\/01\/DSC_9335_piscinas-300x173.jpg 300w, https:\/\/www.cm-evora.pt\/wp-content\/uploads\/2021\/01\/DSC_9335_piscinas-1024x592.jpg 1024w, https:\/\/www.cm-evora.pt\/wp-content\/uploads\/2021\/01\/DSC_9335_piscinas-768x444.jpg 768w\" sizes=\"auto, (max-width: 1114px) 100vw, 1114px\" \/><\/a><\/p>\n<p>O complexo das piscinas municipais de \u00c9vora foi inaugurado a 5 de Setembro de 1964.<\/p>\n<p>Neste parque de Piscinas constam uma cuba de saltos com pranchas de 1,5 \u2013 3,0 \u2013 5,0 e 7,5 metros, uma piscina ol\u00edmpica de 50x22m, uma piscina de aprendizagem de 33x16m, dois tanques para b\u00e9b\u00e9s, uma piscina coberta (inverno) de 16 metros, um parque infantil, um parque de merendas, um polidesportivo (para a pr\u00e1tica de v\u00e1rias modalidades desportivas) um grande parque de estacionamento, bares e zonas verdes.<\/p>\n<p>&nbsp;<\/p>\n<p><u>Morada<\/u>: Av. Eng.\u00ba Arantes de Oliveira, 7000-758 \u00c9vora<\/p>\n<p><u>Telefone<\/u>: <a href=\"tel:+351266777186\" target=\"_blank\" rel=\"noopener\">+351 266 777 186<\/a> \u00abChamada para a rede fixa nacional\u00bb<\/p>\n<p><u>Email<\/u>: <a href=\"mailto:piscinasmunicipais@cm-evora.pt\" target=\"_blank\" rel=\"noopener\">piscinasmunicipais@cm-evora.pt<\/a><\/p>","protected":false},"excerpt":{"rendered":"<p>Sorry, this entry is only available in Portugu\u00eas.\u200b O complexo das piscinas municipais de \u00c9vora foi inaugurado a 5 de Setembro de 1964. Neste parque de Piscinas constam uma cuba de saltos com pranchas de 1,5 \u2013 3,0 \u2013 5,0 e 7,5 metros, uma piscina ol\u00edmpica de 50x22m, uma piscina de aprendizagem de 33x16m, dois [&hellip;]<\/p>\n","protected":false},"author":1,"featured_media":0,"parent":2260,"menu_order":5,"comment_status":"closed","ping_status":"closed","template":"templates-map\/component-text-layout1.php","meta":{"_acf_changed":false,"footnotes":""},"categories":[],"class_list":["post-2732","page","type-page","status-publish","hentry"],"acf":{"imagens":"","titulo_docs_seccao":"","documentos":""},"_links":{"self":[{"href":"https:\/\/www.cm-evora.pt\/en\/wp-json\/wp\/v2\/pages\/2732","targetHints":{"allow":["GET"]}}],"collection":[{"href":"https:\/\/www.cm-evora.pt\/en\/wp-json\/wp\/v2\/pages"}],"about":[{"href":"https:\/\/www.cm-evora.pt\/en\/wp-json\/wp\/v2\/types\/page"}],"author":[{"embeddable":true,"href":"https:\/\/www.cm-evora.pt\/en\/wp-json\/wp\/v2\/users\/1"}],"replies":[{"embeddable":true,"href":"https:\/\/www.cm-evora.pt\/en\/wp-json\/wp\/v2\/comments?post=2732"}],"version-history":[{"count":10,"href":"https:\/\/www.cm-evora.pt\/en\/wp-json\/wp\/v2\/pages\/2732\/revisions"}],"predecessor-version":[{"id":80855,"href":"https:\/\/www.cm-evora.pt\/en\/wp-json\/wp\/v2\/pages\/2732\/revisions\/80855"}],"up":[{"embeddable":true,"href":"https:\/\/www.cm-evora.pt\/en\/wp-json\/wp\/v2\/pages\/2260"}],"wp:attachment":[{"href":"https:\/\/www.cm-evora.pt\/en\/wp-json\/wp\/v2\/media?parent=2732"}],"wp:term":[{"taxonomy":"category","embeddable":true,"href":"https:\/\/www.cm-evora.pt\/en\/wp-json\/wp\/v2\/categories?post=2732"}],"curies":[{"name":"wp","href":"https:\/\/api.w.org\/{rel}","templated":true}]}}