{"id":2736,"date":"2020-02-04T09:27:36","date_gmt":"2020-02-04T09:27:36","guid":{"rendered":"https:\/\/evora2.int.skilltech.pt\/susProjects\/wp_evora2_suite\/?page_id=2736"},"modified":"2026-01-13T11:20:33","modified_gmt":"2026-01-13T11:20:33","slug":"complexo-desportivo-de-evora","status":"publish","type":"page","link":"https:\/\/www.cm-evora.pt\/en\/visitante\/lazer-visitar\/complexo-desportivo-de-evora\/","title":{"rendered":"Complexo Desportivo de \u00c9vora"},"content":{"rendered":"<p class=\"qtranxs-available-languages-message qtranxs-available-languages-message-en\">Sorry, this entry is only available in <a href=\"https:\/\/www.cm-evora.pt\/pt\/wp-json\/wp\/v2\/pages\/2736\" class=\"qtranxs-available-language-link qtranxs-available-language-link-pt\" title=\"Portugu\u00eas\">Portugu\u00eas<\/a>.<\/p><p><\/p>\n<h3 style=\"text-align: center\">\u200bO Complexo Desportivo de \u00c9vora foi\u00a0inaugurado a\u00a027 de julho de 2016.<\/h3>\n<p>&nbsp;<\/p>\n<p style=\"text-align: center\"><a href=\"https:\/\/www.cm-evora.pt\/wp-content\/uploads\/2020\/06\/complexo-desportivo1.jpg\" target=\"_blank\" rel=\"noopener\"><img loading=\"lazy\" decoding=\"async\" class=\"alignnone wp-image-7567 size-full\" src=\"https:\/\/www.cm-evora.pt\/wp-content\/uploads\/2020\/06\/complexo-desportivo1.jpg\" alt=\"\" width=\"639\" height=\"362\" srcset=\"https:\/\/www.cm-evora.pt\/wp-content\/uploads\/2020\/06\/complexo-desportivo1.jpg 639w, https:\/\/www.cm-evora.pt\/wp-content\/uploads\/2020\/06\/complexo-desportivo1-300x170.jpg 300w\" sizes=\"auto, (max-width: 639px) 100vw, 639px\" \/><\/a><\/p>\n<p>&nbsp;<\/p>\n<p>A gest\u00e3o do espa\u00e7o \u00e9 assegurada pela C\u00e2mara Municipal de \u00c9vora atrav\u00e9s de contrato de comodato celebrado entre o Munic\u00edpio e o IPDJ, propriet\u00e1rio do complexo desportivo.<\/p>\n<p>&nbsp;<\/p>\n<p>Este equipamento \u00e9 composto por:<\/p>\n<ul>\n<li style=\"list-style-type: none\">\n<ul>\n<li>pista de atletismo standard de seis corredores de 400 m;<\/li>\n<li>pista de salto em comprimento\/triplo e de salto com vara;<\/li>\n<li>campo de grandes jogos em relva sint\u00e9tica;<\/li>\n<li>instala\u00e7\u00f5es de apoio para atletas, t\u00e9cnicos e p\u00fablico:\n<ul>\n<li>quatro unidades vesti\u00e1rios-balne\u00e1rios para atletas,<\/li>\n<li>duas unidades completas para atletas de mobilidade condicionada,<\/li>\n<li>duas unidades para \u00e1rbitros\/ju\u00edzes\/t\u00e9cnicos permitindo a utiliza\u00e7\u00e3o pelos dois sexos,<\/li>\n<li>gin\u00e1sio\/sala de muscula\u00e7\u00e3o para prepara\u00e7\u00e3o f\u00edsica de atletas e preven\u00e7\u00e3o de les\u00f5es,<\/li>\n<li>arrecada\u00e7\u00f5es de material desportivo e de produtos de manuten\u00e7\u00e3o,<\/li>\n<li>sala t\u00e9cnica,<\/li>\n<li>posto m\u00e9dico,<\/li>\n<li>instala\u00e7\u00f5es sanit\u00e1rias destinadas a p\u00fablico espectador e sala de for\u00e7as de seguran\u00e7a;<\/li>\n<\/ul>\n<\/li>\n<li>bancada com 180 lugares de capacidade;<\/li>\n<li>circuito de manuten\u00e7\u00e3o com 1500 metros.<\/li>\n<\/ul>\n<\/li>\n<\/ul>\n<p>&nbsp;<\/p>\n<p style=\"text-align: center\"><iframe loading=\"lazy\" title=\"Inaugura\u00e7\u00e3o do Novo Complexo Desportivo de \u00c9vora\" width=\"500\" height=\"281\" src=\"https:\/\/www.youtube.com\/embed\/AEXWHws_GJw?feature=oembed\" frameborder=\"0\" allow=\"accelerometer; autoplay; clipboard-write; encrypted-media; gyroscope; picture-in-picture; web-share\" referrerpolicy=\"strict-origin-when-cross-origin\" allowfullscreen><\/iframe><\/p>\n<p>&nbsp;<\/p>\n<p><strong>Mais Informa\u00e7\u00f5es:<\/strong><\/p>\n<p><u>Respons\u00e1vel<\/u>: Divis\u00e3o de Juventude e Desporto<\/p>\n<p><u>Localiza\u00e7\u00e3o<\/u>: Estrada das Alc\u00e1\u00e7ovas (N380)<\/p>\n<p><u>Email<\/u>: <u><a href=\"mailto:complexodesportivoevora@cm-evora.pt\u200b\" target=\"_blank\" rel=\"noopener\">complexodesportivoevora@cm-evora.pt<\/a><\/u><\/p>\n<p><span style=\"text-decoration: underline\">Site<\/span>: <a href=\"https:\/\/www.cm-evora.pt\/municipe\/equipamentos\/equipamentos-desportivos\/complexo-desportivo-de-evora\/sobre-o-complexo-desportivo-de-evora\/\" target=\"_blank\" rel=\"noopener\">Complexo Desportivo de \u00c9vora<\/a><\/p>","protected":false},"excerpt":{"rendered":"<p>Sorry, this entry is only available in Portugu\u00eas. \u200bO Complexo Desportivo de \u00c9vora foi\u00a0inaugurado a\u00a027 de julho de 2016. &nbsp; &nbsp; A gest\u00e3o do espa\u00e7o \u00e9 assegurada pela C\u00e2mara Municipal de \u00c9vora atrav\u00e9s de contrato de comodato celebrado entre o Munic\u00edpio e o IPDJ, propriet\u00e1rio do complexo desportivo. &nbsp; Este equipamento \u00e9 composto por: pista [&hellip;]<\/p>\n","protected":false},"author":1,"featured_media":0,"parent":2260,"menu_order":3,"comment_status":"closed","ping_status":"closed","template":"templates-map\/component-text-list-layout1.php","meta":{"_acf_changed":false,"footnotes":""},"categories":[],"class_list":["post-2736","page","type-page","status-publish","hentry"],"acf":[],"_links":{"self":[{"href":"https:\/\/www.cm-evora.pt\/en\/wp-json\/wp\/v2\/pages\/2736","targetHints":{"allow":["GET"]}}],"collection":[{"href":"https:\/\/www.cm-evora.pt\/en\/wp-json\/wp\/v2\/pages"}],"about":[{"href":"https:\/\/www.cm-evora.pt\/en\/wp-json\/wp\/v2\/types\/page"}],"author":[{"embeddable":true,"href":"https:\/\/www.cm-evora.pt\/en\/wp-json\/wp\/v2\/users\/1"}],"replies":[{"embeddable":true,"href":"https:\/\/www.cm-evora.pt\/en\/wp-json\/wp\/v2\/comments?post=2736"}],"version-history":[{"count":10,"href":"https:\/\/www.cm-evora.pt\/en\/wp-json\/wp\/v2\/pages\/2736\/revisions"}],"predecessor-version":[{"id":79224,"href":"https:\/\/www.cm-evora.pt\/en\/wp-json\/wp\/v2\/pages\/2736\/revisions\/79224"}],"up":[{"embeddable":true,"href":"https:\/\/www.cm-evora.pt\/en\/wp-json\/wp\/v2\/pages\/2260"}],"wp:attachment":[{"href":"https:\/\/www.cm-evora.pt\/en\/wp-json\/wp\/v2\/media?parent=2736"}],"wp:term":[{"taxonomy":"category","embeddable":true,"href":"https:\/\/www.cm-evora.pt\/en\/wp-json\/wp\/v2\/categories?post=2736"}],"curies":[{"name":"wp","href":"https:\/\/api.w.org\/{rel}","templated":true}]}}