{"id":2756,"date":"2020-02-04T09:37:52","date_gmt":"2020-02-04T09:37:52","guid":{"rendered":"https:\/\/evora2.int.skilltech.pt\/susProjects\/wp_evora2_suite\/?page_id=2756"},"modified":"2023-05-17T14:41:28","modified_gmt":"2023-05-17T13:41:28","slug":"newsletter-evora-local","status":"publish","type":"page","link":"https:\/\/www.cm-evora.pt\/en\/municipe\/agenda-e-noticias\/media-center\/newsletter-evora-local\/","title":{"rendered":"Newsletter &#8220;\u00c9vora Local&#8221;"},"content":{"rendered":"<p><span class=\"ms-rteThemeForeColor-4-5\">\u200b\u200b\u200b\u200b\u200b\u200b\u200b\u200b\u200b\u200b\u200b\u200b\u200b\u200b\u200b\u200b&#8221;\u00c9vora Local&#8221; \u00e9 uma newsletter digital do Munic\u00edpio de \u00c9vora, produzida quinzenalmente e enviada por email para utilizadores registados.\u00a0<\/span><\/p>\n<p><span class=\"ms-rteThemeForeColor-4-5\">\u200bPode aqui encontrar informa\u00e7\u00e3o atualizada sobre o que acontece em \u00c9vora, as not\u00edcias em destaque, informa\u00e7\u00f5es institucionais e, na rubrica &#8220;Sabia que\u200b&#8221;, curiosidades sobre a cidade de \u00c9vora.<\/span><\/p>\n<p><span class=\"ms-rteThemeForeColor-4-5\">&#8220;\u00c9vora Local&#8221; \u00e9 da inteira responsabilidade da Divis\u00e3o de Comunica\u00e7\u00e3o.\u200b<\/span><\/p>\n<p>&nbsp;<\/p>\n<p style=\"text-align: center\"><a href=\"https:\/\/www.cm-evora.pt\/wp-content\/uploads\/2021\/07\/Newsletter-20jul.pdf\" target=\"_blank\" rel=\"noopener\">CLIQUE PARA VISUALIZAR<\/a><\/p>\n<p style=\"text-align: center\"><a href=\"https:\/\/www.cm-evora.pt\/wp-content\/uploads\/2021\/07\/Newsletter-20jul.pdf\" target=\"_blank\" rel=\"noopener\"><img loading=\"lazy\" decoding=\"async\" class=\"alignnone wp-image-25043 size-full\" src=\"https:\/\/www.cm-evora.pt\/wp-content\/uploads\/2021\/07\/Capa-EvoraLocal-22jul.jpg\" alt=\"\" width=\"1024\" height=\"657\" srcset=\"https:\/\/www.cm-evora.pt\/wp-content\/uploads\/2021\/07\/Capa-EvoraLocal-22jul.jpg 1024w, https:\/\/www.cm-evora.pt\/wp-content\/uploads\/2021\/07\/Capa-EvoraLocal-22jul-300x192.jpg 300w, https:\/\/www.cm-evora.pt\/wp-content\/uploads\/2021\/07\/Capa-EvoraLocal-22jul-768x493.jpg 768w\" sizes=\"auto, (max-width: 1024px) 100vw, 1024px\" \/><\/a><\/p>\n<p>&nbsp;<\/p>\n<p><strong>Newsletters Anteriores<\/strong>:<\/p>\n<ul>\n<li style=\"list-style-type: none\">\n<ul>\n<li><a href=\"https:\/\/www.cm-evora.pt\/wp-content\/uploads\/2021\/07\/Newsletter-06jul.pdf\" target=\"_blank\" rel=\"noopener\">Newsletter Quinzenal &#8216;\u00c9vora Local&#8217; &#8211; 06\/07\/2021<\/a><\/li>\n<li><a href=\"https:\/\/www.cm-evora.pt\/wp-content\/uploads\/2021\/06\/Newsletter-22jun2021.pdf\" target=\"_blank\" rel=\"noopener\">Newsletter Quinzenal &#8216;\u00c9vora Local&#8217; &#8211; 22\/06\/2021<\/a><\/li>\n<\/ul>\n<\/li>\n<\/ul>\n<p>&nbsp;<\/p>\n","protected":false},"excerpt":{"rendered":"<p>\u200b\u200b\u200b\u200b\u200b\u200b\u200b\u200b\u200b\u200b\u200b\u200b\u200b\u200b\u200b\u200b&#8221;\u00c9vora Local&#8221; \u00e9 uma newsletter digital do Munic\u00edpio de \u00c9vora, produzida quinzenalmente e enviada por email para utilizadores registados.\u00a0 \u200bPode aqui encontrar informa\u00e7\u00e3o atualizada sobre o que acontece em \u00c9vora, as not\u00edcias em destaque, informa\u00e7\u00f5es institucionais e, na rubrica &#8220;Sabia que\u200b&#8221;, curiosidades sobre a cidade de \u00c9vora. &#8220;\u00c9vora Local&#8221; \u00e9 da inteira responsabilidade da Divis\u00e3o [&hellip;]<\/p>\n","protected":false},"author":1,"featured_media":0,"parent":2750,"menu_order":6,"comment_status":"closed","ping_status":"closed","template":"templates-map\/component-form-layout1.php","meta":{"_acf_changed":false,"footnotes":""},"categories":[],"class_list":["post-2756","page","type-page","status-publish","hentry"],"acf":[],"_links":{"self":[{"href":"https:\/\/www.cm-evora.pt\/en\/wp-json\/wp\/v2\/pages\/2756","targetHints":{"allow":["GET"]}}],"collection":[{"href":"https:\/\/www.cm-evora.pt\/en\/wp-json\/wp\/v2\/pages"}],"about":[{"href":"https:\/\/www.cm-evora.pt\/en\/wp-json\/wp\/v2\/types\/page"}],"author":[{"embeddable":true,"href":"https:\/\/www.cm-evora.pt\/en\/wp-json\/wp\/v2\/users\/1"}],"replies":[{"embeddable":true,"href":"https:\/\/www.cm-evora.pt\/en\/wp-json\/wp\/v2\/comments?post=2756"}],"version-history":[{"count":11,"href":"https:\/\/www.cm-evora.pt\/en\/wp-json\/wp\/v2\/pages\/2756\/revisions"}],"predecessor-version":[{"id":49240,"href":"https:\/\/www.cm-evora.pt\/en\/wp-json\/wp\/v2\/pages\/2756\/revisions\/49240"}],"up":[{"embeddable":true,"href":"https:\/\/www.cm-evora.pt\/en\/wp-json\/wp\/v2\/pages\/2750"}],"wp:attachment":[{"href":"https:\/\/www.cm-evora.pt\/en\/wp-json\/wp\/v2\/media?parent=2756"}],"wp:term":[{"taxonomy":"category","embeddable":true,"href":"https:\/\/www.cm-evora.pt\/en\/wp-json\/wp\/v2\/categories?post=2756"}],"curies":[{"name":"wp","href":"https:\/\/api.w.org\/{rel}","templated":true}]}}