{"id":2758,"date":"2020-02-04T09:38:17","date_gmt":"2020-02-04T09:38:17","guid":{"rendered":"https:\/\/evora2.int.skilltech.pt\/susProjects\/wp_evora2_suite\/?page_id=2758"},"modified":"2026-03-02T11:22:28","modified_gmt":"2026-03-02T11:22:28","slug":"magazine-reportagem-video","status":"publish","type":"page","link":"https:\/\/www.cm-evora.pt\/en\/municipe\/agenda-e-noticias\/media-center\/magazine-reportagem-video\/","title":{"rendered":"Magazine Reportagem V\u00eddeo"},"content":{"rendered":"<p><\/p>\n<p style=\"text-align: center\"><a href=\"https:\/\/www.cm-evora.pt\/municipe\/agenda-e-noticias\/media-center\/magazine-reportagem-video\/imggeral\/\" target=\"_blank\" rel=\"noopener\"><img loading=\"lazy\" decoding=\"async\" class=\"alignnone wp-image-43650 size-full\" src=\"https:\/\/www.cm-evora.pt\/wp-content\/uploads\/2022\/12\/imgGeral.jpg\" alt=\"\" width=\"1920\" height=\"1080\" srcset=\"https:\/\/www.cm-evora.pt\/wp-content\/uploads\/2022\/12\/imgGeral.jpg 1920w, https:\/\/www.cm-evora.pt\/wp-content\/uploads\/2022\/12\/imgGeral-300x169.jpg 300w, https:\/\/www.cm-evora.pt\/wp-content\/uploads\/2022\/12\/imgGeral-1024x576.jpg 1024w, https:\/\/www.cm-evora.pt\/wp-content\/uploads\/2022\/12\/imgGeral-768x432.jpg 768w, https:\/\/www.cm-evora.pt\/wp-content\/uploads\/2022\/12\/imgGeral-1536x864.jpg 1536w, https:\/\/www.cm-evora.pt\/wp-content\/uploads\/2022\/12\/imgGeral-1320x743.jpg 1320w\" sizes=\"auto, (max-width: 1920px) 100vw, 1920px\" \/><\/a><\/p>\n<p>\u200bAcompanhe a atualidade do seu munic\u00edpio atrav\u00e9s do canal do Munic\u00edpio no youtube e conhe\u00e7a em profundidade os temas em destaque abordados no\u00a0MAGAZINE REPORTAGEM.<\/p>\n<p>Veja tamb\u00e9m no MEO canal.\u00a0<img loading=\"lazy\" decoding=\"async\" class=\"alignnone size-full wp-image-7690\" src=\"https:\/\/www.cm-evora.pt\/wp-content\/uploads\/2020\/06\/meo.jpg\" alt=\"\" width=\"100\" height=\"18\" \/><\/p>\n<p>&nbsp;<\/p>\n<p style=\"text-align: center\">Magazine Semanal<\/p>\n<p style=\"text-align: center\"><strong>08 a 14 agosto&#8217;25<\/strong><\/p>\n<p>https:\/\/www.youtube.com\/watch?v=fUR-q0HRnrg<\/p>","protected":false},"excerpt":{"rendered":"<p>\u200bAcompanhe a atualidade do seu munic\u00edpio atrav\u00e9s do canal do Munic\u00edpio no youtube e conhe\u00e7a em profundidade os temas em destaque abordados no\u00a0MAGAZINE REPORTAGEM. Veja tamb\u00e9m no MEO canal.\u00a0 &nbsp; Magazine Semanal 08 a 14 agosto&#8217;25 https:\/\/www.youtube.com\/watch?v=fUR-q0HRnrg<\/p>\n","protected":false},"author":1,"featured_media":0,"parent":2750,"menu_order":5,"comment_status":"closed","ping_status":"closed","template":"templates-map\/component-text-layout1.php","meta":{"_acf_changed":false,"footnotes":""},"categories":[],"class_list":["post-2758","page","type-page","status-publish","hentry"],"acf":{"imagens":"","titulo_docs_seccao":"","documentos":""},"_links":{"self":[{"href":"https:\/\/www.cm-evora.pt\/en\/wp-json\/wp\/v2\/pages\/2758","targetHints":{"allow":["GET"]}}],"collection":[{"href":"https:\/\/www.cm-evora.pt\/en\/wp-json\/wp\/v2\/pages"}],"about":[{"href":"https:\/\/www.cm-evora.pt\/en\/wp-json\/wp\/v2\/types\/page"}],"author":[{"embeddable":true,"href":"https:\/\/www.cm-evora.pt\/en\/wp-json\/wp\/v2\/users\/1"}],"replies":[{"embeddable":true,"href":"https:\/\/www.cm-evora.pt\/en\/wp-json\/wp\/v2\/comments?post=2758"}],"version-history":[{"count":50,"href":"https:\/\/www.cm-evora.pt\/en\/wp-json\/wp\/v2\/pages\/2758\/revisions"}],"predecessor-version":[{"id":82027,"href":"https:\/\/www.cm-evora.pt\/en\/wp-json\/wp\/v2\/pages\/2758\/revisions\/82027"}],"up":[{"embeddable":true,"href":"https:\/\/www.cm-evora.pt\/en\/wp-json\/wp\/v2\/pages\/2750"}],"wp:attachment":[{"href":"https:\/\/www.cm-evora.pt\/en\/wp-json\/wp\/v2\/media?parent=2758"}],"wp:term":[{"taxonomy":"category","embeddable":true,"href":"https:\/\/www.cm-evora.pt\/en\/wp-json\/wp\/v2\/categories?post=2758"}],"curies":[{"name":"wp","href":"https:\/\/api.w.org\/{rel}","templated":true}]}}