{"id":27845,"date":"2021-10-18T13:57:31","date_gmt":"2021-10-18T12:57:31","guid":{"rendered":"https:\/\/www.cm-evora.pt\/?page_id=27845"},"modified":"2025-10-14T16:07:48","modified_gmt":"2025-10-14T15:07:48","slug":"1o-direito","status":"publish","type":"page","link":"https:\/\/www.cm-evora.pt\/en\/municipe\/areas-de-acao\/habitacao-e-reabilitacao-urbana\/apoios-financeiros\/1o-direito\/","title":{"rendered":"1\u00ba Direito"},"content":{"rendered":"<p class=\"qtranxs-available-languages-message qtranxs-available-languages-message-en\">Sorry, this entry is only available in <a href=\"https:\/\/www.cm-evora.pt\/pt\/wp-json\/wp\/v2\/pages\/27845\" class=\"qtranxs-available-language-link qtranxs-available-language-link-pt\" title=\"Portugu\u00eas\">Portugu\u00eas<\/a>.<\/p><p>A Estrat\u00e9gia Local de Habita\u00e7\u00e3o de \u00c9vora 2020 l 2026 permite o acesso ao 1\u00ba Direito \u2013 Programa de apoio a uma habita\u00e7\u00e3o adequada \u2013 atrav\u00e9s da atribui\u00e7\u00e3o de apoios financeiros (comparticipa\u00e7\u00e3o e empr\u00e9stimo bonificado) dirigidos a:<\/p>","protected":false},"excerpt":{"rendered":"<p>Sorry, this entry is only available in Portugu\u00eas.A Estrat\u00e9gia Local de Habita\u00e7\u00e3o de \u00c9vora 2020 l 2026 permite o acesso ao 1\u00ba Direito \u2013 Programa de apoio a uma habita\u00e7\u00e3o adequada \u2013 atrav\u00e9s da atribui\u00e7\u00e3o de apoios financeiros (comparticipa\u00e7\u00e3o e empr\u00e9stimo bonificado) dirigidos a:<\/p>\n","protected":false},"author":45,"featured_media":0,"parent":16098,"menu_order":0,"comment_status":"closed","ping_status":"closed","template":"templates-map\/component-text-list-layout1.php","meta":{"_acf_changed":false,"footnotes":""},"categories":[],"class_list":["post-27845","page","type-page","status-publish","hentry"],"acf":[],"_links":{"self":[{"href":"https:\/\/www.cm-evora.pt\/en\/wp-json\/wp\/v2\/pages\/27845","targetHints":{"allow":["GET"]}}],"collection":[{"href":"https:\/\/www.cm-evora.pt\/en\/wp-json\/wp\/v2\/pages"}],"about":[{"href":"https:\/\/www.cm-evora.pt\/en\/wp-json\/wp\/v2\/types\/page"}],"author":[{"embeddable":true,"href":"https:\/\/www.cm-evora.pt\/en\/wp-json\/wp\/v2\/users\/45"}],"replies":[{"embeddable":true,"href":"https:\/\/www.cm-evora.pt\/en\/wp-json\/wp\/v2\/comments?post=27845"}],"version-history":[{"count":8,"href":"https:\/\/www.cm-evora.pt\/en\/wp-json\/wp\/v2\/pages\/27845\/revisions"}],"predecessor-version":[{"id":78520,"href":"https:\/\/www.cm-evora.pt\/en\/wp-json\/wp\/v2\/pages\/27845\/revisions\/78520"}],"up":[{"embeddable":true,"href":"https:\/\/www.cm-evora.pt\/en\/wp-json\/wp\/v2\/pages\/16098"}],"wp:attachment":[{"href":"https:\/\/www.cm-evora.pt\/en\/wp-json\/wp\/v2\/media?parent=27845"}],"wp:term":[{"taxonomy":"category","embeddable":true,"href":"https:\/\/www.cm-evora.pt\/en\/wp-json\/wp\/v2\/categories?post=27845"}],"curies":[{"name":"wp","href":"https:\/\/api.w.org\/{rel}","templated":true}]}}