{"id":27862,"date":"2021-10-18T14:25:37","date_gmt":"2021-10-18T13:25:37","guid":{"rendered":"https:\/\/www.cm-evora.pt\/?page_id=27862"},"modified":"2026-01-30T14:17:28","modified_gmt":"2026-01-30T14:17:28","slug":"programa-arrendamento-acessivel","status":"publish","type":"page","link":"https:\/\/www.cm-evora.pt\/en\/municipe\/areas-de-acao\/habitacao-e-reabilitacao-urbana\/apoios-financeiros\/programa-arrendamento-acessivel\/","title":{"rendered":"Programa Arrendamento Acess\u00edvel"},"content":{"rendered":"<p>&nbsp;<\/p>\n<p>O <strong>Programa de Arrendamento Acess\u00edvel <\/strong>\u00e9 um programa de pol\u00edtica de habita\u00e7\u00e3o que visa promover uma oferta alargada de habita\u00e7\u00e3o para arrendamento abaixo dos valores de mercado e ajustados aos rendimentos das fam\u00edlias. Este programa foi concebido para apoiar os agregados habitacionais que, embora tendo rendimentos m\u00e9dios, atualmente t\u00eam dificuldade em arrendar uma habita\u00e7\u00e3o adequada, face aos pre\u00e7os praticados no mercado.<\/p>\n<p>&nbsp;<\/p>\n<p>O <strong>Arrendamento Acess\u00edvel<\/strong> \u00e9 um programa de ades\u00e3o volunt\u00e1ria para senhorios e arrendat\u00e1rios, aplic\u00e1vel a novos contratos de arrendamento e suas renova\u00e7\u00f5es.<\/p>\n<p>Os senhorios que aceitem colocar os seus im\u00f3veis no programa Arrendamento Acess\u00edvel t\u00eam garantida a isen\u00e7\u00e3o de IRS ou IRC sobre as rendas. J\u00e1 os arrendat\u00e1rios t\u00eam acesso a uma habita\u00e7\u00e3o a custos mais acess\u00edveis, compat\u00edveis com o seu rendimento.<\/p>","protected":false},"excerpt":{"rendered":"<p>&nbsp; O Programa de Arrendamento Acess\u00edvel \u00e9 um programa de pol\u00edtica de habita\u00e7\u00e3o que visa promover uma oferta alargada de habita\u00e7\u00e3o para arrendamento abaixo dos valores de mercado e ajustados aos rendimentos das fam\u00edlias. Este programa foi concebido para apoiar os agregados habitacionais que, embora tendo rendimentos m\u00e9dios, atualmente t\u00eam dificuldade em arrendar uma habita\u00e7\u00e3o [&hellip;]<\/p>\n","protected":false},"author":45,"featured_media":0,"parent":16098,"menu_order":1,"comment_status":"closed","ping_status":"closed","template":"templates-map\/component-text-layout1.php","meta":{"_acf_changed":false,"footnotes":""},"categories":[],"class_list":["post-27862","page","type-page","status-publish","hentry"],"acf":{"imagens":"","titulo_docs_seccao":"","documentos":""},"_links":{"self":[{"href":"https:\/\/www.cm-evora.pt\/en\/wp-json\/wp\/v2\/pages\/27862","targetHints":{"allow":["GET"]}}],"collection":[{"href":"https:\/\/www.cm-evora.pt\/en\/wp-json\/wp\/v2\/pages"}],"about":[{"href":"https:\/\/www.cm-evora.pt\/en\/wp-json\/wp\/v2\/types\/page"}],"author":[{"embeddable":true,"href":"https:\/\/www.cm-evora.pt\/en\/wp-json\/wp\/v2\/users\/45"}],"replies":[{"embeddable":true,"href":"https:\/\/www.cm-evora.pt\/en\/wp-json\/wp\/v2\/comments?post=27862"}],"version-history":[{"count":6,"href":"https:\/\/www.cm-evora.pt\/en\/wp-json\/wp\/v2\/pages\/27862\/revisions"}],"predecessor-version":[{"id":81252,"href":"https:\/\/www.cm-evora.pt\/en\/wp-json\/wp\/v2\/pages\/27862\/revisions\/81252"}],"up":[{"embeddable":true,"href":"https:\/\/www.cm-evora.pt\/en\/wp-json\/wp\/v2\/pages\/16098"}],"wp:attachment":[{"href":"https:\/\/www.cm-evora.pt\/en\/wp-json\/wp\/v2\/media?parent=27862"}],"wp:term":[{"taxonomy":"category","embeddable":true,"href":"https:\/\/www.cm-evora.pt\/en\/wp-json\/wp\/v2\/categories?post=27862"}],"curies":[{"name":"wp","href":"https:\/\/api.w.org\/{rel}","templated":true}]}}