{"id":27864,"date":"2021-10-18T14:27:55","date_gmt":"2021-10-18T13:27:55","guid":{"rendered":"https:\/\/www.cm-evora.pt\/?page_id=27864"},"modified":"2023-04-14T11:33:28","modified_gmt":"2023-04-14T10:33:28","slug":"programa-reabilitar-para-arrendar-habitacao-acessivel","status":"publish","type":"page","link":"https:\/\/www.cm-evora.pt\/en\/municipe\/areas-de-acao\/habitacao-e-reabilitacao-urbana\/apoios-financeiros\/programa-reabilitar-para-arrendar-habitacao-acessivel\/","title":{"rendered":"Programa Reabilitar para Arrendar &#8211; Habita\u00e7\u00e3o Acess\u00edvel"},"content":{"rendered":"<p>&nbsp;<\/p>\n<p>O <strong>Programa Reabilitar para arrendar <\/strong>tem como objetivo o financiamento de opera\u00e7\u00f5es de reabilita\u00e7\u00e3o de edif\u00edcios com idade igual ou superior a 30 anos, que ap\u00f3s reabilita\u00e7\u00e3o dever\u00e3o destinar-se predominantemente a fins habitacionais, nomeadamente para arrendamento em regime de renda condicionada.<\/p>\n<p>&nbsp;<\/p>\n<p>Podem candidatar-se ao programa, qualquer pessoa individual ou coletiva, de natureza p\u00fablica ou privada, desde que comprove a qualidade de propriet\u00e1rio do edif\u00edcio que pretende reabilitar.<\/p>\n<p>&nbsp;<\/p>\n<p>Este programa tem uma dota\u00e7\u00e3o inicial de 50 milh\u00f5es de euros, contando com o apoio financeiro do Banco Europeu de Investimento e do Banco de Desenvolvimento do Conselho da Europa. Podem candidatar-se a este programa pessoas singulares ou coletivas, de natureza privada ou p\u00fablica, que sejam propriet\u00e1rias de edif\u00edcios, ou parte de edif\u00edcios a reabilitar, ou que demonstrem serem titulares de direitos e poderes sobre os mesmos que lhes permitam oner\u00e1-los e agir como donos de obra no \u00e2mbito de contratos de empreitada.<\/p>\n","protected":false},"excerpt":{"rendered":"<p>&nbsp; O Programa Reabilitar para arrendar tem como objetivo o financiamento de opera\u00e7\u00f5es de reabilita\u00e7\u00e3o de edif\u00edcios com idade igual ou superior a 30 anos, que ap\u00f3s reabilita\u00e7\u00e3o dever\u00e3o destinar-se predominantemente a fins habitacionais, nomeadamente para arrendamento em regime de renda condicionada. &nbsp; Podem candidatar-se ao programa, qualquer pessoa individual ou coletiva, de natureza p\u00fablica [&hellip;]<\/p>\n","protected":false},"author":45,"featured_media":0,"parent":16098,"menu_order":2,"comment_status":"closed","ping_status":"closed","template":"templates-map\/component-text-layout1.php","meta":{"_acf_changed":false,"footnotes":""},"categories":[],"class_list":["post-27864","page","type-page","status-publish","hentry"],"acf":{"imagens":"","titulo_docs_seccao":"","documentos":""},"_links":{"self":[{"href":"https:\/\/www.cm-evora.pt\/en\/wp-json\/wp\/v2\/pages\/27864","targetHints":{"allow":["GET"]}}],"collection":[{"href":"https:\/\/www.cm-evora.pt\/en\/wp-json\/wp\/v2\/pages"}],"about":[{"href":"https:\/\/www.cm-evora.pt\/en\/wp-json\/wp\/v2\/types\/page"}],"author":[{"embeddable":true,"href":"https:\/\/www.cm-evora.pt\/en\/wp-json\/wp\/v2\/users\/45"}],"replies":[{"embeddable":true,"href":"https:\/\/www.cm-evora.pt\/en\/wp-json\/wp\/v2\/comments?post=27864"}],"version-history":[{"count":3,"href":"https:\/\/www.cm-evora.pt\/en\/wp-json\/wp\/v2\/pages\/27864\/revisions"}],"predecessor-version":[{"id":47920,"href":"https:\/\/www.cm-evora.pt\/en\/wp-json\/wp\/v2\/pages\/27864\/revisions\/47920"}],"up":[{"embeddable":true,"href":"https:\/\/www.cm-evora.pt\/en\/wp-json\/wp\/v2\/pages\/16098"}],"wp:attachment":[{"href":"https:\/\/www.cm-evora.pt\/en\/wp-json\/wp\/v2\/media?parent=27864"}],"wp:term":[{"taxonomy":"category","embeddable":true,"href":"https:\/\/www.cm-evora.pt\/en\/wp-json\/wp\/v2\/categories?post=27864"}],"curies":[{"name":"wp","href":"https:\/\/api.w.org\/{rel}","templated":true}]}}