{"id":27866,"date":"2021-10-18T14:30:50","date_gmt":"2021-10-18T13:30:50","guid":{"rendered":"https:\/\/www.cm-evora.pt\/?page_id=27866"},"modified":"2023-04-14T11:35:08","modified_gmt":"2023-04-14T10:35:08","slug":"iffru-2020","status":"publish","type":"page","link":"https:\/\/www.cm-evora.pt\/en\/municipe\/areas-de-acao\/habitacao-e-reabilitacao-urbana\/apoios-financeiros\/iffru-2020\/","title":{"rendered":"IFFRU 2020"},"content":{"rendered":"<p>O <strong>IFRRU 2020<\/strong> (<strong>Instrumento Financeiro de Reabilita\u00e7\u00e3o e Revitaliza\u00e7\u00e3o Urbanas<\/strong>) \u00e9 um instrumento financeiro destinado a apoiar investimentos em reabilita\u00e7\u00e3o urbana, que cobre todo o territ\u00f3rio nacional.<\/p>\n<p>Para potenciar mais o investimento, o IFRRU 2020 re\u00fane diversas fontes de financiamento, quer fundos europeus do PORTUGAL 2020, quer fundos provenientes de outras entidades como o Banco Europeu de Investimento e o Banco de Desenvolvimento do Conselho da Europa, conjugando-os com fundos da banca comercial.<\/p>\n<p>&nbsp;<\/p>\n<p>Num \u00fanico pedido de financiamento e em condi\u00e7\u00f5es mais favor\u00e1veis, o investimento na reabilita\u00e7\u00e3o urbana e na efici\u00eancia energ\u00e9tica do im\u00f3vel a reabilitar, sem restri\u00e7\u00f5es na natureza da entidade que solicita o financiamento ou no uso a dar ao im\u00f3vel a reabilitar.<\/p>\n<p>&nbsp;<\/p>\n<p>Este pedido poder\u00e1 ser apresentado junto da rede comercial dos bancos selecionados \u2013 Santander Totta, BPI, Millenium BCP e Popular \u2013, e em qualquer momento, isto \u00e9, sem fases pr\u00e9vias para apresenta\u00e7\u00e3o dos pedidos de financiamento, e sem limites ao n\u00famero de pedidos que pretenda realizar.<\/p>\n<p>&nbsp;<\/p>\n<p>Neste sentido consulte o ponto focal do IFRRU 2020 no Munic\u00edpio de \u00c9vora pelo contato <a href=\"tel:+351266777000\" target=\"_blank\" rel=\"noopener\">+351 266 777 000<\/a> \u00abChamada para a rede fixa nacional\u00bb.<\/p>\n","protected":false},"excerpt":{"rendered":"<p>O IFRRU 2020 (Instrumento Financeiro de Reabilita\u00e7\u00e3o e Revitaliza\u00e7\u00e3o Urbanas) \u00e9 um instrumento financeiro destinado a apoiar investimentos em reabilita\u00e7\u00e3o urbana, que cobre todo o territ\u00f3rio nacional. Para potenciar mais o investimento, o IFRRU 2020 re\u00fane diversas fontes de financiamento, quer fundos europeus do PORTUGAL 2020, quer fundos provenientes de outras entidades como o Banco [&hellip;]<\/p>\n","protected":false},"author":45,"featured_media":0,"parent":16098,"menu_order":3,"comment_status":"closed","ping_status":"closed","template":"templates-map\/component-text-layout1.php","meta":{"_acf_changed":false,"footnotes":""},"categories":[],"class_list":["post-27866","page","type-page","status-publish","hentry"],"acf":{"imagens":"","titulo_docs_seccao":"Saiba mais aqui:","documentos":[27880]},"_links":{"self":[{"href":"https:\/\/www.cm-evora.pt\/en\/wp-json\/wp\/v2\/pages\/27866","targetHints":{"allow":["GET"]}}],"collection":[{"href":"https:\/\/www.cm-evora.pt\/en\/wp-json\/wp\/v2\/pages"}],"about":[{"href":"https:\/\/www.cm-evora.pt\/en\/wp-json\/wp\/v2\/types\/page"}],"author":[{"embeddable":true,"href":"https:\/\/www.cm-evora.pt\/en\/wp-json\/wp\/v2\/users\/45"}],"replies":[{"embeddable":true,"href":"https:\/\/www.cm-evora.pt\/en\/wp-json\/wp\/v2\/comments?post=27866"}],"version-history":[{"count":4,"href":"https:\/\/www.cm-evora.pt\/en\/wp-json\/wp\/v2\/pages\/27866\/revisions"}],"predecessor-version":[{"id":47921,"href":"https:\/\/www.cm-evora.pt\/en\/wp-json\/wp\/v2\/pages\/27866\/revisions\/47921"}],"up":[{"embeddable":true,"href":"https:\/\/www.cm-evora.pt\/en\/wp-json\/wp\/v2\/pages\/16098"}],"acf:post":[{"embeddable":true,"href":"https:\/\/www.cm-evora.pt\/en\/wp-json\/wp\/v2\/listas_ficheiros\/27880"}],"wp:attachment":[{"href":"https:\/\/www.cm-evora.pt\/en\/wp-json\/wp\/v2\/media?parent=27866"}],"wp:term":[{"taxonomy":"category","embeddable":true,"href":"https:\/\/www.cm-evora.pt\/en\/wp-json\/wp\/v2\/categories?post=27866"}],"curies":[{"name":"wp","href":"https:\/\/api.w.org\/{rel}","templated":true}]}}