{"id":27870,"date":"2021-10-18T14:33:46","date_gmt":"2021-10-18T13:33:46","guid":{"rendered":"https:\/\/www.cm-evora.pt\/?page_id=27870"},"modified":"2023-04-14T11:46:27","modified_gmt":"2023-04-14T10:46:27","slug":"fundo-nacional-de-reabilitacao-do-edificado-fnre","status":"publish","type":"page","link":"https:\/\/www.cm-evora.pt\/en\/municipe\/areas-de-acao\/habitacao-e-reabilitacao-urbana\/apoios-financeiros\/fundo-nacional-de-reabilitacao-do-edificado-fnre\/","title":{"rendered":"Fundo Nacional de Reabilita\u00e7\u00e3o do Edificado (FNRE)"},"content":{"rendered":"<p>O <strong>Fundo Nacional Reabilita\u00e7\u00e3o de Edificado (FNRE) <\/strong>tem como principal objetivo o desenvolvimento e a concretiza\u00e7\u00e3o de projetos de reabilita\u00e7\u00e3o de im\u00f3veis para a promo\u00e7\u00e3o do arrendamento, em especial o habitacional, tendo em vista a regenera\u00e7\u00e3o urbana e o repovoamento dos centros urbanos, pretendendo alcan\u00e7ar, numa perspetiva de m\u00e9dio e longo prazo, uma valoriza\u00e7\u00e3o crescente do investimento.<\/p>\n<p>A cria\u00e7\u00e3o do <strong>FNRE <\/strong>foi decidida pela Resolu\u00e7\u00e3o do Conselho de Ministros n\u00ba 48\/2016, publicada a 1 de setembro. \u00c9 um fundo especial de investimento imobili\u00e1rio fechado, de subscri\u00e7\u00e3o particular e de dura\u00e7\u00e3o indeterminada, regulado pela Lei 16\/2015, de 24 de fevereiro.<\/p>\n","protected":false},"excerpt":{"rendered":"<p>O Fundo Nacional Reabilita\u00e7\u00e3o de Edificado (FNRE) tem como principal objetivo o desenvolvimento e a concretiza\u00e7\u00e3o de projetos de reabilita\u00e7\u00e3o de im\u00f3veis para a promo\u00e7\u00e3o do arrendamento, em especial o habitacional, tendo em vista a regenera\u00e7\u00e3o urbana e o repovoamento dos centros urbanos, pretendendo alcan\u00e7ar, numa perspetiva de m\u00e9dio e longo prazo, uma valoriza\u00e7\u00e3o crescente [&hellip;]<\/p>\n","protected":false},"author":45,"featured_media":0,"parent":16098,"menu_order":5,"comment_status":"closed","ping_status":"closed","template":"templates-map\/component-text-layout1.php","meta":{"_acf_changed":false,"footnotes":""},"categories":[],"class_list":["post-27870","page","type-page","status-publish","hentry"],"acf":{"imagens":"","titulo_docs_seccao":"","documentos":""},"_links":{"self":[{"href":"https:\/\/www.cm-evora.pt\/en\/wp-json\/wp\/v2\/pages\/27870","targetHints":{"allow":["GET"]}}],"collection":[{"href":"https:\/\/www.cm-evora.pt\/en\/wp-json\/wp\/v2\/pages"}],"about":[{"href":"https:\/\/www.cm-evora.pt\/en\/wp-json\/wp\/v2\/types\/page"}],"author":[{"embeddable":true,"href":"https:\/\/www.cm-evora.pt\/en\/wp-json\/wp\/v2\/users\/45"}],"replies":[{"embeddable":true,"href":"https:\/\/www.cm-evora.pt\/en\/wp-json\/wp\/v2\/comments?post=27870"}],"version-history":[{"count":3,"href":"https:\/\/www.cm-evora.pt\/en\/wp-json\/wp\/v2\/pages\/27870\/revisions"}],"predecessor-version":[{"id":47926,"href":"https:\/\/www.cm-evora.pt\/en\/wp-json\/wp\/v2\/pages\/27870\/revisions\/47926"}],"up":[{"embeddable":true,"href":"https:\/\/www.cm-evora.pt\/en\/wp-json\/wp\/v2\/pages\/16098"}],"wp:attachment":[{"href":"https:\/\/www.cm-evora.pt\/en\/wp-json\/wp\/v2\/media?parent=27870"}],"wp:term":[{"taxonomy":"category","embeddable":true,"href":"https:\/\/www.cm-evora.pt\/en\/wp-json\/wp\/v2\/categories?post=27870"}],"curies":[{"name":"wp","href":"https:\/\/api.w.org\/{rel}","templated":true}]}}