{"id":2788,"date":"2020-02-04T09:46:15","date_gmt":"2020-02-04T09:46:15","guid":{"rendered":"https:\/\/evora2.int.skilltech.pt\/susProjects\/wp_evora2_suite\/?page_id=2788"},"modified":"2023-06-27T11:50:26","modified_gmt":"2023-06-27T10:50:26","slug":"revista-municipal","status":"publish","type":"page","link":"https:\/\/www.cm-evora.pt\/en\/municipe\/agenda-e-noticias\/revista-municipal\/","title":{"rendered":"Revista Municipal"},"content":{"rendered":"<div style=\"text-align: center\"><span class=\"ms-rteThemeForeColor-4-5\"><strong>&#8220;\u00c9vora Local &#8211; Informa\u00e7\u00e3o Municipal&#8221;<\/strong><\/span><\/div>\n<div><\/div>\n<div style=\"text-align: center\"><a href=\"https:\/\/www.cm-evora.pt\/wp-content\/uploads\/2021\/05\/banner-5-e1620034865638.jpg\" target=\"_blank\" rel=\"noopener\"><img loading=\"lazy\" decoding=\"async\" class=\"alignnone wp-image-22584 size-full\" src=\"https:\/\/www.cm-evora.pt\/wp-content\/uploads\/2021\/05\/banner-5-e1620034865638.jpg\" alt=\"\" width=\"1024\" height=\"460\" \/><\/a><\/div>\n<div><\/div>\n<div style=\"text-align: center\"><span class=\"ms-rteThemeForeColor-4-5\"><strong>\u00a0<\/strong><\/span><\/div>\n<div><span class=\"ms-rteThemeForeColor-4-5\">A partir do in\u00edcio de 2019, a C\u00e2mara Municipal passou a dispor de um meio de comunica\u00e7\u00e3o em papel com edi\u00e7\u00e3o regular. A revista \u201c\u00c9vora Local\u201d, com periodicidade trimestral, tem como principal objetivo informar sobre a atividade municipal, de forma a constituir-se como mais um elo de liga\u00e7\u00e3o entre a administra\u00e7\u00e3o aut\u00e1rquica e a popula\u00e7\u00e3o do Concelho de \u00c9vora.<\/span><\/div>\n<div><span class=\"ms-rteThemeForeColor-4-5\">\u200b<\/span><\/div>\n","protected":false},"excerpt":{"rendered":"<p>&#8220;\u00c9vora Local &#8211; Informa\u00e7\u00e3o Municipal&#8221; \u00a0 A partir do in\u00edcio de 2019, a C\u00e2mara Municipal passou a dispor de um meio de comunica\u00e7\u00e3o em papel com edi\u00e7\u00e3o regular. A revista \u201c\u00c9vora Local\u201d, com periodicidade trimestral, tem como principal objetivo informar sobre a atividade municipal, de forma a constituir-se como mais um elo de liga\u00e7\u00e3o entre [&hellip;]<\/p>\n","protected":false},"author":1,"featured_media":0,"parent":2264,"menu_order":3,"comment_status":"closed","ping_status":"closed","template":"templates-map\/component-text-layout1.php","meta":{"_acf_changed":false,"footnotes":""},"categories":[],"class_list":["post-2788","page","type-page","status-publish","hentry"],"acf":{"imagens":"","titulo_docs_seccao":"","documentos":[51084,22560,7794,7792,7790,7788]},"_links":{"self":[{"href":"https:\/\/www.cm-evora.pt\/en\/wp-json\/wp\/v2\/pages\/2788","targetHints":{"allow":["GET"]}}],"collection":[{"href":"https:\/\/www.cm-evora.pt\/en\/wp-json\/wp\/v2\/pages"}],"about":[{"href":"https:\/\/www.cm-evora.pt\/en\/wp-json\/wp\/v2\/types\/page"}],"author":[{"embeddable":true,"href":"https:\/\/www.cm-evora.pt\/en\/wp-json\/wp\/v2\/users\/1"}],"replies":[{"embeddable":true,"href":"https:\/\/www.cm-evora.pt\/en\/wp-json\/wp\/v2\/comments?post=2788"}],"version-history":[{"count":15,"href":"https:\/\/www.cm-evora.pt\/en\/wp-json\/wp\/v2\/pages\/2788\/revisions"}],"predecessor-version":[{"id":51086,"href":"https:\/\/www.cm-evora.pt\/en\/wp-json\/wp\/v2\/pages\/2788\/revisions\/51086"}],"up":[{"embeddable":true,"href":"https:\/\/www.cm-evora.pt\/en\/wp-json\/wp\/v2\/pages\/2264"}],"acf:post":[{"embeddable":true,"href":"https:\/\/www.cm-evora.pt\/en\/wp-json\/wp\/v2\/listas_ficheiros\/7788"},{"embeddable":true,"href":"https:\/\/www.cm-evora.pt\/en\/wp-json\/wp\/v2\/listas_ficheiros\/7790"},{"embeddable":true,"href":"https:\/\/www.cm-evora.pt\/en\/wp-json\/wp\/v2\/listas_ficheiros\/7792"},{"embeddable":true,"href":"https:\/\/www.cm-evora.pt\/en\/wp-json\/wp\/v2\/listas_ficheiros\/7794"},{"embeddable":true,"href":"https:\/\/www.cm-evora.pt\/en\/wp-json\/wp\/v2\/listas_ficheiros\/22560"},{"embeddable":true,"href":"https:\/\/www.cm-evora.pt\/en\/wp-json\/wp\/v2\/listas_ficheiros\/51084"}],"wp:attachment":[{"href":"https:\/\/www.cm-evora.pt\/en\/wp-json\/wp\/v2\/media?parent=2788"}],"wp:term":[{"taxonomy":"category","embeddable":true,"href":"https:\/\/www.cm-evora.pt\/en\/wp-json\/wp\/v2\/categories?post=2788"}],"curies":[{"name":"wp","href":"https:\/\/api.w.org\/{rel}","templated":true}]}}