{"id":2806,"date":"2020-02-04T09:54:21","date_gmt":"2020-02-04T09:54:21","guid":{"rendered":"https:\/\/evora2.int.skilltech.pt\/susProjects\/wp_evora2_suite\/?page_id=2806"},"modified":"2026-04-10T10:06:48","modified_gmt":"2026-04-10T09:06:48","slug":"alertas-protecao-civil","status":"publish","type":"page","link":"https:\/\/www.cm-evora.pt\/en\/municipe\/avisos-e-outras-informacoes\/alertas-protecao-civil\/","title":{"rendered":"Alertas &#8211; Prote\u00e7\u00e3o Civil"},"content":{"rendered":"<p><\/p>\n<p style=\"text-align: center\"><strong>Consulte aqui os avisos \u00e0 popula\u00e7\u00e3o<\/strong><\/p>\n<p style=\"text-align: center\"><a href=\"https:\/\/www.cm-evora.pt\/wp-content\/uploads\/2023\/05\/PortalAguasCME_I03.png\" target=\"_blank\" rel=\"noopener\"><img loading=\"lazy\" decoding=\"async\" class=\"alignnone wp-image-49264 size-full\" src=\"https:\/\/www.cm-evora.pt\/wp-content\/uploads\/2023\/05\/PortalAguasCME_I03.png\" alt=\"\" width=\"440\" height=\"274\" srcset=\"https:\/\/www.cm-evora.pt\/wp-content\/uploads\/2023\/05\/PortalAguasCME_I03.png 440w, https:\/\/www.cm-evora.pt\/wp-content\/uploads\/2023\/05\/PortalAguasCME_I03-300x187.png 300w\" sizes=\"auto, (max-width: 440px) 100vw, 440px\" \/><\/a><\/p>\n<p style=\"text-align: center\">Disponibilizamos nesta p\u00e1gina todos os avisos \u00e0 popula\u00e7\u00e3o.<\/p>\n<p>&nbsp;<\/p>\n<p style=\"text-align: center\">Consultar Aviso \u00e0 Popula\u00e7\u00e3o e Medidas de Autoprote\u00e7\u00e3o em:<\/p>\n<p style=\"text-align: center\"><a href=\"https:\/\/prociv.gov.pt\/pt\/home\/\" target=\"_blank\" rel=\"noopener\">https:\/\/prociv.gov.pt\/pt\/home\/<\/a><\/p>\n<p>&nbsp;<\/p>\n<p style=\"text-align: center\"><a href=\"https:\/\/www.cm-evora.pt\/wp-content\/uploads\/2025\/06\/aviso-031_2025-AMARELO-TEMPO-QUENTE_-Persistencia-de-valores-elevados-da-temperatura-maxima.jpg\"><img loading=\"lazy\" decoding=\"async\" class=\"alignnone size-full wp-image-75925\" src=\"https:\/\/www.cm-evora.pt\/wp-content\/uploads\/2025\/06\/aviso-031_2025-AMARELO-TEMPO-QUENTE_-Persistencia-de-valores-elevados-da-temperatura-maxima.jpg\" alt=\"\" width=\"960\" height=\"720\" srcset=\"https:\/\/www.cm-evora.pt\/wp-content\/uploads\/2025\/06\/aviso-031_2025-AMARELO-TEMPO-QUENTE_-Persistencia-de-valores-elevados-da-temperatura-maxima.jpg 960w, https:\/\/www.cm-evora.pt\/wp-content\/uploads\/2025\/06\/aviso-031_2025-AMARELO-TEMPO-QUENTE_-Persistencia-de-valores-elevados-da-temperatura-maxima-300x225.jpg 300w, https:\/\/www.cm-evora.pt\/wp-content\/uploads\/2025\/06\/aviso-031_2025-AMARELO-TEMPO-QUENTE_-Persistencia-de-valores-elevados-da-temperatura-maxima-768x576.jpg 768w\" sizes=\"auto, (max-width: 960px) 100vw, 960px\" \/><\/a><\/p>\n<p style=\"text-align: center\"><a href=\"https:\/\/www.cm-evora.pt\/wp-content\/uploads\/2025\/06\/aviso-032_2025-LARANJA-TEMPO-QUENTE_-Persistencia-de-valores-muito-elevados-da-temperatura-maxima.jpg\"><img loading=\"lazy\" decoding=\"async\" class=\"alignnone size-full wp-image-75926\" src=\"https:\/\/www.cm-evora.pt\/wp-content\/uploads\/2025\/06\/aviso-032_2025-LARANJA-TEMPO-QUENTE_-Persistencia-de-valores-muito-elevados-da-temperatura-maxima.jpg\" alt=\"\" width=\"960\" height=\"720\" srcset=\"https:\/\/www.cm-evora.pt\/wp-content\/uploads\/2025\/06\/aviso-032_2025-LARANJA-TEMPO-QUENTE_-Persistencia-de-valores-muito-elevados-da-temperatura-maxima.jpg 960w, https:\/\/www.cm-evora.pt\/wp-content\/uploads\/2025\/06\/aviso-032_2025-LARANJA-TEMPO-QUENTE_-Persistencia-de-valores-muito-elevados-da-temperatura-maxima-300x225.jpg 300w, https:\/\/www.cm-evora.pt\/wp-content\/uploads\/2025\/06\/aviso-032_2025-LARANJA-TEMPO-QUENTE_-Persistencia-de-valores-muito-elevados-da-temperatura-maxima-768x576.jpg 768w\" sizes=\"auto, (max-width: 960px) 100vw, 960px\" \/><\/a><\/p>\n<p>&nbsp;<\/p>\n<p style=\"text-align: center\">Recomenda\u00e7\u00f5es da DGS para prote\u00e7\u00e3o contra o calor:<\/p>\n<p style=\"text-align: center\"><a href=\"https:\/\/www.dgs.pt\/em-destaque\/recomendacoes-da-dgs-para-protecao-contra-o-calor.aspx\" target=\"_blank\" rel=\"noopener\">https:\/\/www.dgs.pt\/em-destaque\/recomendacoes-da-dgs-para-protecao-contra-o-calor.aspx<\/a><\/p>\n<p><\/p>","protected":false},"excerpt":{"rendered":"<p>Consulte aqui os avisos \u00e0 popula\u00e7\u00e3o Disponibilizamos nesta p\u00e1gina todos os avisos \u00e0 popula\u00e7\u00e3o. &nbsp; Consultar Aviso \u00e0 Popula\u00e7\u00e3o e Medidas de Autoprote\u00e7\u00e3o em: https:\/\/prociv.gov.pt\/pt\/home\/ &nbsp; &nbsp; Recomenda\u00e7\u00f5es da DGS para prote\u00e7\u00e3o contra o calor: https:\/\/www.dgs.pt\/em-destaque\/recomendacoes-da-dgs-para-protecao-contra-o-calor.aspx<\/p>\n","protected":false},"author":1,"featured_media":0,"parent":2266,"menu_order":1,"comment_status":"closed","ping_status":"closed","template":"templates-map\/component-file-gallery-layout1.php","meta":{"_acf_changed":false,"footnotes":""},"categories":[],"class_list":["post-2806","page","type-page","status-publish","hentry"],"acf":[],"_links":{"self":[{"href":"https:\/\/www.cm-evora.pt\/en\/wp-json\/wp\/v2\/pages\/2806","targetHints":{"allow":["GET"]}}],"collection":[{"href":"https:\/\/www.cm-evora.pt\/en\/wp-json\/wp\/v2\/pages"}],"about":[{"href":"https:\/\/www.cm-evora.pt\/en\/wp-json\/wp\/v2\/types\/page"}],"author":[{"embeddable":true,"href":"https:\/\/www.cm-evora.pt\/en\/wp-json\/wp\/v2\/users\/1"}],"replies":[{"embeddable":true,"href":"https:\/\/www.cm-evora.pt\/en\/wp-json\/wp\/v2\/comments?post=2806"}],"version-history":[{"count":50,"href":"https:\/\/www.cm-evora.pt\/en\/wp-json\/wp\/v2\/pages\/2806\/revisions"}],"predecessor-version":[{"id":82949,"href":"https:\/\/www.cm-evora.pt\/en\/wp-json\/wp\/v2\/pages\/2806\/revisions\/82949"}],"up":[{"embeddable":true,"href":"https:\/\/www.cm-evora.pt\/en\/wp-json\/wp\/v2\/pages\/2266"}],"wp:attachment":[{"href":"https:\/\/www.cm-evora.pt\/en\/wp-json\/wp\/v2\/media?parent=2806"}],"wp:term":[{"taxonomy":"category","embeddable":true,"href":"https:\/\/www.cm-evora.pt\/en\/wp-json\/wp\/v2\/categories?post=2806"}],"curies":[{"name":"wp","href":"https:\/\/api.w.org\/{rel}","templated":true}]}}