{"id":2815,"date":"2020-02-04T10:03:02","date_gmt":"2020-02-04T10:03:02","guid":{"rendered":"https:\/\/evora2.int.skilltech.pt\/susProjects\/wp_evora2_suite\/?page_id=2815"},"modified":"2026-01-02T15:40:07","modified_gmt":"2026-01-02T15:40:07","slug":"guia-de-apoio-ao-investidor-em-turismo","status":"publish","type":"page","link":"https:\/\/www.cm-evora.pt\/en\/investidor\/servicos-de-apoio\/guia-de-apoio-ao-investidor-em-turismo\/","title":{"rendered":"Guia de Apoio ao Investidor em Turismo"},"content":{"rendered":"<p><\/p>\n<h2 style=\"text-align: center\"><a href=\"https:\/\/www.cm-evora.pt\/wp-content\/uploads\/2020\/06\/investirturismo.jpg\" target=\"_blank\" rel=\"noopener\"><img loading=\"lazy\" decoding=\"async\" class=\"alignnone wp-image-7934\" src=\"https:\/\/www.cm-evora.pt\/wp-content\/uploads\/2020\/06\/investirturismo-300x170.jpg\" alt=\"\" width=\"905\" height=\"513\" srcset=\"https:\/\/www.cm-evora.pt\/wp-content\/uploads\/2020\/06\/investirturismo-300x170.jpg 300w, https:\/\/www.cm-evora.pt\/wp-content\/uploads\/2020\/06\/investirturismo.jpg 639w\" sizes=\"auto, (max-width: 905px) 100vw, 905px\" \/><\/a><\/h2>\n<p>&nbsp;<\/p>\n<h3 style=\"text-align: center\"><strong>Contexto normativo<\/strong><\/h3>\n<h4 style=\"text-align: center\"><strong>Pol\u00edtica de Turismo, Apoio Financeiro a Investimento, Legisla\u00e7\u00e3o e Regulamentos Municipais<\/strong><\/h4>\n<p><\/p>","protected":false},"excerpt":{"rendered":"<p>&nbsp; Contexto normativo Pol\u00edtica de Turismo, Apoio Financeiro a Investimento, Legisla\u00e7\u00e3o e Regulamentos Municipais<\/p>\n","protected":false},"author":1,"featured_media":7934,"parent":1361,"menu_order":3,"comment_status":"closed","ping_status":"closed","template":"templates-map\/component-text-list-layout1.php","meta":{"_acf_changed":false,"footnotes":""},"categories":[],"class_list":["post-2815","page","type-page","status-publish","has-post-thumbnail","hentry"],"acf":[],"_links":{"self":[{"href":"https:\/\/www.cm-evora.pt\/en\/wp-json\/wp\/v2\/pages\/2815","targetHints":{"allow":["GET"]}}],"collection":[{"href":"https:\/\/www.cm-evora.pt\/en\/wp-json\/wp\/v2\/pages"}],"about":[{"href":"https:\/\/www.cm-evora.pt\/en\/wp-json\/wp\/v2\/types\/page"}],"author":[{"embeddable":true,"href":"https:\/\/www.cm-evora.pt\/en\/wp-json\/wp\/v2\/users\/1"}],"replies":[{"embeddable":true,"href":"https:\/\/www.cm-evora.pt\/en\/wp-json\/wp\/v2\/comments?post=2815"}],"version-history":[{"count":12,"href":"https:\/\/www.cm-evora.pt\/en\/wp-json\/wp\/v2\/pages\/2815\/revisions"}],"predecessor-version":[{"id":80628,"href":"https:\/\/www.cm-evora.pt\/en\/wp-json\/wp\/v2\/pages\/2815\/revisions\/80628"}],"up":[{"embeddable":true,"href":"https:\/\/www.cm-evora.pt\/en\/wp-json\/wp\/v2\/pages\/1361"}],"wp:featuredmedia":[{"embeddable":true,"href":"https:\/\/www.cm-evora.pt\/en\/wp-json\/wp\/v2\/media\/7934"}],"wp:attachment":[{"href":"https:\/\/www.cm-evora.pt\/en\/wp-json\/wp\/v2\/media?parent=2815"}],"wp:term":[{"taxonomy":"category","embeddable":true,"href":"https:\/\/www.cm-evora.pt\/en\/wp-json\/wp\/v2\/categories?post=2815"}],"curies":[{"name":"wp","href":"https:\/\/api.w.org\/{rel}","templated":true}]}}