{"id":2817,"date":"2020-02-04T10:03:17","date_gmt":"2020-02-04T10:03:17","guid":{"rendered":"https:\/\/evora2.int.skilltech.pt\/susProjects\/wp_evora2_suite\/?page_id=2817"},"modified":"2026-01-02T15:40:00","modified_gmt":"2026-01-02T15:40:00","slug":"estabelecimentos-de-restauracao-e-bebidas","status":"publish","type":"page","link":"https:\/\/www.cm-evora.pt\/en\/investidor\/servicos-de-apoio\/estabelecimentos-de-restauracao-e-bebidas\/","title":{"rendered":"Estabelecimentos de Restaura\u00e7\u00e3o e Bebidas"},"content":{"rendered":"<p><\/p>\n<h2 style=\"text-align: center\"><a href=\"https:\/\/www.cm-evora.pt\/wp-content\/uploads\/2020\/06\/restauracao.jpg\" target=\"_blank\" rel=\"noopener\"><img loading=\"lazy\" decoding=\"async\" class=\"alignnone wp-image-7931\" src=\"https:\/\/www.cm-evora.pt\/wp-content\/uploads\/2020\/06\/restauracao-300x170.jpg\" alt=\"\" width=\"905\" height=\"513\" srcset=\"https:\/\/www.cm-evora.pt\/wp-content\/uploads\/2020\/06\/restauracao-300x170.jpg 300w, https:\/\/www.cm-evora.pt\/wp-content\/uploads\/2020\/06\/restauracao.jpg 639w\" sizes=\"auto, (max-width: 905px) 100vw, 905px\" \/><\/a><\/h2>\n<p>&nbsp;<\/p>\n<h3 style=\"text-align: center\">Classifica\u00e7\u00e3o e Qualifica\u00e7\u00e3o de Estabelecimentos de Restaura\u00e7\u00e3o e Bebidas<\/h3>\n<p><\/p>","protected":false},"excerpt":{"rendered":"<p>&nbsp; Classifica\u00e7\u00e3o e Qualifica\u00e7\u00e3o de Estabelecimentos de Restaura\u00e7\u00e3o e Bebidas<\/p>\n","protected":false},"author":1,"featured_media":7931,"parent":1361,"menu_order":2,"comment_status":"closed","ping_status":"closed","template":"templates-map\/component-text-list-layout1.php","meta":{"_acf_changed":false,"footnotes":""},"categories":[],"class_list":["post-2817","page","type-page","status-publish","has-post-thumbnail","hentry"],"acf":[],"_links":{"self":[{"href":"https:\/\/www.cm-evora.pt\/en\/wp-json\/wp\/v2\/pages\/2817","targetHints":{"allow":["GET"]}}],"collection":[{"href":"https:\/\/www.cm-evora.pt\/en\/wp-json\/wp\/v2\/pages"}],"about":[{"href":"https:\/\/www.cm-evora.pt\/en\/wp-json\/wp\/v2\/types\/page"}],"author":[{"embeddable":true,"href":"https:\/\/www.cm-evora.pt\/en\/wp-json\/wp\/v2\/users\/1"}],"replies":[{"embeddable":true,"href":"https:\/\/www.cm-evora.pt\/en\/wp-json\/wp\/v2\/comments?post=2817"}],"version-history":[{"count":8,"href":"https:\/\/www.cm-evora.pt\/en\/wp-json\/wp\/v2\/pages\/2817\/revisions"}],"predecessor-version":[{"id":80627,"href":"https:\/\/www.cm-evora.pt\/en\/wp-json\/wp\/v2\/pages\/2817\/revisions\/80627"}],"up":[{"embeddable":true,"href":"https:\/\/www.cm-evora.pt\/en\/wp-json\/wp\/v2\/pages\/1361"}],"wp:featuredmedia":[{"embeddable":true,"href":"https:\/\/www.cm-evora.pt\/en\/wp-json\/wp\/v2\/media\/7931"}],"wp:attachment":[{"href":"https:\/\/www.cm-evora.pt\/en\/wp-json\/wp\/v2\/media?parent=2817"}],"wp:term":[{"taxonomy":"category","embeddable":true,"href":"https:\/\/www.cm-evora.pt\/en\/wp-json\/wp\/v2\/categories?post=2817"}],"curies":[{"name":"wp","href":"https:\/\/api.w.org\/{rel}","templated":true}]}}