{"id":2819,"date":"2020-02-04T10:03:48","date_gmt":"2020-02-04T10:03:48","guid":{"rendered":"https:\/\/evora2.int.skilltech.pt\/susProjects\/wp_evora2_suite\/?page_id=2819"},"modified":"2026-01-02T15:39:55","modified_gmt":"2026-01-02T15:39:55","slug":"empreendimentos-turisticos","status":"publish","type":"page","link":"https:\/\/www.cm-evora.pt\/en\/investidor\/servicos-de-apoio\/empreendimentos-turisticos\/","title":{"rendered":"Empreendimentos Tur\u00edsticos"},"content":{"rendered":"<p><\/p>\n<h2 style=\"text-align: center\"><a href=\"https:\/\/www.cm-evora.pt\/wp-content\/uploads\/2020\/06\/empreendimentos-turisticos.jpg\" target=\"_blank\" rel=\"noopener\"><img loading=\"lazy\" decoding=\"async\" class=\"alignnone wp-image-7911\" src=\"https:\/\/www.cm-evora.pt\/wp-content\/uploads\/2020\/06\/empreendimentos-turisticos-300x170.jpg\" alt=\"\" width=\"902\" height=\"511\" srcset=\"https:\/\/www.cm-evora.pt\/wp-content\/uploads\/2020\/06\/empreendimentos-turisticos-300x170.jpg 300w, https:\/\/www.cm-evora.pt\/wp-content\/uploads\/2020\/06\/empreendimentos-turisticos.jpg 639w\" sizes=\"auto, (max-width: 902px) 100vw, 902px\" \/><\/a><\/h2>\n<p>&nbsp;<\/p>\n<h3 style=\"text-align: center\"><strong>Empreendimentos tur\u00edsticos, licenciamento, placas de classifica\u00e7\u00e3o<\/strong><\/h3>\n<p><\/p>","protected":false},"excerpt":{"rendered":"<p>&nbsp; Empreendimentos tur\u00edsticos, licenciamento, placas de classifica\u00e7\u00e3o<\/p>\n","protected":false},"author":1,"featured_media":7911,"parent":1361,"menu_order":1,"comment_status":"closed","ping_status":"closed","template":"templates-map\/component-text-list-layout1.php","meta":{"_acf_changed":false,"footnotes":""},"categories":[],"class_list":["post-2819","page","type-page","status-publish","has-post-thumbnail","hentry"],"acf":[],"_links":{"self":[{"href":"https:\/\/www.cm-evora.pt\/en\/wp-json\/wp\/v2\/pages\/2819","targetHints":{"allow":["GET"]}}],"collection":[{"href":"https:\/\/www.cm-evora.pt\/en\/wp-json\/wp\/v2\/pages"}],"about":[{"href":"https:\/\/www.cm-evora.pt\/en\/wp-json\/wp\/v2\/types\/page"}],"author":[{"embeddable":true,"href":"https:\/\/www.cm-evora.pt\/en\/wp-json\/wp\/v2\/users\/1"}],"replies":[{"embeddable":true,"href":"https:\/\/www.cm-evora.pt\/en\/wp-json\/wp\/v2\/comments?post=2819"}],"version-history":[{"count":14,"href":"https:\/\/www.cm-evora.pt\/en\/wp-json\/wp\/v2\/pages\/2819\/revisions"}],"predecessor-version":[{"id":80626,"href":"https:\/\/www.cm-evora.pt\/en\/wp-json\/wp\/v2\/pages\/2819\/revisions\/80626"}],"up":[{"embeddable":true,"href":"https:\/\/www.cm-evora.pt\/en\/wp-json\/wp\/v2\/pages\/1361"}],"wp:featuredmedia":[{"embeddable":true,"href":"https:\/\/www.cm-evora.pt\/en\/wp-json\/wp\/v2\/media\/7911"}],"wp:attachment":[{"href":"https:\/\/www.cm-evora.pt\/en\/wp-json\/wp\/v2\/media?parent=2819"}],"wp:term":[{"taxonomy":"category","embeddable":true,"href":"https:\/\/www.cm-evora.pt\/en\/wp-json\/wp\/v2\/categories?post=2819"}],"curies":[{"name":"wp","href":"https:\/\/api.w.org\/{rel}","templated":true}]}}