{"id":28554,"date":"2021-11-04T13:21:50","date_gmt":"2021-11-04T13:21:50","guid":{"rendered":"https:\/\/www.cm-evora.pt\/?page_id=28554"},"modified":"2025-01-13T10:47:42","modified_gmt":"2025-01-13T10:47:42","slug":"projeto-municipal-de-voluntariado-ambiental","status":"publish","type":"page","link":"https:\/\/www.cm-evora.pt\/en\/municipe\/areas-de-acao\/juventude\/programas-e-iniciativaspara-a-juventude\/projeto-municipal-de-voluntariado-ambiental\/","title":{"rendered":"Projeto Municipal de Voluntariado Ambiental"},"content":{"rendered":"<p style=\"text-align: center\"><a href=\"https:\/\/www.cm-evora.pt\/wp-content\/uploads\/2023\/02\/BannerProgramaMunAcaoAmbientalParaJovens.jpg\" target=\"_blank\" rel=\"noopener\"><img loading=\"lazy\" decoding=\"async\" class=\"alignnone wp-image-45707 size-full\" src=\"https:\/\/www.cm-evora.pt\/wp-content\/uploads\/2023\/02\/BannerProgramaMunAcaoAmbientalParaJovens.jpg\" alt=\"\" width=\"1921\" height=\"666\" srcset=\"https:\/\/www.cm-evora.pt\/wp-content\/uploads\/2023\/02\/BannerProgramaMunAcaoAmbientalParaJovens.jpg 1921w, https:\/\/www.cm-evora.pt\/wp-content\/uploads\/2023\/02\/BannerProgramaMunAcaoAmbientalParaJovens-300x104.jpg 300w, https:\/\/www.cm-evora.pt\/wp-content\/uploads\/2023\/02\/BannerProgramaMunAcaoAmbientalParaJovens-1024x355.jpg 1024w, https:\/\/www.cm-evora.pt\/wp-content\/uploads\/2023\/02\/BannerProgramaMunAcaoAmbientalParaJovens-768x266.jpg 768w, https:\/\/www.cm-evora.pt\/wp-content\/uploads\/2023\/02\/BannerProgramaMunAcaoAmbientalParaJovens-1536x533.jpg 1536w, https:\/\/www.cm-evora.pt\/wp-content\/uploads\/2023\/02\/BannerProgramaMunAcaoAmbientalParaJovens-1320x458.jpg 1320w\" sizes=\"auto, (max-width: 1921px) 100vw, 1921px\" \/><\/a><\/p>\n<p><strong>\u00a0<\/strong><\/p>\n<p><span style=\"color: #339966\"><strong>\u201c\u00c9vora uma cidade que \u00e9 tua\u2026\u201d<\/strong><\/span> \u00e9 uma iniciativa para apoiar pequenas iniciativas espont\u00e2neas dos jovens na \u00e1rea ambiental.<\/p>\n<p>O ambiente \u00e9 um tema que projeta o futuro e como tal altamente mobilizador. \u00c9 esta for\u00e7a mobilizadora que deve ser reconhecida e valorizada no sentido da constru\u00e7\u00e3o de um novo paradigma da sociedade como um todo em rela\u00e7\u00e3o \u00e0s quest\u00f5es ambientais e de desenvolvimento sustent\u00e1vel.<\/p>\n<p>Nesse sentido delineou-se o projeto <strong>\u201c\u00c9vora, uma cidade que \u00e9 tua \u2026\u201d<\/strong> que apresenta como principal miss\u00e3o sensibilizar e capacitar os jovens para as quest\u00f5es ambientais, bem como para a import\u00e2ncia da utiliza\u00e7\u00e3o, preserva\u00e7\u00e3o e conserva\u00e7\u00e3o do espa\u00e7o publico.<\/p>\n<p>O espa\u00e7o p\u00fablico deve ser um local que os jovens possam desfrutar em plena liberdade, que sintam como seu, de que se apropriem e fa\u00e7a parte da constru\u00e7\u00e3o da sua identidade.<\/p>\n<p>Igualmente importante \u00e9 a constru\u00e7\u00e3o de um sentimento de respeito, aten\u00e7\u00e3o e valoriza\u00e7\u00e3o desse mesmo espa\u00e7o, assumindo-se que sendo de todos \u00e9 tamb\u00e9m de todos a obriga\u00e7\u00e3o da sua conserva\u00e7\u00e3o e preserva\u00e7\u00e3o.<\/p>\n<p>Mais informa\u00e7\u00f5es: <a href=\"https:\/\/www.facebook.com\/pontojovem.evora\" target=\"_blank\" rel=\"noopener\">Ponto Jovem<\/a> ou <a href=\"mailto:palavraj@cm-evora.pt\" target=\"_blank\" rel=\"noopener\">palavraj@cm-evora.pt<\/a><\/p>\n<p>&nbsp;<\/p>\n","protected":false},"excerpt":{"rendered":"<p>\u00a0 \u201c\u00c9vora uma cidade que \u00e9 tua\u2026\u201d \u00e9 uma iniciativa para apoiar pequenas iniciativas espont\u00e2neas dos jovens na \u00e1rea ambiental. O ambiente \u00e9 um tema que projeta o futuro e como tal altamente mobilizador. \u00c9 esta for\u00e7a mobilizadora que deve ser reconhecida e valorizada no sentido da constru\u00e7\u00e3o de um novo paradigma da sociedade como [&hellip;]<\/p>\n","protected":false},"author":45,"featured_media":0,"parent":2511,"menu_order":10,"comment_status":"closed","ping_status":"closed","template":"templates-map\/component-text-layout1.php","meta":{"_acf_changed":false,"footnotes":""},"categories":[],"class_list":["post-28554","page","type-page","status-publish","hentry"],"acf":{"imagens":"","titulo_docs_seccao":"","documentos":""},"_links":{"self":[{"href":"https:\/\/www.cm-evora.pt\/en\/wp-json\/wp\/v2\/pages\/28554","targetHints":{"allow":["GET"]}}],"collection":[{"href":"https:\/\/www.cm-evora.pt\/en\/wp-json\/wp\/v2\/pages"}],"about":[{"href":"https:\/\/www.cm-evora.pt\/en\/wp-json\/wp\/v2\/types\/page"}],"author":[{"embeddable":true,"href":"https:\/\/www.cm-evora.pt\/en\/wp-json\/wp\/v2\/users\/45"}],"replies":[{"embeddable":true,"href":"https:\/\/www.cm-evora.pt\/en\/wp-json\/wp\/v2\/comments?post=28554"}],"version-history":[{"count":14,"href":"https:\/\/www.cm-evora.pt\/en\/wp-json\/wp\/v2\/pages\/28554\/revisions"}],"predecessor-version":[{"id":69979,"href":"https:\/\/www.cm-evora.pt\/en\/wp-json\/wp\/v2\/pages\/28554\/revisions\/69979"}],"up":[{"embeddable":true,"href":"https:\/\/www.cm-evora.pt\/en\/wp-json\/wp\/v2\/pages\/2511"}],"wp:attachment":[{"href":"https:\/\/www.cm-evora.pt\/en\/wp-json\/wp\/v2\/media?parent=28554"}],"wp:term":[{"taxonomy":"category","embeddable":true,"href":"https:\/\/www.cm-evora.pt\/en\/wp-json\/wp\/v2\/categories?post=28554"}],"curies":[{"name":"wp","href":"https:\/\/api.w.org\/{rel}","templated":true}]}}