{"id":2879,"date":"2020-02-04T10:31:26","date_gmt":"2020-02-04T10:31:26","guid":{"rendered":"https:\/\/evora2.int.skilltech.pt\/susProjects\/wp_evora2_suite\/?page_id=2879"},"modified":"2026-01-07T15:18:31","modified_gmt":"2026-01-07T15:18:31","slug":"feiras-mercados-e-venda-ambulante","status":"publish","type":"page","link":"https:\/\/www.cm-evora.pt\/en\/investidor\/mercados-e-feiras\/feiras-mercados-e-venda-ambulante\/","title":{"rendered":"(Portugu\u00eas) Feiras, Mercados e Venda Ambulante"},"content":{"rendered":"<p class=\"qtranxs-available-languages-message qtranxs-available-languages-message-en\">Sorry, this entry is only available in <a href=\"https:\/\/www.cm-evora.pt\/pt\/wp-json\/wp\/v2\/pages\/2879\" class=\"qtranxs-available-language-link qtranxs-available-language-link-pt\" title=\"Portugu\u00eas\">Portugu\u00eas<\/a>.<\/p><p><strong><span class=\"ms-rteFontSize-2\">\u200b<a href=\"https:\/\/www.cm-evora.pt\/wp-content\/uploads\/2021\/01\/sacos.jpg\"><img loading=\"lazy\" decoding=\"async\" class=\"alignnone size-full wp-image-20093\" src=\"https:\/\/www.cm-evora.pt\/wp-content\/uploads\/2021\/01\/sacos.jpg\" alt=\"\" width=\"2048\" height=\"1365\" srcset=\"https:\/\/www.cm-evora.pt\/wp-content\/uploads\/2021\/01\/sacos.jpg 2048w, https:\/\/www.cm-evora.pt\/wp-content\/uploads\/2021\/01\/sacos-300x200.jpg 300w, https:\/\/www.cm-evora.pt\/wp-content\/uploads\/2021\/01\/sacos-1024x683.jpg 1024w, https:\/\/www.cm-evora.pt\/wp-content\/uploads\/2021\/01\/sacos-768x512.jpg 768w, https:\/\/www.cm-evora.pt\/wp-content\/uploads\/2021\/01\/sacos-1536x1024.jpg 1536w, https:\/\/www.cm-evora.pt\/wp-content\/uploads\/2021\/01\/sacos-1320x880.jpg 1320w\" sizes=\"auto, (max-width: 2048px) 100vw, 2048px\" \/><\/a><\/span><\/strong><\/p>\n<p><strong><span class=\"ms-rteFontSize-2\">Feiras, Mercados \u00a0e Venda Ambulante<\/span><\/strong><\/p>\n<p align=\"justify\"><span style=\"text-decoration: underline\">Local<\/span>: Rossio de S. Br\u00e1s<br \/>\n<span style=\"text-decoration: underline\">Hor\u00e1rio<\/span>: 6h30 \u2013 18h00, segundas ter\u00e7as-feiras de cada m\u00eas, em todos os meses do ano, \u00e0 excep\u00e7\u00e3o dos meses de Junho e Julho (Art\u00ba. 4\u00ba do Regulamento Municipal do Mercado Tempor\u00e1rio de \u00c9vora).<\/p>\n<p align=\"justify\"><strong><span class=\"ms-rteFontSize-2\">Mercados Tempor\u00e1rios de Produtos Agr\u00edcolas<\/span><\/strong><\/p>\n<p align=\"justify\">\u200b<span style=\"text-decoration: underline\">Local<\/span>: Pra\u00e7a 1\u00ba de Maio e Corunheiras (B\u200bacelo)<br \/>\n<span style=\"text-decoration: underline\">Hor\u00e1rio<\/span>: 07h00 \u2013 13h00, todos os S\u00e1bados<\/p>\n<p><\/p>","protected":false},"excerpt":{"rendered":"<p>Sorry, this entry is only available in Portugu\u00eas.\u200b Feiras, Mercados \u00a0e Venda Ambulante Local: Rossio de S. Br\u00e1s Hor\u00e1rio: 6h30 \u2013 18h00, segundas ter\u00e7as-feiras de cada m\u00eas, em todos os meses do ano, \u00e0 excep\u00e7\u00e3o dos meses de Junho e Julho (Art\u00ba. 4\u00ba do Regulamento Municipal do Mercado Tempor\u00e1rio de \u00c9vora). Mercados Tempor\u00e1rios de Produtos [&hellip;]<\/p>\n","protected":false},"author":1,"featured_media":8441,"parent":1365,"menu_order":3,"comment_status":"closed","ping_status":"closed","template":"templates-map\/component-text-layout1.php","meta":{"_acf_changed":false,"footnotes":""},"categories":[],"class_list":["post-2879","page","type-page","status-publish","has-post-thumbnail","hentry"],"acf":{"imagens":"","titulo_docs_seccao":"","documentos":[30573,8442]},"_links":{"self":[{"href":"https:\/\/www.cm-evora.pt\/en\/wp-json\/wp\/v2\/pages\/2879","targetHints":{"allow":["GET"]}}],"collection":[{"href":"https:\/\/www.cm-evora.pt\/en\/wp-json\/wp\/v2\/pages"}],"about":[{"href":"https:\/\/www.cm-evora.pt\/en\/wp-json\/wp\/v2\/types\/page"}],"author":[{"embeddable":true,"href":"https:\/\/www.cm-evora.pt\/en\/wp-json\/wp\/v2\/users\/1"}],"replies":[{"embeddable":true,"href":"https:\/\/www.cm-evora.pt\/en\/wp-json\/wp\/v2\/comments?post=2879"}],"version-history":[{"count":12,"href":"https:\/\/www.cm-evora.pt\/en\/wp-json\/wp\/v2\/pages\/2879\/revisions"}],"predecessor-version":[{"id":31383,"href":"https:\/\/www.cm-evora.pt\/en\/wp-json\/wp\/v2\/pages\/2879\/revisions\/31383"}],"up":[{"embeddable":true,"href":"https:\/\/www.cm-evora.pt\/en\/wp-json\/wp\/v2\/pages\/1365"}],"acf:post":[{"embeddable":true,"href":"https:\/\/www.cm-evora.pt\/en\/wp-json\/wp\/v2\/listas_ficheiros\/8442"},{"embeddable":true,"href":"https:\/\/www.cm-evora.pt\/en\/wp-json\/wp\/v2\/listas_ficheiros\/30573"}],"wp:featuredmedia":[{"embeddable":true,"href":"https:\/\/www.cm-evora.pt\/en\/wp-json\/wp\/v2\/media\/8441"}],"wp:attachment":[{"href":"https:\/\/www.cm-evora.pt\/en\/wp-json\/wp\/v2\/media?parent=2879"}],"wp:term":[{"taxonomy":"category","embeddable":true,"href":"https:\/\/www.cm-evora.pt\/en\/wp-json\/wp\/v2\/categories?post=2879"}],"curies":[{"name":"wp","href":"https:\/\/api.w.org\/{rel}","templated":true}]}}