{"id":2883,"date":"2020-02-04T10:32:04","date_gmt":"2020-02-04T10:32:04","guid":{"rendered":"https:\/\/evora2.int.skilltech.pt\/susProjects\/wp_evora2_suite\/?page_id=2883"},"modified":"2026-02-24T16:02:01","modified_gmt":"2026-02-24T16:02:01","slug":"feira-de-s-joao","status":"publish","type":"page","link":"https:\/\/www.cm-evora.pt\/en\/investidor\/mercados-e-feiras\/feira-de-s-joao\/","title":{"rendered":"Feira de S. Jo\u00e3o"},"content":{"rendered":"<p class=\"qtranxs-available-languages-message qtranxs-available-languages-message-en\">Sorry, this entry is only available in <a href=\"https:\/\/www.cm-evora.pt\/pt\/wp-json\/wp\/v2\/pages\/2883\" class=\"qtranxs-available-language-link qtranxs-available-language-link-pt\" title=\"Portugu\u00eas\">Portugu\u00eas<\/a>.<\/p><p><\/p>\n<p style=\"text-align: center\"><strong>Feira de S. Jo\u00e3o 2026<\/strong><\/p>\n<p>A C\u00e2mara Municipal de \u00c9vora, no exerc\u00edcio das atribui\u00e7\u00f5es que lhe s\u00e3o conferidas pelo artigo 33\u00ba, n\u00ba 1, al\u00edneas u) e ff) do Regime Jur\u00eddico das Autarquias Locais, aprovado pela Lei n.\u00ba 75\/2013, de 12 de Setembro, com as altera\u00e7\u00f5es introduzidas pelas Retifica\u00e7\u00f5es n.\u00ba 46-C\/2013, de 1 de Novembro e 50-A\/2013, de 11 de Novembro e pelas Leis n\u00bas 25\/2015, de 30 de mar\u00e7o e 69\/2015, de 16 de julho, Lei n.\u00ba 7-A\/2016, de 30\/03, Lei n.\u00ba 42\/2016, de 28\/12 e Lei n.\u00ba 50\/2018, de 16\/08 e de harmonia com a delibera\u00e7\u00e3o de 19 de Fevereiro 2026, torna p\u00fablico que a Feira de S. Jo\u00e3o 2026 ter\u00e1 lugar nesta cidade, no Rossio de S. Br\u00e1s, de <strong>23 junho a 05 de julho<\/strong>, inclusive, sob o tema &#8220;<strong>\u00c9vora: Capital Europeia ao Sul<\/strong>&#8220;.<\/p>\n<p>Os concorrentes, parceiros e agentes com participa\u00e7\u00e3o ou atividade no certame ficam subordinados as condi\u00e7\u00f5es expressas no presente Edital.<\/p>\n<p>&nbsp;<\/p>\n<p><a href=\"https:\/\/www.cm-evora.pt\/wp-content\/uploads\/2024\/03\/IMG-20230628-WA0036.jpg\"><img loading=\"lazy\" decoding=\"async\" class=\"alignnone wp-image-58921 size-full\" title=\"Feira de S. Jo\u00e3o\" src=\"https:\/\/www.cm-evora.pt\/wp-content\/uploads\/2024\/03\/IMG-20230628-WA0036.jpg\" alt=\"Feira de S. Jo\u00e3o 2024 no Rossio de S. Br\u00e1s\" width=\"1600\" height=\"1000\" srcset=\"https:\/\/www.cm-evora.pt\/wp-content\/uploads\/2024\/03\/IMG-20230628-WA0036.jpg 1600w, https:\/\/www.cm-evora.pt\/wp-content\/uploads\/2024\/03\/IMG-20230628-WA0036-300x188.jpg 300w, https:\/\/www.cm-evora.pt\/wp-content\/uploads\/2024\/03\/IMG-20230628-WA0036-1024x640.jpg 1024w, https:\/\/www.cm-evora.pt\/wp-content\/uploads\/2024\/03\/IMG-20230628-WA0036-768x480.jpg 768w, https:\/\/www.cm-evora.pt\/wp-content\/uploads\/2024\/03\/IMG-20230628-WA0036-1536x960.jpg 1536w, https:\/\/www.cm-evora.pt\/wp-content\/uploads\/2024\/03\/IMG-20230628-WA0036-1320x825.jpg 1320w\" sizes=\"auto, (max-width: 1600px) 100vw, 1600px\" \/><\/a><\/p>\n<div class=\"html-div xdj266r x11i5rnm xat24cr x1mh8g0r xexx8yu x4uap5 x18d9i69 xkhd6sd\" dir=\"auto\">\n<div class=\"html-div xdj266r x11i5rnm xat24cr x1mh8g0r xexx8yu x4uap5 x18d9i69 xkhd6sd\" data-ad-rendering-role=\"story_message\">\n<div id=\"\u00abR5alqllajaqillkqismipapd5aqH2\u00bb\" class=\"x1l90r2v x1iorvi4 x1ye3gou xn6708d\" data-ad-comet-preview=\"message\" data-ad-preview=\"message\">\n<div class=\"x78zum5 xdt5ytf xz62fqu x16ldp7u\">\n<div class=\"xu06os2 x1ok221b\">\n<div class=\"xdj266r x11i5rnm xat24cr x1mh8g0r x1vvkbs x126k92a\">\n<div dir=\"auto\"><\/div>\n<\/div>\n<\/div>\n<\/div>\n<\/div>\n<\/div>\n<\/div>\n<p><\/p>","protected":false},"excerpt":{"rendered":"<p>Sorry, this entry is only available in Portugu\u00eas. Feira de S. Jo\u00e3o 2026 A C\u00e2mara Municipal de \u00c9vora, no exerc\u00edcio das atribui\u00e7\u00f5es que lhe s\u00e3o conferidas pelo artigo 33\u00ba, n\u00ba 1, al\u00edneas u) e ff) do Regime Jur\u00eddico das Autarquias Locais, aprovado pela Lei n.\u00ba 75\/2013, de 12 de Setembro, com as altera\u00e7\u00f5es introduzidas pelas [&hellip;]<\/p>\n","protected":false},"author":1,"featured_media":8390,"parent":1365,"menu_order":1,"comment_status":"closed","ping_status":"closed","template":"templates-map\/component-text-list-layout2.php","meta":{"_acf_changed":false,"footnotes":""},"categories":[],"class_list":["post-2883","page","type-page","status-publish","has-post-thumbnail","hentry"],"acf":[],"_links":{"self":[{"href":"https:\/\/www.cm-evora.pt\/en\/wp-json\/wp\/v2\/pages\/2883","targetHints":{"allow":["GET"]}}],"collection":[{"href":"https:\/\/www.cm-evora.pt\/en\/wp-json\/wp\/v2\/pages"}],"about":[{"href":"https:\/\/www.cm-evora.pt\/en\/wp-json\/wp\/v2\/types\/page"}],"author":[{"embeddable":true,"href":"https:\/\/www.cm-evora.pt\/en\/wp-json\/wp\/v2\/users\/1"}],"replies":[{"embeddable":true,"href":"https:\/\/www.cm-evora.pt\/en\/wp-json\/wp\/v2\/comments?post=2883"}],"version-history":[{"count":50,"href":"https:\/\/www.cm-evora.pt\/en\/wp-json\/wp\/v2\/pages\/2883\/revisions"}],"predecessor-version":[{"id":81930,"href":"https:\/\/www.cm-evora.pt\/en\/wp-json\/wp\/v2\/pages\/2883\/revisions\/81930"}],"up":[{"embeddable":true,"href":"https:\/\/www.cm-evora.pt\/en\/wp-json\/wp\/v2\/pages\/1365"}],"wp:featuredmedia":[{"embeddable":true,"href":"https:\/\/www.cm-evora.pt\/en\/wp-json\/wp\/v2\/media\/8390"}],"wp:attachment":[{"href":"https:\/\/www.cm-evora.pt\/en\/wp-json\/wp\/v2\/media?parent=2883"}],"wp:term":[{"taxonomy":"category","embeddable":true,"href":"https:\/\/www.cm-evora.pt\/en\/wp-json\/wp\/v2\/categories?post=2883"}],"curies":[{"name":"wp","href":"https:\/\/api.w.org\/{rel}","templated":true}]}}