{"id":2950,"date":"2020-02-04T10:54:55","date_gmt":"2020-02-04T10:54:55","guid":{"rendered":"https:\/\/evora2.int.skilltech.pt\/susProjects\/wp_evora2_suite\/?page_id=2950"},"modified":"2023-04-26T14:21:07","modified_gmt":"2023-04-26T13:21:07","slug":"app-municipio-de-evora","status":"archive","type":"page","link":"https:\/\/www.cm-evora.pt\/en\/servicos\/comunicacao-de-ocorrencias\/app-municipio-de-evora\/","title":{"rendered":"Archived: APP Munic\u00edpio de \u00c9vora"},"content":{"rendered":"<p><span class=\"ms-rteThemeForeColor-4-5\">A C\u00e2mara de \u00c9vora tem uma aplica\u00e7\u00e3o gratuita para smartphone, compat\u00edvel com os sistemas operativos: Android e iOS.<\/span><\/p>\n<p style=\"text-align: center\"><a href=\"https:\/\/www.cm-evora.pt\/wp-content\/uploads\/2021\/01\/Site_NovaAPP-24.png\"><img loading=\"lazy\" decoding=\"async\" class=\"alignnone size-full wp-image-20098\" src=\"https:\/\/www.cm-evora.pt\/wp-content\/uploads\/2021\/01\/Site_NovaAPP-24.png\" alt=\"\" width=\"2251\" height=\"1276\" srcset=\"https:\/\/www.cm-evora.pt\/wp-content\/uploads\/2021\/01\/Site_NovaAPP-24.png 2251w, https:\/\/www.cm-evora.pt\/wp-content\/uploads\/2021\/01\/Site_NovaAPP-24-300x170.png 300w, https:\/\/www.cm-evora.pt\/wp-content\/uploads\/2021\/01\/Site_NovaAPP-24-1024x580.png 1024w, https:\/\/www.cm-evora.pt\/wp-content\/uploads\/2021\/01\/Site_NovaAPP-24-768x435.png 768w, https:\/\/www.cm-evora.pt\/wp-content\/uploads\/2021\/01\/Site_NovaAPP-24-1536x871.png 1536w, https:\/\/www.cm-evora.pt\/wp-content\/uploads\/2021\/01\/Site_NovaAPP-24-2048x1161.png 2048w, https:\/\/www.cm-evora.pt\/wp-content\/uploads\/2021\/01\/Site_NovaAPP-24-1320x748.png 1320w\" sizes=\"auto, (max-width: 2251px) 100vw, 2251px\" \/><\/a><\/p>\n<p><span class=\"ms-rteThemeForeColor-4-5\">Esta aplica\u00e7\u00e3o visa a publicita\u00e7\u00e3o de not\u00edcias e eventos, divulga\u00e7\u00e3o de informa\u00e7\u00f5es e promo\u00e7\u00e3o tur\u00edstica e cultural do Munic\u00edpio de \u00c9vora. O conjunto de funcionalidades disponibilizadas permite \u00e0 autarquia comunicar e receber feedback direto dos mun\u00edcipes atrav\u00e9s da disponibiliza\u00e7\u00e3o de alguns servi\u00e7os.<\/span><\/p>\n<p><span class=\"ms-rteThemeForeColor-4-5\">Com esta ferramenta todos aqueles que vivem, trabalham e visitam \u00c9vora, passam a dispor de uma forma instant\u00e2nea e intuitiva de intera\u00e7\u00e3o com o munic\u00edpio. Informa\u00e7\u00e3o \u00fatil sobre o concelho, patrim\u00f3nio, gastronomia, onde comer, dormir e o que visitar, s\u00e3o apenas algumas das in\u00fameras funcionalidades da aplica\u00e7\u00e3o.\u200b<\/span><\/p>\n<p><span class=\"ms-rteThemeForeColor-4-5\">\u00c0 dist\u00e2ncia de um toque passa\u200b a estar a possibilidade de, em tempo real, o cidad\u00e3o comunicar ocorr\u00eancias (roturas de \u00e1gua, queda de sinaliza\u00e7\u00e3o) ou, simplesmente receber as not\u00edcias e alertas emitidos pela autarquia.<\/span><\/p>\n<p><span class=\"ms-rteThemeForeColor-4-5\">Para fazer a instala\u00e7\u00e3o precisa apenas de aceder \u00e0 &#8220;loja&#8221; do seu smartphone, pesquisar por \u00c9vora e descarregar o ficheiro.<\/span><\/p>\n<p><span class=\"ms-rteThemeForeColor-4-5\">A aplica\u00e7\u00e3o pode ser descarregada aqui:<\/span><\/p>\n<p style=\"text-align: center\"><a href=\"https:\/\/itunes.apple.com\/br\/app\/municipio-de-evora\/id1123983063?mt=8\" target=\"_blank\" rel=\"noopener noreferrer\"><img loading=\"lazy\" decoding=\"async\" class=\"alignnone wp-image-18524 size-full\" src=\"https:\/\/www.cm-evora.pt\/wp-content\/uploads\/2021\/01\/appstore.jpg\" alt=\"\" width=\"124\" height=\"43\" \/><\/a> <a href=\"https:\/\/play.google.com\/\" target=\"_blank\" rel=\"noopener noreferrer\"><img loading=\"lazy\" decoding=\"async\" class=\"alignnone wp-image-18525 size-full\" src=\"https:\/\/www.cm-evora.pt\/wp-content\/uploads\/2021\/01\/google-pl.jpg\" alt=\"\" width=\"124\" height=\"42\" \/><\/a><\/p>\n","protected":false},"excerpt":{"rendered":"<p>A C\u00e2mara de \u00c9vora tem uma aplica\u00e7\u00e3o gratuita para smartphone, compat\u00edvel com os sistemas operativos: Android e iOS. Esta aplica\u00e7\u00e3o visa a publicita\u00e7\u00e3o de not\u00edcias e eventos, divulga\u00e7\u00e3o de informa\u00e7\u00f5es e promo\u00e7\u00e3o tur\u00edstica e cultural do Munic\u00edpio de \u00c9vora. O conjunto de funcionalidades disponibilizadas permite \u00e0 autarquia comunicar e receber feedback direto dos mun\u00edcipes atrav\u00e9s [&hellip;]<\/p>\n","protected":false},"author":1,"featured_media":8628,"parent":2288,"menu_order":0,"comment_status":"closed","ping_status":"closed","template":"templates-map\/component-text-layout1.php","meta":{"_acf_changed":false,"footnotes":""},"categories":[],"class_list":["post-2950","page","type-page","status-archive","has-post-thumbnail","hentry"],"acf":{"imagens":"","titulo_docs_seccao":"","documentos":""},"_links":{"self":[{"href":"https:\/\/www.cm-evora.pt\/en\/wp-json\/wp\/v2\/pages\/2950","targetHints":{"allow":["GET"]}}],"collection":[{"href":"https:\/\/www.cm-evora.pt\/en\/wp-json\/wp\/v2\/pages"}],"about":[{"href":"https:\/\/www.cm-evora.pt\/en\/wp-json\/wp\/v2\/types\/page"}],"author":[{"embeddable":true,"href":"https:\/\/www.cm-evora.pt\/en\/wp-json\/wp\/v2\/users\/1"}],"replies":[{"embeddable":true,"href":"https:\/\/www.cm-evora.pt\/en\/wp-json\/wp\/v2\/comments?post=2950"}],"version-history":[{"count":10,"href":"https:\/\/www.cm-evora.pt\/en\/wp-json\/wp\/v2\/pages\/2950\/revisions"}],"predecessor-version":[{"id":48298,"href":"https:\/\/www.cm-evora.pt\/en\/wp-json\/wp\/v2\/pages\/2950\/revisions\/48298"}],"up":[{"embeddable":true,"href":"https:\/\/www.cm-evora.pt\/en\/wp-json\/wp\/v2\/pages\/2288"}],"wp:featuredmedia":[{"embeddable":true,"href":"https:\/\/www.cm-evora.pt\/en\/wp-json\/wp\/v2\/media\/8628"}],"wp:attachment":[{"href":"https:\/\/www.cm-evora.pt\/en\/wp-json\/wp\/v2\/media?parent=2950"}],"wp:term":[{"taxonomy":"category","embeddable":true,"href":"https:\/\/www.cm-evora.pt\/en\/wp-json\/wp\/v2\/categories?post=2950"}],"curies":[{"name":"wp","href":"https:\/\/api.w.org\/{rel}","templated":true}]}}