{"id":2952,"date":"2020-02-04T10:55:19","date_gmt":"2020-02-04T10:55:19","guid":{"rendered":"https:\/\/evora2.int.skilltech.pt\/susProjects\/wp_evora2_suite\/?page_id=2952"},"modified":"2023-04-26T14:21:12","modified_gmt":"2023-04-26T13:21:12","slug":"a-minha-rua","status":"archive","type":"page","link":"https:\/\/www.cm-evora.pt\/en\/servicos\/comunicacao-de-ocorrencias\/a-minha-rua\/","title":{"rendered":"Archived: A Minha Rua"},"content":{"rendered":"<h4>Aceda ao Portal do Cidad\u00e3o e comunique \u00e0 C\u00e2mara Municipal de \u00c9vora os problemas da sua rua.<\/h4>\n<p style=\"text-align: center\"><a href=\"https:\/\/www.cm-evora.pt\/wp-content\/uploads\/2021\/01\/aminharua2.jpg\"><img loading=\"lazy\" decoding=\"async\" class=\"alignnone size-full wp-image-18779\" src=\"https:\/\/www.cm-evora.pt\/wp-content\/uploads\/2021\/01\/aminharua2.jpg\" alt=\"\" width=\"639\" height=\"362\" srcset=\"https:\/\/www.cm-evora.pt\/wp-content\/uploads\/2021\/01\/aminharua2.jpg 639w, https:\/\/www.cm-evora.pt\/wp-content\/uploads\/2021\/01\/aminharua2-300x170.jpg 300w\" sizes=\"auto, (max-width: 639px) 100vw, 639px\" \/><\/a><\/p>\n<p>&#8220;A MINHA RUA&#8221; permite aos cidad\u00e3os reportar as mais variadas situa\u00e7\u00f5es relativas a espa\u00e7os p\u00fablicos, desde a ilumina\u00e7\u00e3o, jardins, passando por ve\u00edculos abandonados ou a recolha de electrodom\u00e9sticos danificados. Com fotografia ou apenas em te\u200bxto, todos os relatos s\u00e3o encaminhados para a autarquia selecionada, que lhe dar\u00e1 conhecimento sobre o processo e eventual resolu\u00e7\u00e3o do problema.<\/p>\n","protected":false},"excerpt":{"rendered":"<p>Aceda ao Portal do Cidad\u00e3o e comunique \u00e0 C\u00e2mara Municipal de \u00c9vora os problemas da sua rua. &#8220;A MINHA RUA&#8221; permite aos cidad\u00e3os reportar as mais variadas situa\u00e7\u00f5es relativas a espa\u00e7os p\u00fablicos, desde a ilumina\u00e7\u00e3o, jardins, passando por ve\u00edculos abandonados ou a recolha de electrodom\u00e9sticos danificados. Com fotografia ou apenas em te\u200bxto, todos os relatos [&hellip;]<\/p>\n","protected":false},"author":1,"featured_media":8626,"parent":2288,"menu_order":1,"comment_status":"closed","ping_status":"closed","template":"templates-map\/component-text-layout1.php","meta":{"_acf_changed":false,"footnotes":""},"categories":[],"class_list":["post-2952","page","type-page","status-archive","has-post-thumbnail","hentry"],"acf":{"imagens":"","titulo_docs_seccao":"","documentos":""},"_links":{"self":[{"href":"https:\/\/www.cm-evora.pt\/en\/wp-json\/wp\/v2\/pages\/2952","targetHints":{"allow":["GET"]}}],"collection":[{"href":"https:\/\/www.cm-evora.pt\/en\/wp-json\/wp\/v2\/pages"}],"about":[{"href":"https:\/\/www.cm-evora.pt\/en\/wp-json\/wp\/v2\/types\/page"}],"author":[{"embeddable":true,"href":"https:\/\/www.cm-evora.pt\/en\/wp-json\/wp\/v2\/users\/1"}],"replies":[{"embeddable":true,"href":"https:\/\/www.cm-evora.pt\/en\/wp-json\/wp\/v2\/comments?post=2952"}],"version-history":[{"count":4,"href":"https:\/\/www.cm-evora.pt\/en\/wp-json\/wp\/v2\/pages\/2952\/revisions"}],"predecessor-version":[{"id":48297,"href":"https:\/\/www.cm-evora.pt\/en\/wp-json\/wp\/v2\/pages\/2952\/revisions\/48297"}],"up":[{"embeddable":true,"href":"https:\/\/www.cm-evora.pt\/en\/wp-json\/wp\/v2\/pages\/2288"}],"wp:featuredmedia":[{"embeddable":true,"href":"https:\/\/www.cm-evora.pt\/en\/wp-json\/wp\/v2\/media\/8626"}],"wp:attachment":[{"href":"https:\/\/www.cm-evora.pt\/en\/wp-json\/wp\/v2\/media?parent=2952"}],"wp:term":[{"taxonomy":"category","embeddable":true,"href":"https:\/\/www.cm-evora.pt\/en\/wp-json\/wp\/v2\/categories?post=2952"}],"curies":[{"name":"wp","href":"https:\/\/api.w.org\/{rel}","templated":true}]}}